{"id":6622,"date":"2025-03-06T10:49:31","date_gmt":"2025-03-06T09:49:31","guid":{"rendered":"https:\/\/www.patientenbeteiligung.de\/nrw\/?page_id=6622"},"modified":"2025-05-09T09:25:55","modified_gmt":"2025-05-09T07:25:55","slug":"weitere-gremien-mit-patientenbeteiligung","status":"publish","type":"page","link":"https:\/\/www.patientenbeteiligung.de\/nrw\/was-ist-patientenbeteiligung\/weitere-gremien-mit-patientenbeteiligung\/","title":{"rendered":"Weitere Gremien mit Patientenbeteiligung"},"content":{"rendered":"    <div class=\"sections alignfull   flex flex-col\">\n            <\/div>\n\n\n    <div class=\"sections alignfull   flex flex-col\">\n                                    <div class=\"section py-4 [&#038;:first-child:not(.section-columns_.section)]:pt-12 [&#038;:last-child:not(.section-columns_.section)]:pb-12 md:[&#038;:first-child:not(.section-columns_.section)]:pt-20 md:[&#038;:last-child:not(.section-columns_.section)]:pb-20\">\n                    \n<div class=\"section-text prose prose-pbt alignwide [&#038;.expanded_.read-more-text]:hidden [&#038;.expanded_.read-less-text]:inline [&#038;.expanded_.read-more-target]:!block\">\n    <div class=\" [&#038;_:first-child]:mt-0\">\n        <h2>\u00dcberblick<\/h2>\n    <\/div>\n    <\/div>                <\/div>\n                            <div class=\"section py-4 [&#038;:first-child:not(.section-columns_.section)]:pt-12 [&#038;:last-child:not(.section-columns_.section)]:pb-12 md:[&#038;:first-child:not(.section-columns_.section)]:pt-20 md:[&#038;:last-child:not(.section-columns_.section)]:pb-20\">\n                    \n<div class=\"section-text prose prose-pbt alignwide [&#038;.expanded_.read-more-text]:hidden [&#038;.expanded_.read-less-text]:inline [&#038;.expanded_.read-more-target]:!block\">\n    <div class=\" [&#038;_:first-child]:mt-0\">\n        <p>Neben den Gremien der Bedarfsplanung und Qualit\u00e4tssicherung sowie den kommunalen Gremien gibt es weitere Gremien, die von der Selbstverwaltung oder vom Gesetzgeber geschaffen wurden und in denen sich Patientenvertreter*innen einbringen.<\/p>\n    <\/div>\n    <\/div>                <\/div>\n                            <div class=\"section py-4 [&#038;:first-child:not(.section-columns_.section)]:pt-12 [&#038;:last-child:not(.section-columns_.section)]:pb-12 md:[&#038;:first-child:not(.section-columns_.section)]:pt-20 md:[&#038;:last-child:not(.section-columns_.section)]:pb-20\">\n                    \n<div class=\"section-text prose prose-pbt alignwide [&#038;.expanded_.read-more-text]:hidden [&#038;.expanded_.read-less-text]:inline [&#038;.expanded_.read-more-target]:!block\">\n    <div class=\" [&#038;_:first-child]:mt-0\">\n        <h3>Gemeinsames Landesgremium<\/h3>\n    <\/div>\n    <\/div>                <\/div>\n                            <div class=\"section py-4 [&#038;:first-child:not(.section-columns_.section)]:pt-12 [&#038;:last-child:not(.section-columns_.section)]:pb-12 md:[&#038;:first-child:not(.section-columns_.section)]:pt-20 md:[&#038;:last-child:not(.section-columns_.section)]:pb-20\">\n                    \n<div class=\"section-text prose prose-pbt alignwide [&#038;.expanded_.read-more-text]:hidden [&#038;.expanded_.read-less-text]:inline [&#038;.expanded_.read-more-target]:!block\">\n    <div class=\" [&#038;_:first-child]:mt-0\">\n        <p>Das Gemeinsame Landesgremium nach \u00a7 90a SGB V besch\u00e4ftigt sich mit Versorgungsfragen und kann vom f\u00fcr Gesundheit zust\u00e4ndigen Landesministerium eingerichtet werden. Gesetzlich vorgesehen sind in dem Gremium Vertreter*innen der Landesregierung, der Kassen\u00e4rztlichen Vereinigung, der Landesverb\u00e4nde der Krankenkassen sowie der Landeskrankenhausgesellschaft. In Nordrhein-Westfalen werden auch Patientenorganisationen beteiligt. Die Landesgremien k\u00f6nnen Empfehlungen zur sektoren\u00fcbergreifenden Versorgung abgeben und Modellprojekte initiieren.<\/p>\n    <\/div>\n    <\/div>                <\/div>\n                            <div class=\"section py-4 [&#038;:first-child:not(.section-columns_.section)]:pt-12 [&#038;:last-child:not(.section-columns_.section)]:pb-12 md:[&#038;:first-child:not(.section-columns_.section)]:pt-20 md:[&#038;:last-child:not(.section-columns_.section)]:pb-20\">\n                    \n<div class=\"section-text prose prose-pbt alignwide [&#038;.expanded_.read-more-text]:hidden [&#038;.expanded_.read-less-text]:inline [&#038;.expanded_.read-more-target]:!block\">\n    <div class=\" [&#038;_:first-child]:mt-0\">\n        <h3>PID-Kommission<\/h3>\n    <\/div>\n    <\/div>                <\/div>\n                            <div class=\"section py-4 [&#038;:first-child:not(.section-columns_.section)]:pt-12 [&#038;:last-child:not(.section-columns_.section)]:pb-12 md:[&#038;:first-child:not(.section-columns_.section)]:pt-20 md:[&#038;:last-child:not(.section-columns_.section)]:pb-20\">\n                    \n<div class=\"section-text prose prose-pbt alignwide [&#038;.expanded_.read-more-text]:hidden [&#038;.expanded_.read-less-text]:inline [&#038;.expanded_.read-more-target]:!block\">\n    <div class=\" [&#038;_:first-child]:mt-0\">\n        <p>Die Pr\u00e4implantationsdiagnostik-Kommission (kurz PID-Kommission) entscheidet \u00fcber Antr\u00e4ge zur Durchf\u00fchrung von Pr\u00e4implantationsdiagnostik in einem in Nordrhein-Westfalen zugelassenen Zentrum. Am 11. Januar 2015 ist das Pr\u00e4implantationsdiagnostikgesetz des Landes Nordrhein-Westfalen (PIDG NRW) in Kraft getreten. Es beinhaltet die landesrechtlichen Ausf\u00fchrungsbestimmungen zur Pr\u00e4implantationsdiagnostik (PID). PID ist die genetische Untersuchung eines au\u00dferhalb des K\u00f6rpers erzeugten Embryos vor dessen Implantation in die Geb\u00e4rmutter einer Frau. Sie darf nach \u00c4nderung des Embryonenschutzgesetzes (ESCHG) ausschlie\u00dflich zur Vermeidung von schweren Erbkrankheiten, Tot- oder Fehlgeburten angewendet werden. Ob die PID zul\u00e4ssig ist, entscheidet eine interdisziplin\u00e4r zusammengesetzte Ethikkommission (\u00a7 3a ESCHG in Verbindung mit \u00a7 4 der Pr\u00e4implantationsdiagnostik-Verordnung). In dieser sitzen neben vier \u00e4rztlichen Mitgliedern, einer sachverst\u00e4ndigen Person f\u00fcr Ethik, einer sachverst\u00e4ndigen Person f\u00fcr Recht auch zwei Patientenvertreter*innen plus zwei Stellvertreter*innen. Die Kommission tagt sechs Mal im Jahr f\u00fcr je zwei Stunden und ist bei der \u00c4rztekammer Nordrhein angesiedelt.<\/p>\n    <\/div>\n    <\/div>                <\/div>\n                            <div class=\"section py-4 [&#038;:first-child:not(.section-columns_.section)]:pt-12 [&#038;:last-child:not(.section-columns_.section)]:pb-12 md:[&#038;:first-child:not(.section-columns_.section)]:pt-20 md:[&#038;:last-child:not(.section-columns_.section)]:pb-20\">\n                    \n<div class=\"section-text prose prose-pbt alignwide [&#038;.expanded_.read-more-text]:hidden [&#038;.expanded_.read-less-text]:inline [&#038;.expanded_.read-more-target]:!block\">\n    <div class=\" [&#038;_:first-child]:mt-0\">\n        <h3>Erweiterte Landesaussch\u00fcsse<\/h3>\n    <\/div>\n    <\/div>                <\/div>\n                            <div class=\"section py-4 [&#038;:first-child:not(.section-columns_.section)]:pt-12 [&#038;:last-child:not(.section-columns_.section)]:pb-12 md:[&#038;:first-child:not(.section-columns_.section)]:pt-20 md:[&#038;:last-child:not(.section-columns_.section)]:pb-20\">\n                    \n<div class=\"section-text prose prose-pbt alignwide [&#038;.expanded_.read-more-text]:hidden [&#038;.expanded_.read-less-text]:inline [&#038;.expanded_.read-more-target]:!block\">\n    <div class=\" [&#038;_:first-child]:mt-0\">\n        <p>Erweiterte Landesaussch\u00fcsse befassen sich mit Zulassungsantr\u00e4gen von \u00c4rzteteams zur ambulanten spezialfach\u00e4rztlichen Versorgung (\u00a7116b SGB V). Dabei geht es insbesondere um die Behandlung schwer therapierbarer, komplexer und seltener Erkrankungen, f\u00fcr die eine spezielle fach\u00e4rztliche Qualifikation notwendig ist. Dazu geh\u00f6ren Erkrankungen wie Multiple Sklerose, Tuberkulose und HIV\/AIDS. Grunds\u00e4tzlich sollen sowohl ambulant t\u00e4tige Vertrags\u00e4rzt*innen als auch Krankenhaus\u00e4rzt*innen an der (ambulanten) Versorgung dieser Patientengruppen teilnehmen.<\/p>\n<p>Patientenvertreter*innen haben ein Mitberatungsrecht. In NRW gibt es zwei erweiterte Landesaussch\u00fcsse (Nordrhein und Westfalen-Lippe). Diese setzen sich aus den Mitgliedern der Landesaussch\u00fcsse der Bedarfsplanung und &#8211; erweitert &#8211; der Krankenhausgesellschaft NRW zusammen. Die m\u00f6glichen neun Patientenvertreter*innen je erweitertem Landesausschuss werden \u00fcber ein digitales Umlaufverfahren an den Entscheidungen beteiligt.<\/p>\n    <\/div>\n    <\/div>                <\/div>\n                            <div class=\"section\">\n                    \n<div class=\"section-spacer \"><\/div>                <\/div>\n                        <\/div>\n\n\n    <div class=\"sections alignfull bg-ultralight-green text-dark-green [&#038;_p]:text-dark-green [&#038;_p_*:not(a)]:text-dark-green  flex flex-col\">\n                                    <div class=\"section\">\n                    <div class=\"section-buttons\">\n    <div class=\"bg-ultralight-green py-8\">\n        <div class=\"alignwide\">\n            <h2 class=\"my-0\">Erfahren Sie mehr zu:<\/h2>\n        <\/div>\n    <\/div>\n            <div class=\"buttons w-full flex flex-col button-cols-1 alignfull\">\n                            \n                                    <a class=\"button flex gap-2 items-center justify-center [&#038;:nth-child(2n-1):nth-last-of-type(1)]:col-span-2 lg:[&#038;:nth-child(2n-1):not(.button-cols-1_*):not(:last-child)]:border-r-2 border-b-2 border-white\" href=\"https:\/\/www.patientenbeteiligung.de\/nrw\/was-ist-patientenbeteiligung\/\" class=\"button\">\n                                                <span>Patientenbeteiligung im Gesundheitswesen<\/span>\n                    <\/a>\n                                            \n                                    <a class=\"button flex gap-2 items-center justify-center [&#038;:nth-child(2n-1):nth-last-of-type(1)]:col-span-2 lg:[&#038;:nth-child(2n-1):not(.button-cols-1_*):not(:last-child)]:border-r-2 border-b-2 border-white\" href=\"https:\/\/www.patientenbeteiligung.de\/nrw\/was-ist-patientenbeteiligung\/patientenbeteiligung-in-der-bedarfsplanung\/\" class=\"button\">\n                                                <span>Patientenbeteiligung in der Bedarfsplanung<\/span>\n                    <\/a>\n                                            \n                                    <a class=\"button flex gap-2 items-center justify-center [&#038;:nth-child(2n-1):nth-last-of-type(1)]:col-span-2 lg:[&#038;:nth-child(2n-1):not(.button-cols-1_*):not(:last-child)]:border-r-2 border-b-2 border-white\" href=\"https:\/\/www.patientenbeteiligung.de\/nrw\/qualitatssicherung\/\" class=\"button\">\n                                                <span>Patientenbeteiligung in der Qualit\u00e4tssicherung<\/span>\n                    <\/a>\n                                            \n                                    <a class=\"button flex gap-2 items-center justify-center [&#038;:nth-child(2n-1):nth-last-of-type(1)]:col-span-2 lg:[&#038;:nth-child(2n-1):not(.button-cols-1_*):not(:last-child)]:border-r-2 border-b-2 border-white\" href=\"https:\/\/www.patientenbeteiligung.de\/nrw\/kommunale-patientenbeteiligung\/\" class=\"button\">\n                                                <span>Kommunale Patientenbeteiligung<\/span>\n                    <\/a>\n                                            \n                                    <a class=\"button flex gap-2 items-center justify-center [&#038;:nth-child(2n-1):nth-last-of-type(1)]:col-span-2 lg:[&#038;:nth-child(2n-1):not(.button-cols-1_*):not(:last-child)]:border-r-2 border-b-2 border-white\" href=\"https:\/\/www.patientenbeteiligung.de\/nrw\/patientenbeteiligung-in-der-forschung\/\" class=\"button\">\n                                                <span>Patientenbeteiligung in der Forschung<\/span>\n                    <\/a>\n                                            \n                                    <a class=\"button flex gap-2 items-center justify-center [&#038;:nth-child(2n-1):nth-last-of-type(1)]:col-span-2 lg:[&#038;:nth-child(2n-1):not(.button-cols-1_*):not(:last-child)]:border-r-2 border-b-2 border-white\" href=\"https:\/\/www.patientenbeteiligung.de\/nrw\/was-ist-patientenbeteiligung\/patientenbeteiligung-in-leichter-sprache\/\" class=\"button\">\n                                                <span>Patientenbeteiligung in leichter Sprache<\/span>\n                    <\/a>\n                                    <\/div>\n    <\/div>                <\/div>\n                        <\/div>\n\n\n    <div class=\"sections alignfull bg-ultralight-green text-dark-green [&#038;_p]:text-dark-green [&#038;_p_*:not(a)]:text-dark-green  flex flex-col\">\n                                    <div class=\"section py-4 [&#038;:first-child:not(.section-columns_.section)]:pt-12 [&#038;:last-child:not(.section-columns_.section)]:pb-12 md:[&#038;:first-child:not(.section-columns_.section)]:pt-20 md:[&#038;:last-child:not(.section-columns_.section)]:pb-20\">\n                    \n<div class=\"section-text prose prose-pbt alignwide [&#038;.expanded_.read-more-text]:hidden [&#038;.expanded_.read-less-text]:inline [&#038;.expanded_.read-more-target]:!block\">\n    <div class=\" [&#038;_:first-child]:mt-0\">\n        <p><strong>Abonnieren Sie doch unseren Newsletter!<\/strong><\/p>\n<p>Einmal pro Quartal informieren wir \u00fcber aktuelle Neuigkeiten aus der Patientenvertretung, der Gesundheitspolitik und dem Projekt.<\/p>\n    <\/div>\n    <\/div>                <\/div>\n                        <\/div>\n\n\n    <div class=\"sections alignfull bg-white  flex flex-col\">\n                                    <div class=\"section\">\n                    \n<div class=\"section-shortcode alignfull\">\n      \n  \n  <div class=\"\n    mailpoet_form_popup_overlay\n      \"><\/div>\n  <div\n    id=\"mailpoet_form_1\"\n    class=\"\n      mailpoet_form\n      mailpoet_form_shortcode\n      mailpoet_form_position_\n      mailpoet_form_animation_\n    \"\n      >\n\n    <style type=\"text\/css\">\n     #mailpoet_form_1 .mailpoet_form {  }\n#mailpoet_form_1 .mailpoet_column_with_background { padding: 10px; }\n#mailpoet_form_1 .mailpoet_form_column:not(:first-child) { margin-left: 20px; }\n#mailpoet_form_1 .mailpoet_paragraph { line-height: 20px; margin-bottom: 20px; }\n#mailpoet_form_1 .mailpoet_segment_label, #mailpoet_form_1 .mailpoet_text_label, #mailpoet_form_1 .mailpoet_textarea_label, #mailpoet_form_1 .mailpoet_select_label, #mailpoet_form_1 .mailpoet_radio_label, #mailpoet_form_1 .mailpoet_checkbox_label, #mailpoet_form_1 .mailpoet_list_label, #mailpoet_form_1 .mailpoet_date_label { display: block; font-weight: normal; }\n#mailpoet_form_1 .mailpoet_text, #mailpoet_form_1 .mailpoet_textarea, #mailpoet_form_1 .mailpoet_select, #mailpoet_form_1 .mailpoet_date_month, #mailpoet_form_1 .mailpoet_date_day, #mailpoet_form_1 .mailpoet_date_year, #mailpoet_form_1 .mailpoet_date { display: block; }\n#mailpoet_form_1 .mailpoet_text, #mailpoet_form_1 .mailpoet_textarea { width: 200px; }\n#mailpoet_form_1 .mailpoet_checkbox {  }\n#mailpoet_form_1 .mailpoet_submit {  }\n#mailpoet_form_1 .mailpoet_divider {  }\n#mailpoet_form_1 .mailpoet_message {  }\n#mailpoet_form_1 .mailpoet_form_loading { width: 30px; text-align: center; line-height: normal; }\n#mailpoet_form_1 .mailpoet_form_loading > span { width: 5px; height: 5px; background-color: #5b5b5b; }#mailpoet_form_1{border-radius: 0px;text-align: left;}#mailpoet_form_1 form.mailpoet_form {padding: 20px;}#mailpoet_form_1{width: 100%;}#mailpoet_form_1 .mailpoet_message {margin: 0; padding: 0 20px;}#mailpoet_form_1 .mailpoet_paragraph.last {margin-bottom: 0} @media (max-width: 500px) {#mailpoet_form_1 {background-image: none;}} @media (min-width: 500px) {#mailpoet_form_1 .last .mailpoet_paragraph:last-child {margin-bottom: 0}}  @media (max-width: 500px) {#mailpoet_form_1 .mailpoet_form_column:last-child .mailpoet_paragraph:last-child {margin-bottom: 0}} \n    <\/style>\n\n    <form\n      target=\"_self\"\n      method=\"post\"\n      action=\"https:\/\/www.patientenbeteiligung.de\/nrw\/wp-admin\/admin-post.php?action=mailpoet_subscription_form\"\n      class=\"mailpoet_form mailpoet_form_form mailpoet_form_shortcode\"\n      novalidate\n      data-delay=\"\"\n      data-exit-intent-enabled=\"\"\n      data-font-family=\"\"\n      data-cookie-expiration-time=\"\"\n    >\n      <input type=\"hidden\" name=\"data[form_id]\" value=\"1\" \/>\n      <input type=\"hidden\" name=\"token\" value=\"1498a0e109\" \/>\n      <input type=\"hidden\" name=\"api_version\" value=\"v1\" \/>\n      <input type=\"hidden\" name=\"endpoint\" value=\"subscribers\" \/>\n      <input type=\"hidden\" name=\"mailpoet_method\" value=\"subscribe\" \/>\n\n      <label class=\"mailpoet_hp_email_label\" style=\"display: none !important;\">Bitte dieses Feld leer lassen<input type=\"email\" name=\"data[email]\"\/><\/label><div class=\"mailpoet_paragraph mail\"><input type=\"email\" autocomplete=\"email\" class=\"mailpoet_text\" id=\"form_email_1\" name=\"data[form_field_ZmM1NzE1ZTc4Y2JkX2VtYWls]\" title=\"E-Mail Adresse\" value=\"\" style=\"width:100%;box-sizing:border-box;padding:5px;margin: 0 auto 0 0;\" data-automation-id=\"form_email\"  placeholder=\"E-Mail Adresse *\" aria-label=\"E-Mail Adresse *\" data-parsley-errors-container=\".mailpoet_error_1b3jm\" data-parsley-required=\"true\" required aria-required=\"true\" data-parsley-minlength=\"6\" data-parsley-maxlength=\"150\" data-parsley-type-message=\"Dieser Wert sollte eine g\u00fcltige E-Mail-Adresse sein.\" data-parsley-required-message=\"Dieses Feld wird ben\u00f6tigt.\"\/><span class=\"mailpoet_error_1b3jm\"><\/span><\/div>\n<div class=\"mailpoet_paragraph submit-button\"><input type=\"submit\" class=\"mailpoet_submit\" value=\"Zur Anmeldung\" data-automation-id=\"subscribe-submit-button\" style=\"width:100%;box-sizing:border-box;padding:5px;margin: 0 auto 0 0;border-color:transparent;\" \/><span class=\"mailpoet_form_loading\"><span class=\"mailpoet_bounce1\"><\/span><span class=\"mailpoet_bounce2\"><\/span><span class=\"mailpoet_bounce3\"><\/span><\/span><\/div>\n<div class=\"mailpoet_paragraph confirm\"><fieldset><input type=\"hidden\" value=\"1\"  name=\"data[cf_1]\" \/><label class=\"mailpoet_checkbox_label\" for=\"mailpoet_checkbox_1\" ><input type=\"checkbox\" class=\"mailpoet_checkbox\" id=\"mailpoet_checkbox_1\" name=\"data[cf_1]\" value=\"1\" data-parsley-errors-container=\".mailpoet_error_1me1e\" data-parsley-required=\"true\" required aria-required=\"true\" data-parsley-required-message=\"Dieses Feld wird ben\u00f6tigt.\" data-parsley-group=\"custom_field_1\" \/> Hiermit best\u00e4tige ich, dass meine  E-Mail-Adresse zum Versand des Newsletters verwendet werden darf.*<\/label><\/fieldset><span class=\"mailpoet_error_1me1e\"><\/span><\/div>\n\n      <div class=\"mailpoet_message\">\n        <p class=\"mailpoet_validate_success\"\n                style=\"display:none;\"\n                >Pr\u00fcfe deinen Posteingang oder Spam-Ordner, um dein Abonnement zu best\u00e4tigen.\n        <\/p>\n        <p class=\"mailpoet_validate_error\"\n                style=\"display:none;\"\n                >        <\/p>\n      <\/div>\n    <\/form>\n\n      <\/div>\n\n  <\/div>                <\/div>\n                        <\/div>\n\n\n\n<p><br><br><\/p>\n","protected":false},"excerpt":{"rendered":"","protected":false},"author":15,"featured_media":0,"parent":199,"menu_order":0,"comment_status":"closed","ping_status":"closed","template":"","meta":{"_acf_changed":false,"footnotes":""},"class_list":["post-6622","page","type-page","status-publish","hentry"],"acf":[],"yoast_head":"<!-- This site is optimized with the Yoast SEO plugin v24.9 - https:\/\/yoast.com\/wordpress\/plugins\/seo\/ -->\n<title>Weitere Gremien mit Patientenbeteiligung - Patientenbeteiligung NRW<\/title>\n<meta name=\"robots\" content=\"index, follow, max-snippet:-1, max-image-preview:large, max-video-preview:-1\" \/>\n<link rel=\"canonical\" href=\"https:\/\/www.patientenbeteiligung.de\/nrw\/was-ist-patientenbeteiligung\/weitere-gremien-mit-patientenbeteiligung\/\" \/>\n<meta property=\"og:locale\" content=\"de_DE\" \/>\n<meta property=\"og:type\" content=\"article\" \/>\n<meta property=\"og:title\" content=\"Weitere Gremien mit Patientenbeteiligung - Patientenbeteiligung NRW\" \/>\n<meta property=\"og:url\" content=\"https:\/\/www.patientenbeteiligung.de\/nrw\/was-ist-patientenbeteiligung\/weitere-gremien-mit-patientenbeteiligung\/\" \/>\n<meta property=\"og:site_name\" content=\"Patientenbeteiligung NRW\" \/>\n<meta property=\"article:modified_time\" content=\"2025-05-09T07:25:55+00:00\" \/>\n<meta name=\"twitter:card\" content=\"summary_large_image\" \/>\n<script type=\"application\/ld+json\" class=\"yoast-schema-graph\">{\"@context\":\"https:\/\/schema.org\",\"@graph\":[{\"@type\":\"WebPage\",\"@id\":\"https:\/\/www.patientenbeteiligung.de\/nrw\/was-ist-patientenbeteiligung\/weitere-gremien-mit-patientenbeteiligung\/\",\"url\":\"https:\/\/www.patientenbeteiligung.de\/nrw\/was-ist-patientenbeteiligung\/weitere-gremien-mit-patientenbeteiligung\/\",\"name\":\"Weitere Gremien mit Patientenbeteiligung - Patientenbeteiligung NRW\",\"isPartOf\":{\"@id\":\"https:\/\/www.patientenbeteiligung.de\/nrw\/#website\"},\"datePublished\":\"2025-03-06T09:49:31+00:00\",\"dateModified\":\"2025-05-09T07:25:55+00:00\",\"breadcrumb\":{\"@id\":\"https:\/\/www.patientenbeteiligung.de\/nrw\/was-ist-patientenbeteiligung\/weitere-gremien-mit-patientenbeteiligung\/#breadcrumb\"},\"inLanguage\":\"de\",\"potentialAction\":[{\"@type\":\"ReadAction\",\"target\":[\"https:\/\/www.patientenbeteiligung.de\/nrw\/was-ist-patientenbeteiligung\/weitere-gremien-mit-patientenbeteiligung\/\"]}]},{\"@type\":\"BreadcrumbList\",\"@id\":\"https:\/\/www.patientenbeteiligung.de\/nrw\/was-ist-patientenbeteiligung\/weitere-gremien-mit-patientenbeteiligung\/#breadcrumb\",\"itemListElement\":[{\"@type\":\"ListItem\",\"position\":1,\"name\":\"Patientenbeteiligung\",\"item\":\"https:\/\/www.patientenbeteiligung.de\"},{\"@type\":\"ListItem\",\"position\":2,\"name\":\"Nordrhein-Westfalen\",\"item\":\"https:\/\/www.patientenbeteiligung.de\/nrw\/\"},{\"@type\":\"ListItem\",\"position\":3,\"name\":\"Was ist Patientenbeteiligung?\",\"item\":\"https:\/\/www.patientenbeteiligung.de\/nrw\/was-ist-patientenbeteiligung\/\"},{\"@type\":\"ListItem\",\"position\":4,\"name\":\"Weitere Gremien mit Patientenbeteiligung\"}]},{\"@type\":\"WebSite\",\"@id\":\"https:\/\/www.patientenbeteiligung.de\/nrw\/#website\",\"url\":\"https:\/\/www.patientenbeteiligung.de\/nrw\/\",\"name\":\"Patientenbeteiligung NRW\",\"description\":\"\",\"potentialAction\":[{\"@type\":\"SearchAction\",\"target\":{\"@type\":\"EntryPoint\",\"urlTemplate\":\"https:\/\/www.patientenbeteiligung.de\/nrw\/?s={search_term_string}\"},\"query-input\":{\"@type\":\"PropertyValueSpecification\",\"valueRequired\":true,\"valueName\":\"search_term_string\"}}],\"inLanguage\":\"de\"}]}<\/script>\n<!-- \/ Yoast SEO plugin. -->","yoast_head_json":{"title":"Weitere Gremien mit Patientenbeteiligung - Patientenbeteiligung NRW","robots":{"index":"index","follow":"follow","max-snippet":"max-snippet:-1","max-image-preview":"max-image-preview:large","max-video-preview":"max-video-preview:-1"},"canonical":"https:\/\/www.patientenbeteiligung.de\/nrw\/was-ist-patientenbeteiligung\/weitere-gremien-mit-patientenbeteiligung\/","og_locale":"de_DE","og_type":"article","og_title":"Weitere Gremien mit Patientenbeteiligung - Patientenbeteiligung NRW","og_url":"https:\/\/www.patientenbeteiligung.de\/nrw\/was-ist-patientenbeteiligung\/weitere-gremien-mit-patientenbeteiligung\/","og_site_name":"Patientenbeteiligung NRW","article_modified_time":"2025-05-09T07:25:55+00:00","twitter_card":"summary_large_image","schema":{"@context":"https:\/\/schema.org","@graph":[{"@type":"WebPage","@id":"https:\/\/www.patientenbeteiligung.de\/nrw\/was-ist-patientenbeteiligung\/weitere-gremien-mit-patientenbeteiligung\/","url":"https:\/\/www.patientenbeteiligung.de\/nrw\/was-ist-patientenbeteiligung\/weitere-gremien-mit-patientenbeteiligung\/","name":"Weitere Gremien mit Patientenbeteiligung - Patientenbeteiligung NRW","isPartOf":{"@id":"https:\/\/www.patientenbeteiligung.de\/nrw\/#website"},"datePublished":"2025-03-06T09:49:31+00:00","dateModified":"2025-05-09T07:25:55+00:00","breadcrumb":{"@id":"https:\/\/www.patientenbeteiligung.de\/nrw\/was-ist-patientenbeteiligung\/weitere-gremien-mit-patientenbeteiligung\/#breadcrumb"},"inLanguage":"de","potentialAction":[{"@type":"ReadAction","target":["https:\/\/www.patientenbeteiligung.de\/nrw\/was-ist-patientenbeteiligung\/weitere-gremien-mit-patientenbeteiligung\/"]}]},{"@type":"BreadcrumbList","@id":"https:\/\/www.patientenbeteiligung.de\/nrw\/was-ist-patientenbeteiligung\/weitere-gremien-mit-patientenbeteiligung\/#breadcrumb","itemListElement":[{"@type":"ListItem","position":1,"name":"Patientenbeteiligung","item":"https:\/\/www.patientenbeteiligung.de"},{"@type":"ListItem","position":2,"name":"Nordrhein-Westfalen","item":"https:\/\/www.patientenbeteiligung.de\/nrw\/"},{"@type":"ListItem","position":3,"name":"Was ist Patientenbeteiligung?","item":"https:\/\/www.patientenbeteiligung.de\/nrw\/was-ist-patientenbeteiligung\/"},{"@type":"ListItem","position":4,"name":"Weitere Gremien mit Patientenbeteiligung"}]},{"@type":"WebSite","@id":"https:\/\/www.patientenbeteiligung.de\/nrw\/#website","url":"https:\/\/www.patientenbeteiligung.de\/nrw\/","name":"Patientenbeteiligung NRW","description":"","potentialAction":[{"@type":"SearchAction","target":{"@type":"EntryPoint","urlTemplate":"https:\/\/www.patientenbeteiligung.de\/nrw\/?s={search_term_string}"},"query-input":{"@type":"PropertyValueSpecification","valueRequired":true,"valueName":"search_term_string"}}],"inLanguage":"de"}]}},"_links":{"self":[{"href":"https:\/\/www.patientenbeteiligung.de\/nrw\/wp-json\/wp\/v2\/pages\/6622","targetHints":{"allow":["GET"]}}],"collection":[{"href":"https:\/\/www.patientenbeteiligung.de\/nrw\/wp-json\/wp\/v2\/pages"}],"about":[{"href":"https:\/\/www.patientenbeteiligung.de\/nrw\/wp-json\/wp\/v2\/types\/page"}],"author":[{"embeddable":true,"href":"https:\/\/www.patientenbeteiligung.de\/nrw\/wp-json\/wp\/v2\/users\/15"}],"replies":[{"embeddable":true,"href":"https:\/\/www.patientenbeteiligung.de\/nrw\/wp-json\/wp\/v2\/comments?post=6622"}],"version-history":[{"count":4,"href":"https:\/\/www.patientenbeteiligung.de\/nrw\/wp-json\/wp\/v2\/pages\/6622\/revisions"}],"predecessor-version":[{"id":6713,"href":"https:\/\/www.patientenbeteiligung.de\/nrw\/wp-json\/wp\/v2\/pages\/6622\/revisions\/6713"}],"up":[{"embeddable":true,"href":"https:\/\/www.patientenbeteiligung.de\/nrw\/wp-json\/wp\/v2\/pages\/199"}],"wp:attachment":[{"href":"https:\/\/www.patientenbeteiligung.de\/nrw\/wp-json\/wp\/v2\/media?parent=6622"}],"curies":[{"name":"wp","href":"https:\/\/api.w.org\/{rel}","templated":true}]}}