{"id":5684,"date":"2024-10-09T15:34:04","date_gmt":"2024-10-09T13:34:04","guid":{"rendered":"https:\/\/www.patientenbeteiligung.de\/nordrhein-westfalen\/?page_id=5684"},"modified":"2025-10-08T10:19:14","modified_gmt":"2025-10-08T08:19:14","slug":"wie-kann-ich-mich-beteiligen","status":"publish","type":"page","link":"https:\/\/www.patientenbeteiligung.de\/nrw\/wie-kann-ich-mich-beteiligen\/","title":{"rendered":"Wie kann ich mich beteiligen?"},"content":{"rendered":"    <div class=\"sections alignfull   flex flex-col\">\n                                    <div class=\"section\">\n                    \n<div class=\"section-spacer h-8\"><\/div>                <\/div>\n                            <div class=\"section py-4 [&#038;:first-child:not(.section-columns_.section)]:pt-12 [&#038;:last-child:not(.section-columns_.section)]:pb-12 md:[&#038;:first-child:not(.section-columns_.section)]:pt-20 md:[&#038;:last-child:not(.section-columns_.section)]:pb-20\">\n                    \n<div class=\"section-text prose prose-pbt alignwide [&#038;.expanded_.read-more-text]:hidden [&#038;.expanded_.read-less-text]:inline [&#038;.expanded_.read-more-target]:!block\">\n    <div class=\" [&#038;_:first-child]:mt-0\">\n        <h2>Selbstverst\u00e4ndnis der Patientenvertretung<\/h2>\n    <\/div>\n    <\/div>                <\/div>\n                            <div class=\"section py-4 [&#038;:first-child:not(.section-columns_.section)]:pt-12 [&#038;:last-child:not(.section-columns_.section)]:pb-12 md:[&#038;:first-child:not(.section-columns_.section)]:pt-20 md:[&#038;:last-child:not(.section-columns_.section)]:pb-20\">\n                    \n<div class=\"section-text prose prose-pbt alignwide [&#038;.expanded_.read-more-text]:hidden [&#038;.expanded_.read-less-text]:inline [&#038;.expanded_.read-more-target]:!block\">\n    <div class=\"lg:columns-2 gap-6 [&#038;_:first-child]:mt-0\">\n        <p>Wenn Sie sich als Patientenvertreter*in engagieren m\u00f6chten, ist es wichtig, sich der Rolle der Patientenvertretung im Gesundheitswesen bewusst zu sein. Patientenvertreter*in engagieren sich f\u00fcr die Belange aller Patient*innen. Sie nehmen eine selbstst\u00e4ndige Perspektive ein, die neben den Interessen der Kostentr\u00e4ger (Gesetzliche Krankenkassen) und der Leistungserbringer (Krankenh\u00e4user und \u00c4rzteschaft) steht. Ihre Pr\u00e4senz ist auch ohne Stimmrecht wichtig, um die Entscheidungstr\u00e4ger*innen daran zu erinnern, in welchem Auftrag sie das Gesundheitswesen gestalten. Auch wenn sich Patientenvertreter*innen h\u00e4ufig aufgrund einer eigenen gesundheitlichen Betroffenheit oder der ihrer Angeh\u00f6rigen engagieren und diese Expertise hilfreich und in Teilen gar notwendig sein kann: Patientenvertreter*innen sollten stets auch Perspektiven anderer Patient*innen in ihre Stellungnahmen einbeziehen. Daher ist ein guter Austausch der benannten Patientenvertreter*innen in den Aussch\u00fcssen notwendig und hilfreich.<\/p>\n<p>Wesentliche Prinzipien des Engagements k\u00f6nnen Sie dem Leitbild der Patientenbeteiligung in NRW entnehmen.<\/p>\n    <\/div>\n    <\/div>                <\/div>\n                            <div class=\"section py-4 [&#038;:first-child:not(.section-columns_.section)]:pt-12 [&#038;:last-child:not(.section-columns_.section)]:pb-12 md:[&#038;:first-child:not(.section-columns_.section)]:pt-20 md:[&#038;:last-child:not(.section-columns_.section)]:pb-20\">\n                    \n<div class=\"section-link-list alignwide flex justify-center\">\n    <div class=\"w-full bg-ultralight-green p-6\">\n        <ul class=\"list-none m-0 p-0\">\n                                <li class=\"mb-3\">\n                        <a class=\"block no-underline hover:no-underline gap-2 items-center\" href=\"https:\/\/www.patientenbeteiligung.de\/nrw\/wp-content\/uploads\/sites\/12\/2025\/03\/Leitbild-Patientenvertretung-NRW.pdf\" target=\"_self\">\n                            <span class=\"inline underline align-bottom\">Leitbild der Patientenvertretung in NRW<\/span>\n                                                            <span class=\"inline-block no-underline [&#038;_svg]:size-[1.15em] align-bottom relative bottom-[0.25em] md:bottom-[0.2em]\">\n                                    <svg class=\"w-5 h-5 lg:w-7 lg:h-7\" viewBox=\"0 0 28 28\" fill=\"none\" xmlns=\"http:\/\/www.w3.org\/2000\/svg\">\n    <path d=\"M7 11.667L14 18.667L21 11.667\" stroke=\"currentColor\" stroke-width=\"2\" stroke-linecap=\"round\" stroke-linejoin=\"round\" \/>\n    <path d=\"M14 4.66699V18.667\" stroke=\"currentColor\" stroke-width=\"2\" stroke-linecap=\"round\" stroke-linejoin=\"round\" \/>\n\n<\/svg>                                <\/span>\n                                                    <\/a>\n                    <\/li>\n                                    <\/ul>\n    <\/div>\n<\/div>                <\/div>\n                            <div class=\"section\">\n                    \n<div class=\"section-spacer h-8\"><\/div>                <\/div>\n                        <\/div>\n\n\n    <div class=\"sections alignfull bg-ultralight-green text-dark-green [&#038;_p]:text-dark-green [&#038;_p_*:not(a)]:text-dark-green  flex flex-col\">\n                                    <div class=\"section\">\n                    <div class=\"section-buttons\">\n    <div class=\"bg-ultralight-green py-8\">\n        <div class=\"alignwide\">\n            <h2 class=\"my-0\">Erfahren Sie mehr zu:<\/h2>\n        <\/div>\n    <\/div>\n            <div class=\"buttons w-full flex flex-col button-cols-1 alignfull\">\n                            \n                                    <a class=\"button flex gap-2 items-center justify-center [&#038;:nth-child(2n-1):nth-last-of-type(1)]:col-span-2 lg:[&#038;:nth-child(2n-1):not(.button-cols-1_*):not(:last-child)]:border-r-2 border-b-2 border-white\" href=\"https:\/\/www.patientenbeteiligung.de\/nrw\/wie-kann-ich-mich-beteiligen\/mitwirkung-im-netzwerk\/\" class=\"button\">\n                                                <span>Mitwirkung im Netzwerk<\/span>\n                    <\/a>\n                                            \n                                    <a class=\"button flex gap-2 items-center justify-center [&#038;:nth-child(2n-1):nth-last-of-type(1)]:col-span-2 lg:[&#038;:nth-child(2n-1):not(.button-cols-1_*):not(:last-child)]:border-r-2 border-b-2 border-white\" href=\"https:\/\/www.patientenbeteiligung.de\/nordrhein-westfalen\/der-weg-ins-gremium\/\" class=\"button\">\n                                                <span>Der Weg ins Gremium<\/span>\n                    <\/a>\n                                            \n                                    <a class=\"button flex gap-2 items-center justify-center [&#038;:nth-child(2n-1):nth-last-of-type(1)]:col-span-2 lg:[&#038;:nth-child(2n-1):not(.button-cols-1_*):not(:last-child)]:border-r-2 border-b-2 border-white\" href=\"https:\/\/www.patientenbeteiligung.de\/nrw\/wie-kann-ich-mich-beteiligen\/freie-gremienplaetze\/\" class=\"button\">\n                                                <span>Freie Gremienpl\u00e4tze<\/span>\n                    <\/a>\n                                            \n                                    <a class=\"button flex gap-2 items-center justify-center [&#038;:nth-child(2n-1):nth-last-of-type(1)]:col-span-2 lg:[&#038;:nth-child(2n-1):not(.button-cols-1_*):not(:last-child)]:border-r-2 border-b-2 border-white\" href=\"https:\/\/www.patientenbeteiligung.de\/nrw\/andere-formen-der-beteiligung\/\" class=\"button\">\n                                                <span>Andere Formen der Beteiligung<\/span>\n                    <\/a>\n                                            \n                                    <a class=\"button flex gap-2 items-center justify-center [&#038;:nth-child(2n-1):nth-last-of-type(1)]:col-span-2 lg:[&#038;:nth-child(2n-1):not(.button-cols-1_*):not(:last-child)]:border-r-2 border-b-2 border-white\" href=\"https:\/\/www.patientenbeteiligung.de\/nrw\/erfahrungsberichte\/\" class=\"button\">\n                                                <span>Erfahrungsberichte<\/span>\n                    <\/a>\n                                            \n                                    <a class=\"button flex gap-2 items-center justify-center [&#038;:nth-child(2n-1):nth-last-of-type(1)]:col-span-2 lg:[&#038;:nth-child(2n-1):not(.button-cols-1_*):not(:last-child)]:border-r-2 border-b-2 border-white\" href=\"https:\/\/www.patientenbeteiligung.de\/nrw\/haeufige-fragen-unsere-faqs\/\" class=\"button\">\n                                                <span>H\u00e4ufige Fragen &#8211; unsere FAQ&#8217;s<\/span>\n                    <\/a>\n                                    <\/div>\n    <\/div>                <\/div>\n                        <\/div>\n\n\n    <div class=\"sections alignfull   flex flex-col\">\n            <\/div>\n\n\n    <div class=\"sections alignfull bg-ultralight-green text-dark-green [&#038;_p]:text-dark-green [&#038;_p_*:not(a)]:text-dark-green  flex flex-col\">\n                                    <div class=\"section py-4 [&#038;:first-child:not(.section-columns_.section)]:pt-12 [&#038;:last-child:not(.section-columns_.section)]:pb-12 md:[&#038;:first-child:not(.section-columns_.section)]:pt-20 md:[&#038;:last-child:not(.section-columns_.section)]:pb-20\">\n                    \n<div class=\"section-text prose prose-pbt alignwide [&#038;.expanded_.read-more-text]:hidden [&#038;.expanded_.read-less-text]:inline [&#038;.expanded_.read-more-target]:!block\">\n    <div class=\" [&#038;_:first-child]:mt-0\">\n        <p><strong>Abonnieren Sie doch unseren Newsletter!<\/strong><\/p>\n<p>Einmal pro Quartal informieren wir \u00fcber aktuelle Neuigkeiten aus der Patientenvertretung, der Gesundheitspolitik und dem Projekt.<\/p>\n<p>&nbsp;<\/p>\n<p>* Erforderliche Felder<\/p>\n    <\/div>\n    <\/div>                <\/div>\n                        <\/div>\n\n\n    <div class=\"sections alignfull bg-white  flex flex-col\">\n                                    <div class=\"section\">\n                    \n<div class=\"section-shortcode alignfull\">\n      \n  \n  <div class=\"\n    mailpoet_form_popup_overlay\n      \"><\/div>\n  <div\n    id=\"mailpoet_form_1\"\n    class=\"\n      mailpoet_form\n      mailpoet_form_shortcode\n      mailpoet_form_position_\n      mailpoet_form_animation_\n    \"\n      >\n\n    <style type=\"text\/css\">\n     #mailpoet_form_1 .mailpoet_form {  }\n#mailpoet_form_1 .mailpoet_column_with_background { padding: 10px; }\n#mailpoet_form_1 .mailpoet_form_column:not(:first-child) { margin-left: 20px; }\n#mailpoet_form_1 .mailpoet_paragraph { line-height: 20px; margin-bottom: 20px; }\n#mailpoet_form_1 .mailpoet_segment_label, #mailpoet_form_1 .mailpoet_text_label, #mailpoet_form_1 .mailpoet_textarea_label, #mailpoet_form_1 .mailpoet_select_label, #mailpoet_form_1 .mailpoet_radio_label, #mailpoet_form_1 .mailpoet_checkbox_label, #mailpoet_form_1 .mailpoet_list_label, #mailpoet_form_1 .mailpoet_date_label { display: block; font-weight: normal; }\n#mailpoet_form_1 .mailpoet_text, #mailpoet_form_1 .mailpoet_textarea, #mailpoet_form_1 .mailpoet_select, #mailpoet_form_1 .mailpoet_date_month, #mailpoet_form_1 .mailpoet_date_day, #mailpoet_form_1 .mailpoet_date_year, #mailpoet_form_1 .mailpoet_date { display: block; }\n#mailpoet_form_1 .mailpoet_text, #mailpoet_form_1 .mailpoet_textarea { width: 200px; }\n#mailpoet_form_1 .mailpoet_checkbox {  }\n#mailpoet_form_1 .mailpoet_submit {  }\n#mailpoet_form_1 .mailpoet_divider {  }\n#mailpoet_form_1 .mailpoet_message {  }\n#mailpoet_form_1 .mailpoet_form_loading { width: 30px; text-align: center; line-height: normal; }\n#mailpoet_form_1 .mailpoet_form_loading > span { width: 5px; height: 5px; background-color: #5b5b5b; }#mailpoet_form_1{border-radius: 0px;text-align: left;}#mailpoet_form_1 form.mailpoet_form {padding: 20px;}#mailpoet_form_1{width: 100%;}#mailpoet_form_1 .mailpoet_message {margin: 0; padding: 0 20px;}#mailpoet_form_1 .mailpoet_paragraph.last {margin-bottom: 0} @media (max-width: 500px) {#mailpoet_form_1 {background-image: none;}} @media (min-width: 500px) {#mailpoet_form_1 .last .mailpoet_paragraph:last-child {margin-bottom: 0}}  @media (max-width: 500px) {#mailpoet_form_1 .mailpoet_form_column:last-child .mailpoet_paragraph:last-child {margin-bottom: 0}} \n    <\/style>\n\n    <form\n      target=\"_self\"\n      method=\"post\"\n      action=\"https:\/\/www.patientenbeteiligung.de\/nrw\/wp-admin\/admin-post.php?action=mailpoet_subscription_form\"\n      class=\"mailpoet_form mailpoet_form_form mailpoet_form_shortcode\"\n      novalidate\n      data-delay=\"\"\n      data-exit-intent-enabled=\"\"\n      data-font-family=\"\"\n      data-cookie-expiration-time=\"\"\n    >\n      <input type=\"hidden\" name=\"data[form_id]\" value=\"1\" \/>\n      <input type=\"hidden\" name=\"token\" value=\"1498a0e109\" \/>\n      <input type=\"hidden\" name=\"api_version\" value=\"v1\" \/>\n      <input type=\"hidden\" name=\"endpoint\" value=\"subscribers\" \/>\n      <input type=\"hidden\" name=\"mailpoet_method\" value=\"subscribe\" \/>\n\n      <label class=\"mailpoet_hp_email_label\" style=\"display: none !important;\">Bitte dieses Feld leer lassen<input type=\"email\" name=\"data[email]\"\/><\/label><div class=\"mailpoet_paragraph mail\"><input type=\"email\" autocomplete=\"email\" class=\"mailpoet_text\" id=\"form_email_1\" name=\"data[form_field_ZmM1NzE1ZTc4Y2JkX2VtYWls]\" title=\"E-Mail Adresse\" value=\"\" style=\"width:100%;box-sizing:border-box;padding:5px;margin: 0 auto 0 0;\" data-automation-id=\"form_email\"  placeholder=\"E-Mail Adresse *\" aria-label=\"E-Mail Adresse *\" data-parsley-errors-container=\".mailpoet_error_4syfi\" data-parsley-required=\"true\" required aria-required=\"true\" data-parsley-minlength=\"6\" data-parsley-maxlength=\"150\" data-parsley-type-message=\"Dieser Wert sollte eine g\u00fcltige E-Mail-Adresse sein.\" data-parsley-required-message=\"Dieses Feld wird ben\u00f6tigt.\"\/><span class=\"mailpoet_error_4syfi\"><\/span><\/div>\n<div class=\"mailpoet_paragraph submit-button\"><input type=\"submit\" class=\"mailpoet_submit\" value=\"Zur Anmeldung\" data-automation-id=\"subscribe-submit-button\" style=\"width:100%;box-sizing:border-box;padding:5px;margin: 0 auto 0 0;border-color:transparent;\" \/><span class=\"mailpoet_form_loading\"><span class=\"mailpoet_bounce1\"><\/span><span class=\"mailpoet_bounce2\"><\/span><span class=\"mailpoet_bounce3\"><\/span><\/span><\/div>\n<div class=\"mailpoet_paragraph confirm\"><fieldset><input type=\"hidden\" value=\"1\"  name=\"data[cf_1]\" \/><label class=\"mailpoet_checkbox_label\" for=\"mailpoet_checkbox_1\" ><input type=\"checkbox\" class=\"mailpoet_checkbox\" id=\"mailpoet_checkbox_1\" name=\"data[cf_1]\" value=\"1\" data-parsley-errors-container=\".mailpoet_error_6kjj2\" data-parsley-required=\"true\" required aria-required=\"true\" data-parsley-required-message=\"Dieses Feld wird ben\u00f6tigt.\" data-parsley-group=\"custom_field_1\" \/> Hiermit best\u00e4tige ich, dass meine  E-Mail-Adresse zum Versand des Newsletters verwendet werden darf.*<\/label><\/fieldset><span class=\"mailpoet_error_6kjj2\"><\/span><\/div>\n\n      <div class=\"mailpoet_message\">\n        <p class=\"mailpoet_validate_success\"\n                style=\"display:none;\"\n                >Pr\u00fcfe deinen Posteingang oder Spam-Ordner, um dein Abonnement zu best\u00e4tigen.\n        <\/p>\n        <p class=\"mailpoet_validate_error\"\n                style=\"display:none;\"\n                >        <\/p>\n      <\/div>\n    <\/form>\n\n      <\/div>\n\n  <\/div>                <\/div>\n                        <\/div>\n","protected":false},"excerpt":{"rendered":"","protected":false},"author":15,"featured_media":0,"parent":0,"menu_order":0,"comment_status":"closed","ping_status":"closed","template":"","meta":{"_acf_changed":false,"footnotes":""},"class_list":["post-5684","page","type-page","status-publish","hentry"],"acf":[],"yoast_head":"<!-- This site is optimized with the Yoast SEO plugin v24.9 - https:\/\/yoast.com\/wordpress\/plugins\/seo\/ -->\n<title>Wie kann ich mich beteiligen? - Patientenbeteiligung NRW<\/title>\n<meta name=\"robots\" content=\"index, follow, max-snippet:-1, max-image-preview:large, max-video-preview:-1\" \/>\n<link rel=\"canonical\" href=\"https:\/\/www.patientenbeteiligung.de\/nrw\/wie-kann-ich-mich-beteiligen\/\" \/>\n<meta property=\"og:locale\" content=\"de_DE\" \/>\n<meta property=\"og:type\" content=\"article\" \/>\n<meta property=\"og:title\" content=\"Wie kann ich mich beteiligen? - Patientenbeteiligung NRW\" \/>\n<meta property=\"og:url\" content=\"https:\/\/www.patientenbeteiligung.de\/nrw\/wie-kann-ich-mich-beteiligen\/\" \/>\n<meta property=\"og:site_name\" content=\"Patientenbeteiligung NRW\" \/>\n<meta property=\"article:modified_time\" content=\"2025-10-08T08:19:14+00:00\" \/>\n<meta name=\"twitter:card\" content=\"summary_large_image\" \/>\n<script type=\"application\/ld+json\" class=\"yoast-schema-graph\">{\"@context\":\"https:\/\/schema.org\",\"@graph\":[{\"@type\":\"WebPage\",\"@id\":\"https:\/\/www.patientenbeteiligung.de\/nrw\/wie-kann-ich-mich-beteiligen\/\",\"url\":\"https:\/\/www.patientenbeteiligung.de\/nrw\/wie-kann-ich-mich-beteiligen\/\",\"name\":\"Wie kann ich mich beteiligen? - Patientenbeteiligung NRW\",\"isPartOf\":{\"@id\":\"https:\/\/www.patientenbeteiligung.de\/nrw\/#website\"},\"datePublished\":\"2024-10-09T13:34:04+00:00\",\"dateModified\":\"2025-10-08T08:19:14+00:00\",\"breadcrumb\":{\"@id\":\"https:\/\/www.patientenbeteiligung.de\/nrw\/wie-kann-ich-mich-beteiligen\/#breadcrumb\"},\"inLanguage\":\"de\",\"potentialAction\":[{\"@type\":\"ReadAction\",\"target\":[\"https:\/\/www.patientenbeteiligung.de\/nrw\/wie-kann-ich-mich-beteiligen\/\"]}]},{\"@type\":\"BreadcrumbList\",\"@id\":\"https:\/\/www.patientenbeteiligung.de\/nrw\/wie-kann-ich-mich-beteiligen\/#breadcrumb\",\"itemListElement\":[{\"@type\":\"ListItem\",\"position\":1,\"name\":\"Patientenbeteiligung\",\"item\":\"https:\/\/www.patientenbeteiligung.de\"},{\"@type\":\"ListItem\",\"position\":2,\"name\":\"Nordrhein-Westfalen\",\"item\":\"https:\/\/www.patientenbeteiligung.de\/nrw\/\"},{\"@type\":\"ListItem\",\"position\":3,\"name\":\"Wie kann ich mich beteiligen?\"}]},{\"@type\":\"WebSite\",\"@id\":\"https:\/\/www.patientenbeteiligung.de\/nrw\/#website\",\"url\":\"https:\/\/www.patientenbeteiligung.de\/nrw\/\",\"name\":\"Patientenbeteiligung NRW\",\"description\":\"\",\"potentialAction\":[{\"@type\":\"SearchAction\",\"target\":{\"@type\":\"EntryPoint\",\"urlTemplate\":\"https:\/\/www.patientenbeteiligung.de\/nrw\/?s={search_term_string}\"},\"query-input\":{\"@type\":\"PropertyValueSpecification\",\"valueRequired\":true,\"valueName\":\"search_term_string\"}}],\"inLanguage\":\"de\"}]}<\/script>\n<!-- \/ Yoast SEO plugin. -->","yoast_head_json":{"title":"Wie kann ich mich beteiligen? - Patientenbeteiligung NRW","robots":{"index":"index","follow":"follow","max-snippet":"max-snippet:-1","max-image-preview":"max-image-preview:large","max-video-preview":"max-video-preview:-1"},"canonical":"https:\/\/www.patientenbeteiligung.de\/nrw\/wie-kann-ich-mich-beteiligen\/","og_locale":"de_DE","og_type":"article","og_title":"Wie kann ich mich beteiligen? - Patientenbeteiligung NRW","og_url":"https:\/\/www.patientenbeteiligung.de\/nrw\/wie-kann-ich-mich-beteiligen\/","og_site_name":"Patientenbeteiligung NRW","article_modified_time":"2025-10-08T08:19:14+00:00","twitter_card":"summary_large_image","schema":{"@context":"https:\/\/schema.org","@graph":[{"@type":"WebPage","@id":"https:\/\/www.patientenbeteiligung.de\/nrw\/wie-kann-ich-mich-beteiligen\/","url":"https:\/\/www.patientenbeteiligung.de\/nrw\/wie-kann-ich-mich-beteiligen\/","name":"Wie kann ich mich beteiligen? - Patientenbeteiligung NRW","isPartOf":{"@id":"https:\/\/www.patientenbeteiligung.de\/nrw\/#website"},"datePublished":"2024-10-09T13:34:04+00:00","dateModified":"2025-10-08T08:19:14+00:00","breadcrumb":{"@id":"https:\/\/www.patientenbeteiligung.de\/nrw\/wie-kann-ich-mich-beteiligen\/#breadcrumb"},"inLanguage":"de","potentialAction":[{"@type":"ReadAction","target":["https:\/\/www.patientenbeteiligung.de\/nrw\/wie-kann-ich-mich-beteiligen\/"]}]},{"@type":"BreadcrumbList","@id":"https:\/\/www.patientenbeteiligung.de\/nrw\/wie-kann-ich-mich-beteiligen\/#breadcrumb","itemListElement":[{"@type":"ListItem","position":1,"name":"Patientenbeteiligung","item":"https:\/\/www.patientenbeteiligung.de"},{"@type":"ListItem","position":2,"name":"Nordrhein-Westfalen","item":"https:\/\/www.patientenbeteiligung.de\/nrw\/"},{"@type":"ListItem","position":3,"name":"Wie kann ich mich beteiligen?"}]},{"@type":"WebSite","@id":"https:\/\/www.patientenbeteiligung.de\/nrw\/#website","url":"https:\/\/www.patientenbeteiligung.de\/nrw\/","name":"Patientenbeteiligung NRW","description":"","potentialAction":[{"@type":"SearchAction","target":{"@type":"EntryPoint","urlTemplate":"https:\/\/www.patientenbeteiligung.de\/nrw\/?s={search_term_string}"},"query-input":{"@type":"PropertyValueSpecification","valueRequired":true,"valueName":"search_term_string"}}],"inLanguage":"de"}]}},"_links":{"self":[{"href":"https:\/\/www.patientenbeteiligung.de\/nrw\/wp-json\/wp\/v2\/pages\/5684","targetHints":{"allow":["GET"]}}],"collection":[{"href":"https:\/\/www.patientenbeteiligung.de\/nrw\/wp-json\/wp\/v2\/pages"}],"about":[{"href":"https:\/\/www.patientenbeteiligung.de\/nrw\/wp-json\/wp\/v2\/types\/page"}],"author":[{"embeddable":true,"href":"https:\/\/www.patientenbeteiligung.de\/nrw\/wp-json\/wp\/v2\/users\/15"}],"replies":[{"embeddable":true,"href":"https:\/\/www.patientenbeteiligung.de\/nrw\/wp-json\/wp\/v2\/comments?post=5684"}],"version-history":[{"count":11,"href":"https:\/\/www.patientenbeteiligung.de\/nrw\/wp-json\/wp\/v2\/pages\/5684\/revisions"}],"predecessor-version":[{"id":6993,"href":"https:\/\/www.patientenbeteiligung.de\/nrw\/wp-json\/wp\/v2\/pages\/5684\/revisions\/6993"}],"wp:attachment":[{"href":"https:\/\/www.patientenbeteiligung.de\/nrw\/wp-json\/wp\/v2\/media?parent=5684"}],"curies":[{"name":"wp","href":"https:\/\/api.w.org\/{rel}","templated":true}]}}