{"id":301,"date":"2024-09-18T10:03:36","date_gmt":"2024-09-18T08:03:36","guid":{"rendered":"https:\/\/www.patientenbeteiligung.de\/nordrhein-westfalen\/?page_id=301"},"modified":"2025-08-06T16:35:06","modified_gmt":"2025-08-06T14:35:06","slug":"angebote-der-projektstelle","status":"publish","type":"page","link":"https:\/\/www.patientenbeteiligung.de\/nrw\/wo-finde-ich-weitere-infos\/angebote-der-projektstelle\/","title":{"rendered":"Angebote der Projektstelle"},"content":{"rendered":"    <div class=\"sections alignfull   flex flex-col\">\n                                    <div class=\"section py-4 [&#038;:first-child:not(.section-columns_.section)]:pt-12 [&#038;:last-child:not(.section-columns_.section)]:pb-12 md:[&#038;:first-child:not(.section-columns_.section)]:pt-20 md:[&#038;:last-child:not(.section-columns_.section)]:pb-20\">\n                    \n<div class=\"section-text prose prose-pbt alignwide [&#038;.expanded_.read-more-text]:hidden [&#038;.expanded_.read-less-text]:inline [&#038;.expanded_.read-more-target]:!block\">\n    <div class=\" [&#038;_:first-child]:mt-0\">\n        <h2>Kostenfreie Fortbildung, Vernetzung und Information<\/h2>\n    <\/div>\n    <\/div>                <\/div>\n                            <div class=\"section py-4 [&#038;:first-child:not(.section-columns_.section)]:pt-12 [&#038;:last-child:not(.section-columns_.section)]:pb-12 md:[&#038;:first-child:not(.section-columns_.section)]:pt-20 md:[&#038;:last-child:not(.section-columns_.section)]:pb-20\">\n                    \n<div class=\"section-text prose prose-pbt alignwide [&#038;.expanded_.read-more-text]:hidden [&#038;.expanded_.read-less-text]:inline [&#038;.expanded_.read-more-target]:!block\">\n    <div class=\" [&#038;_:first-child]:mt-0\">\n        <p>Die Projektstelle der Patientenbeteiligung NRW unterst\u00fctzt Sie durch kostenfreie Fortbildungen, Vernetzungstreffen und Informationen darin, Patienteninteressen in den Gremien des Gesundheitswesens zu vertreten.<\/p>\n    <\/div>\n    <\/div>                <\/div>\n                            <div class=\"section py-4 [&#038;:first-child:not(.section-columns_.section)]:pt-12 [&#038;:last-child:not(.section-columns_.section)]:pb-12 md:[&#038;:first-child:not(.section-columns_.section)]:pt-20 md:[&#038;:last-child:not(.section-columns_.section)]:pb-20\">\n                    \n<div class=\"section-text prose prose-pbt alignwide [&#038;.expanded_.read-more-text]:hidden [&#038;.expanded_.read-less-text]:inline [&#038;.expanded_.read-more-target]:!block\">\n    <div class=\" [&#038;_:first-child]:mt-0\">\n        <h3>Fortbildungen<\/h3>\n    <\/div>\n    <\/div>                <\/div>\n                            <div class=\"section py-4 [&#038;:first-child:not(.section-columns_.section)]:pt-12 [&#038;:last-child:not(.section-columns_.section)]:pb-12 md:[&#038;:first-child:not(.section-columns_.section)]:pt-20 md:[&#038;:last-child:not(.section-columns_.section)]:pb-20\">\n                    \n<div class=\"section-text prose prose-pbt alignwide [&#038;.expanded_.read-more-text]:hidden [&#038;.expanded_.read-less-text]:inline [&#038;.expanded_.read-more-target]:!block\">\n    <div class=\"lg:columns-2 gap-6 [&#038;_:first-child]:mt-0\">\n        <p>Die Projektstelle bietet verschiedene kostenfreie Fortbildungen f\u00fcr Patientenvertreter*innen an.<\/p>\n<p>Im Rahmen unseres j\u00e4hrlichen <em>Think Tanks &#8220;Wissen.Denken.Handeln&#8221;<\/em> werden Grundlagen zu gesundheitspolitischen Themen vermittelt. Patientenvertreter*innen er\u00f6rtern gemeinsam, wie bei dem jeweiligen Thema patientenorientierte Verbesserungen angesto\u00dfen werden k\u00f6nnen. In einem separaten Fortbildungsblock werden Skills aufgebaut, die hilfreich sind, um die Verbesserungen in den Gremien und in Netzwerken anzusto\u00dfen.<\/p>\n<p>Zudem finden in Kooperation mit dem Koordinierungsausschuss der Patientenorganisationen in NRW j\u00e4hrlich Fortbildungen statt zu Schwerpunktthemen, wie zum Beispiel zur Rolle von Medizinischen Versorgungszentren in der Versorgung sowie zur Barrierefreiheit von Arztpraxen.<\/p>\n<p>F\u00fcr Selbsthilfe- und Patientenverb\u00e4nde bietet die Projektstelle Fortbildungen f\u00fcr Multiplikator*innen speziell zur Patientenbeteiligung an.<\/p>\n<p>Unregelm\u00e4\u00dfig gibt es dar\u00fcber hinaus auch Info-Veranstaltungen f\u00fcr Interessierte, teils in Zusammenarbeit mit externen Fortbildungsanbietern, wie zum Beispiel der Selbsthilfe-Akademie NRW.<\/p>\n<p>Unserem Veranstaltungskalender k\u00f6nnen Sie alle derzeit angebotenen Fortbildungen entnehmen.<\/p>\n    <\/div>\n    <\/div>                <\/div>\n                            <div class=\"section py-4 [&#038;:first-child:not(.section-columns_.section)]:pt-12 [&#038;:last-child:not(.section-columns_.section)]:pb-12 md:[&#038;:first-child:not(.section-columns_.section)]:pt-20 md:[&#038;:last-child:not(.section-columns_.section)]:pb-20\">\n                    \n<div class=\"section-text prose prose-pbt alignwide [&#038;.expanded_.read-more-text]:hidden [&#038;.expanded_.read-less-text]:inline [&#038;.expanded_.read-more-target]:!block\">\n    <div class=\" [&#038;_:first-child]:mt-0\">\n        <h3>Vernetzungstreffen<\/h3>\n    <\/div>\n    <\/div>                <\/div>\n                            <div class=\"section py-4 [&#038;:first-child:not(.section-columns_.section)]:pt-12 [&#038;:last-child:not(.section-columns_.section)]:pb-12 md:[&#038;:first-child:not(.section-columns_.section)]:pt-20 md:[&#038;:last-child:not(.section-columns_.section)]:pb-20\">\n                    \n<div class=\"section-text prose prose-pbt alignwide [&#038;.expanded_.read-more-text]:hidden [&#038;.expanded_.read-less-text]:inline [&#038;.expanded_.read-more-target]:!block\">\n    <div class=\"lg:columns-2 gap-6 [&#038;_:first-child]:mt-0\">\n        <p>Nur durch den regelm\u00e4\u00dfigen Austausch mit den anderen Patientenvertreter*innen k\u00f6nnen Probleme aufgegriffen, diskutiert und Positionen erarbeitet werden. Hierf\u00fcr bietet die Projektstelle verschiedene kostenfreie Vernetzungstreffen an.<\/p>\n<p>Seit 2022 l\u00e4dt die Projektstelle der Patientenbeteiligung in NRW zu Regionalen Patientenforen ein, auf denen sich kommunale Patientenvertreter*innen zu ihren Themen austauschen und vernetzen k\u00f6nnen. Zur kommunalen Patientenvertretung z\u00e4hlen alle, die sich f\u00fcr Nutzerinteressen im Gesundheitswesen einsetzen, zum Beispiel die Selbsthilfe-Kontaktstellen und Selbsthilfe-Aktive, Patientenberatungsstellen, Senioren- und Inklusionsvertretungen, Engagierte in den Psychosozialen Arbeitsgemeinschaften, Patientenf\u00fcrsprechende, Sozialverb\u00e4nde und viele mehr. Es gibt f\u00fcr jeden Regierungsbezirk in NRW ein Vor-Ort-Treffen sowie ein Online-Treffen.<\/p>\n<p>Im November jedes Jahres veranstaltet die Projektstelle die Jahrestagung der Patientenbeteiligung in NRW. Gemeinsam mit externen G\u00e4sten reflektieren die Teilnehmenden aktuelle Themen des Gesundheitswesens.<\/p>\n<p>Ebenfalls j\u00e4hrlich finden digitale Polit-Talks mit gesundheitspolitischen Entscheidungstr\u00e4ger*innen statt, bei denen Patientenvertreter*innen direkt mit Akteuren aus dem Gesundheitswesens ins Gespr\u00e4ch kommen k\u00f6nnen.<\/p>\n<p>F\u00fcr Patientenvertreter*innen in den unterschiedlichen Gremien gibt es erg\u00e4nzende, zus\u00e4tzliche Austauschformate, die teils digital, teils in Pr\u00e4senz stattfinden.<\/p>\n<p>In unserem Veranstaltungskalender finden Sie alle aktuellen Termine.<\/p>\n    <\/div>\n    <\/div>                <\/div>\n                            <div class=\"section py-4 [&#038;:first-child:not(.section-columns_.section)]:pt-12 [&#038;:last-child:not(.section-columns_.section)]:pb-12 md:[&#038;:first-child:not(.section-columns_.section)]:pt-20 md:[&#038;:last-child:not(.section-columns_.section)]:pb-20\">\n                    \n<div class=\"section-text prose prose-pbt alignwide [&#038;.expanded_.read-more-text]:hidden [&#038;.expanded_.read-less-text]:inline [&#038;.expanded_.read-more-target]:!block\">\n    <div class=\" [&#038;_:first-child]:mt-0\">\n        <h3>Informationsmaterialien<\/h3>\n    <\/div>\n    <\/div>                <\/div>\n                            <div class=\"section py-4 [&#038;:first-child:not(.section-columns_.section)]:pt-12 [&#038;:last-child:not(.section-columns_.section)]:pb-12 md:[&#038;:first-child:not(.section-columns_.section)]:pt-20 md:[&#038;:last-child:not(.section-columns_.section)]:pb-20\">\n                    \n<div class=\"section-text prose prose-pbt alignwide [&#038;.expanded_.read-more-text]:hidden [&#038;.expanded_.read-less-text]:inline [&#038;.expanded_.read-more-target]:!block\">\n    <div class=\"lg:columns-2 gap-6 [&#038;_:first-child]:mt-0\">\n        <p>Gesperrte Planungsbereiche, Raumordnungsregionen, Morbidit\u00e4tsfaktor, gesonderte fach\u00e4rztliche Versorgung\u2026das klingt ziemlich kompliziert! Die Projektstelle unterst\u00fctzt Sie dabei, das n\u00f6tige Wissen f\u00fcr das Engagement in den verschiedenen Gremien zu erwerben. Die Materialien finden Sie im Download-Bereich.<\/p>\n<p>F\u00fcr Patientenvertreter*innen in den Kommunen wurde von der Projektstelle der Leitfaden zur kommunalen Patientenvertretung ver\u00f6ffentlicht. Dieser informiert \u00fcber die verschiedenen Akteure der Patientenvertretung in den Kommunen, die unterschiedlichen Gremien und vieles mehr.<\/p>\n<p>F\u00fcr Patientenvertreter*innen in der Bedarfsplanung gibt es ein Starter-Kit , das Grundlagen zur Bedarfsplanung vermittelt. Benannte Patientenvertreter*innen aus den Zulassungs- und Landesaussch\u00fcssen erhalten zudem eine Arbeitshilfe, die sie im konkreten Engagement in den Gremien unterst\u00fctzt.<\/p>\n<p>Dar\u00fcber hinaus ver\u00f6ffentlicht die Projektstelle auch inhaltliche Infopapiere und Stellungnahmen, zum Beispiel zu Medizinischen Versorgungszentren und zur Barrierefreiheit von Arztpraxen. Entsprechende Dokumente finden Sie ebenfalls im Download-Bereich.<\/p>\n    <\/div>\n    <\/div>                <\/div>\n                            <div class=\"section\">\n                    \n<div class=\"section-spacer \"><\/div>                <\/div>\n                            <div class=\"section\">\n                    \n<div class=\"section-spacer \"><\/div>                <\/div>\n                        <\/div>\n\n\n    <div class=\"sections alignfull bg-ultralight-green text-dark-green [&#038;_p]:text-dark-green [&#038;_p_*:not(a)]:text-dark-green  flex flex-col\">\n                                    <div class=\"section\">\n                    <div class=\"section-buttons\">\n    <div class=\"bg-ultralight-green py-8\">\n        <div class=\"alignwide\">\n            <h2 class=\"my-0\">Erfahren Sie mehr zu:<\/h2>\n        <\/div>\n    <\/div>\n            <div class=\"buttons w-full flex flex-col button-cols-1 alignfull\">\n                            \n                                    <a class=\"button flex gap-2 items-center justify-center [&#038;:nth-child(2n-1):nth-last-of-type(1)]:col-span-2 lg:[&#038;:nth-child(2n-1):not(.button-cols-1_*):not(:last-child)]:border-r-2 border-b-2 border-white\" href=\"https:\/\/www.patientenbeteiligung.de\/nrw\/wo-finde-ich-weitere-infos\/\" class=\"button\">\n                                                <span>\u00dcber das Projekt &#8220;Patientenbeteiligung NRW&#8221;<\/span>\n                    <\/a>\n                                            \n                                    <a class=\"button flex gap-2 items-center justify-center [&#038;:nth-child(2n-1):nth-last-of-type(1)]:col-span-2 lg:[&#038;:nth-child(2n-1):not(.button-cols-1_*):not(:last-child)]:border-r-2 border-b-2 border-white\" href=\"https:\/\/www.patientenbeteiligung.de\/nrw\/aktuelles\/\" class=\"button\">\n                                                <span>Aktuelles aus der Projektstelle<\/span>\n                    <\/a>\n                                            \n                                    <a class=\"button flex gap-2 items-center justify-center [&#038;:nth-child(2n-1):nth-last-of-type(1)]:col-span-2 lg:[&#038;:nth-child(2n-1):not(.button-cols-1_*):not(:last-child)]:border-r-2 border-b-2 border-white\" href=\"https:\/\/www.patientenbeteiligung.de\/nrw\/wo-finde-ich-weitere-infos\/aktuelles-aus-der-gesundheitspolitik\/\" class=\"button\">\n                                                <span>Aktuelles aus der Gesundheitspolitik<\/span>\n                    <\/a>\n                                            \n                                    <a class=\"button flex gap-2 items-center justify-center [&#038;:nth-child(2n-1):nth-last-of-type(1)]:col-span-2 lg:[&#038;:nth-child(2n-1):not(.button-cols-1_*):not(:last-child)]:border-r-2 border-b-2 border-white\" href=\"https:\/\/www.patientenbeteiligung.de\/nrw\/wo-finde-ich-weitere-infos\/downloads-2\/\" class=\"button\">\n                                                <span>Downloads<\/span>\n                    <\/a>\n                                    <\/div>\n    <\/div>                <\/div>\n                        <\/div>\n\n\n    <div class=\"sections alignfull   flex flex-col\">\n            <\/div>\n\n\n    <div class=\"sections alignfull bg-ultralight-green text-dark-green [&#038;_p]:text-dark-green [&#038;_p_*:not(a)]:text-dark-green  flex flex-col\">\n                                    <div class=\"section py-4 [&#038;:first-child:not(.section-columns_.section)]:pt-12 [&#038;:last-child:not(.section-columns_.section)]:pb-12 md:[&#038;:first-child:not(.section-columns_.section)]:pt-20 md:[&#038;:last-child:not(.section-columns_.section)]:pb-20\">\n                    \n<div class=\"section-text prose prose-pbt alignwide [&#038;.expanded_.read-more-text]:hidden [&#038;.expanded_.read-less-text]:inline [&#038;.expanded_.read-more-target]:!block\">\n    <div class=\" [&#038;_:first-child]:mt-0\">\n        <p><strong>Abonnieren Sie doch unseren Newsletter!<\/strong><\/p>\n<p>Einmal pro Quartal informieren wir \u00fcber aktuelle Neuigkeiten aus der Patientenvertretung, der Gesundheitspolitik und dem Projekt.<\/p>\n    <\/div>\n    <\/div>                <\/div>\n                        <\/div>\n\n\n    <div class=\"sections alignfull bg-white  flex flex-col\">\n                                    <div class=\"section\">\n                    \n<div class=\"section-shortcode alignfull\">\n      \n  \n  <div class=\"\n    mailpoet_form_popup_overlay\n      \"><\/div>\n  <div\n    id=\"mailpoet_form_1\"\n    class=\"\n      mailpoet_form\n      mailpoet_form_shortcode\n      mailpoet_form_position_\n      mailpoet_form_animation_\n    \"\n      >\n\n    <style type=\"text\/css\">\n     #mailpoet_form_1 .mailpoet_form {  }\n#mailpoet_form_1 .mailpoet_column_with_background { padding: 10px; }\n#mailpoet_form_1 .mailpoet_form_column:not(:first-child) { margin-left: 20px; }\n#mailpoet_form_1 .mailpoet_paragraph { line-height: 20px; margin-bottom: 20px; }\n#mailpoet_form_1 .mailpoet_segment_label, #mailpoet_form_1 .mailpoet_text_label, #mailpoet_form_1 .mailpoet_textarea_label, #mailpoet_form_1 .mailpoet_select_label, #mailpoet_form_1 .mailpoet_radio_label, #mailpoet_form_1 .mailpoet_checkbox_label, #mailpoet_form_1 .mailpoet_list_label, #mailpoet_form_1 .mailpoet_date_label { display: block; font-weight: normal; }\n#mailpoet_form_1 .mailpoet_text, #mailpoet_form_1 .mailpoet_textarea, #mailpoet_form_1 .mailpoet_select, #mailpoet_form_1 .mailpoet_date_month, #mailpoet_form_1 .mailpoet_date_day, #mailpoet_form_1 .mailpoet_date_year, #mailpoet_form_1 .mailpoet_date { display: block; }\n#mailpoet_form_1 .mailpoet_text, #mailpoet_form_1 .mailpoet_textarea { width: 200px; }\n#mailpoet_form_1 .mailpoet_checkbox {  }\n#mailpoet_form_1 .mailpoet_submit {  }\n#mailpoet_form_1 .mailpoet_divider {  }\n#mailpoet_form_1 .mailpoet_message {  }\n#mailpoet_form_1 .mailpoet_form_loading { width: 30px; text-align: center; line-height: normal; }\n#mailpoet_form_1 .mailpoet_form_loading > span { width: 5px; height: 5px; background-color: #5b5b5b; }#mailpoet_form_1{border-radius: 0px;text-align: left;}#mailpoet_form_1 form.mailpoet_form {padding: 20px;}#mailpoet_form_1{width: 100%;}#mailpoet_form_1 .mailpoet_message {margin: 0; padding: 0 20px;}#mailpoet_form_1 .mailpoet_paragraph.last {margin-bottom: 0} @media (max-width: 500px) {#mailpoet_form_1 {background-image: none;}} @media (min-width: 500px) {#mailpoet_form_1 .last .mailpoet_paragraph:last-child {margin-bottom: 0}}  @media (max-width: 500px) {#mailpoet_form_1 .mailpoet_form_column:last-child .mailpoet_paragraph:last-child {margin-bottom: 0}} \n    <\/style>\n\n    <form\n      target=\"_self\"\n      method=\"post\"\n      action=\"https:\/\/www.patientenbeteiligung.de\/nrw\/wp-admin\/admin-post.php?action=mailpoet_subscription_form\"\n      class=\"mailpoet_form mailpoet_form_form mailpoet_form_shortcode\"\n      novalidate\n      data-delay=\"\"\n      data-exit-intent-enabled=\"\"\n      data-font-family=\"\"\n      data-cookie-expiration-time=\"\"\n    >\n      <input type=\"hidden\" name=\"data[form_id]\" value=\"1\" \/>\n      <input type=\"hidden\" name=\"token\" value=\"1498a0e109\" \/>\n      <input type=\"hidden\" name=\"api_version\" value=\"v1\" \/>\n      <input type=\"hidden\" name=\"endpoint\" value=\"subscribers\" \/>\n      <input type=\"hidden\" name=\"mailpoet_method\" value=\"subscribe\" \/>\n\n      <label class=\"mailpoet_hp_email_label\" style=\"display: none !important;\">Bitte dieses Feld leer lassen<input type=\"email\" name=\"data[email]\"\/><\/label><div class=\"mailpoet_paragraph mail\"><input type=\"email\" autocomplete=\"email\" class=\"mailpoet_text\" id=\"form_email_1\" name=\"data[form_field_ZmM1NzE1ZTc4Y2JkX2VtYWls]\" title=\"E-Mail Adresse\" value=\"\" style=\"width:100%;box-sizing:border-box;padding:5px;margin: 0 auto 0 0;\" data-automation-id=\"form_email\"  placeholder=\"E-Mail Adresse *\" aria-label=\"E-Mail Adresse *\" data-parsley-errors-container=\".mailpoet_error_1sssr\" data-parsley-required=\"true\" required aria-required=\"true\" data-parsley-minlength=\"6\" data-parsley-maxlength=\"150\" data-parsley-type-message=\"Dieser Wert sollte eine g\u00fcltige E-Mail-Adresse sein.\" data-parsley-required-message=\"Dieses Feld wird ben\u00f6tigt.\"\/><span class=\"mailpoet_error_1sssr\"><\/span><\/div>\n<div class=\"mailpoet_paragraph submit-button\"><input type=\"submit\" class=\"mailpoet_submit\" value=\"Zur Anmeldung\" data-automation-id=\"subscribe-submit-button\" style=\"width:100%;box-sizing:border-box;padding:5px;margin: 0 auto 0 0;border-color:transparent;\" \/><span class=\"mailpoet_form_loading\"><span class=\"mailpoet_bounce1\"><\/span><span class=\"mailpoet_bounce2\"><\/span><span class=\"mailpoet_bounce3\"><\/span><\/span><\/div>\n<div class=\"mailpoet_paragraph confirm\"><fieldset><input type=\"hidden\" value=\"1\"  name=\"data[cf_1]\" \/><label class=\"mailpoet_checkbox_label\" for=\"mailpoet_checkbox_1\" ><input type=\"checkbox\" class=\"mailpoet_checkbox\" id=\"mailpoet_checkbox_1\" name=\"data[cf_1]\" value=\"1\" data-parsley-errors-container=\".mailpoet_error_1jdmk\" data-parsley-required=\"true\" required aria-required=\"true\" data-parsley-required-message=\"Dieses Feld wird ben\u00f6tigt.\" data-parsley-group=\"custom_field_1\" \/> Hiermit best\u00e4tige ich, dass meine  E-Mail-Adresse zum Versand des Newsletters verwendet werden darf.*<\/label><\/fieldset><span class=\"mailpoet_error_1jdmk\"><\/span><\/div>\n\n      <div class=\"mailpoet_message\">\n        <p class=\"mailpoet_validate_success\"\n                style=\"display:none;\"\n                >Pr\u00fcfe deinen Posteingang oder Spam-Ordner, um dein Abonnement zu best\u00e4tigen.\n        <\/p>\n        <p class=\"mailpoet_validate_error\"\n                style=\"display:none;\"\n                >        <\/p>\n      <\/div>\n    <\/form>\n\n      <\/div>\n\n  <\/div>                <\/div>\n                        <\/div>\n","protected":false},"excerpt":{"rendered":"","protected":false},"author":15,"featured_media":0,"parent":291,"menu_order":0,"comment_status":"closed","ping_status":"closed","template":"","meta":{"_acf_changed":false,"footnotes":""},"class_list":["post-301","page","type-page","status-publish","hentry"],"acf":[],"yoast_head":"<!-- This site is optimized with the Yoast SEO plugin v24.9 - https:\/\/yoast.com\/wordpress\/plugins\/seo\/ -->\n<title>Angebote der Projektstelle - Patientenbeteiligung NRW<\/title>\n<meta name=\"robots\" content=\"index, follow, max-snippet:-1, max-image-preview:large, max-video-preview:-1\" \/>\n<link rel=\"canonical\" href=\"https:\/\/www.patientenbeteiligung.de\/nrw\/wo-finde-ich-weitere-infos\/angebote-der-projektstelle\/\" \/>\n<meta property=\"og:locale\" content=\"de_DE\" \/>\n<meta property=\"og:type\" content=\"article\" \/>\n<meta property=\"og:title\" content=\"Angebote der Projektstelle - Patientenbeteiligung NRW\" \/>\n<meta property=\"og:url\" content=\"https:\/\/www.patientenbeteiligung.de\/nrw\/wo-finde-ich-weitere-infos\/angebote-der-projektstelle\/\" \/>\n<meta property=\"og:site_name\" content=\"Patientenbeteiligung NRW\" \/>\n<meta property=\"article:modified_time\" content=\"2025-08-06T14:35:06+00:00\" \/>\n<meta name=\"twitter:card\" content=\"summary_large_image\" \/>\n<script type=\"application\/ld+json\" class=\"yoast-schema-graph\">{\"@context\":\"https:\/\/schema.org\",\"@graph\":[{\"@type\":\"WebPage\",\"@id\":\"https:\/\/www.patientenbeteiligung.de\/nrw\/wo-finde-ich-weitere-infos\/angebote-der-projektstelle\/\",\"url\":\"https:\/\/www.patientenbeteiligung.de\/nrw\/wo-finde-ich-weitere-infos\/angebote-der-projektstelle\/\",\"name\":\"Angebote der Projektstelle - Patientenbeteiligung NRW\",\"isPartOf\":{\"@id\":\"https:\/\/www.patientenbeteiligung.de\/nrw\/#website\"},\"datePublished\":\"2024-09-18T08:03:36+00:00\",\"dateModified\":\"2025-08-06T14:35:06+00:00\",\"breadcrumb\":{\"@id\":\"https:\/\/www.patientenbeteiligung.de\/nrw\/wo-finde-ich-weitere-infos\/angebote-der-projektstelle\/#breadcrumb\"},\"inLanguage\":\"de\",\"potentialAction\":[{\"@type\":\"ReadAction\",\"target\":[\"https:\/\/www.patientenbeteiligung.de\/nrw\/wo-finde-ich-weitere-infos\/angebote-der-projektstelle\/\"]}]},{\"@type\":\"BreadcrumbList\",\"@id\":\"https:\/\/www.patientenbeteiligung.de\/nrw\/wo-finde-ich-weitere-infos\/angebote-der-projektstelle\/#breadcrumb\",\"itemListElement\":[{\"@type\":\"ListItem\",\"position\":1,\"name\":\"Patientenbeteiligung\",\"item\":\"https:\/\/www.patientenbeteiligung.de\"},{\"@type\":\"ListItem\",\"position\":2,\"name\":\"Nordrhein-Westfalen\",\"item\":\"https:\/\/www.patientenbeteiligung.de\/nrw\/\"},{\"@type\":\"ListItem\",\"position\":3,\"name\":\"Wo finde ich weitere Infos?\",\"item\":\"https:\/\/www.patientenbeteiligung.de\/nrw\/wo-finde-ich-weitere-infos\/\"},{\"@type\":\"ListItem\",\"position\":4,\"name\":\"Angebote der Projektstelle\"}]},{\"@type\":\"WebSite\",\"@id\":\"https:\/\/www.patientenbeteiligung.de\/nrw\/#website\",\"url\":\"https:\/\/www.patientenbeteiligung.de\/nrw\/\",\"name\":\"Patientenbeteiligung NRW\",\"description\":\"\",\"potentialAction\":[{\"@type\":\"SearchAction\",\"target\":{\"@type\":\"EntryPoint\",\"urlTemplate\":\"https:\/\/www.patientenbeteiligung.de\/nrw\/?s={search_term_string}\"},\"query-input\":{\"@type\":\"PropertyValueSpecification\",\"valueRequired\":true,\"valueName\":\"search_term_string\"}}],\"inLanguage\":\"de\"}]}<\/script>\n<!-- \/ Yoast SEO plugin. -->","yoast_head_json":{"title":"Angebote der Projektstelle - Patientenbeteiligung NRW","robots":{"index":"index","follow":"follow","max-snippet":"max-snippet:-1","max-image-preview":"max-image-preview:large","max-video-preview":"max-video-preview:-1"},"canonical":"https:\/\/www.patientenbeteiligung.de\/nrw\/wo-finde-ich-weitere-infos\/angebote-der-projektstelle\/","og_locale":"de_DE","og_type":"article","og_title":"Angebote der Projektstelle - Patientenbeteiligung NRW","og_url":"https:\/\/www.patientenbeteiligung.de\/nrw\/wo-finde-ich-weitere-infos\/angebote-der-projektstelle\/","og_site_name":"Patientenbeteiligung NRW","article_modified_time":"2025-08-06T14:35:06+00:00","twitter_card":"summary_large_image","schema":{"@context":"https:\/\/schema.org","@graph":[{"@type":"WebPage","@id":"https:\/\/www.patientenbeteiligung.de\/nrw\/wo-finde-ich-weitere-infos\/angebote-der-projektstelle\/","url":"https:\/\/www.patientenbeteiligung.de\/nrw\/wo-finde-ich-weitere-infos\/angebote-der-projektstelle\/","name":"Angebote der Projektstelle - Patientenbeteiligung NRW","isPartOf":{"@id":"https:\/\/www.patientenbeteiligung.de\/nrw\/#website"},"datePublished":"2024-09-18T08:03:36+00:00","dateModified":"2025-08-06T14:35:06+00:00","breadcrumb":{"@id":"https:\/\/www.patientenbeteiligung.de\/nrw\/wo-finde-ich-weitere-infos\/angebote-der-projektstelle\/#breadcrumb"},"inLanguage":"de","potentialAction":[{"@type":"ReadAction","target":["https:\/\/www.patientenbeteiligung.de\/nrw\/wo-finde-ich-weitere-infos\/angebote-der-projektstelle\/"]}]},{"@type":"BreadcrumbList","@id":"https:\/\/www.patientenbeteiligung.de\/nrw\/wo-finde-ich-weitere-infos\/angebote-der-projektstelle\/#breadcrumb","itemListElement":[{"@type":"ListItem","position":1,"name":"Patientenbeteiligung","item":"https:\/\/www.patientenbeteiligung.de"},{"@type":"ListItem","position":2,"name":"Nordrhein-Westfalen","item":"https:\/\/www.patientenbeteiligung.de\/nrw\/"},{"@type":"ListItem","position":3,"name":"Wo finde ich weitere Infos?","item":"https:\/\/www.patientenbeteiligung.de\/nrw\/wo-finde-ich-weitere-infos\/"},{"@type":"ListItem","position":4,"name":"Angebote der Projektstelle"}]},{"@type":"WebSite","@id":"https:\/\/www.patientenbeteiligung.de\/nrw\/#website","url":"https:\/\/www.patientenbeteiligung.de\/nrw\/","name":"Patientenbeteiligung NRW","description":"","potentialAction":[{"@type":"SearchAction","target":{"@type":"EntryPoint","urlTemplate":"https:\/\/www.patientenbeteiligung.de\/nrw\/?s={search_term_string}"},"query-input":{"@type":"PropertyValueSpecification","valueRequired":true,"valueName":"search_term_string"}}],"inLanguage":"de"}]}},"_links":{"self":[{"href":"https:\/\/www.patientenbeteiligung.de\/nrw\/wp-json\/wp\/v2\/pages\/301","targetHints":{"allow":["GET"]}}],"collection":[{"href":"https:\/\/www.patientenbeteiligung.de\/nrw\/wp-json\/wp\/v2\/pages"}],"about":[{"href":"https:\/\/www.patientenbeteiligung.de\/nrw\/wp-json\/wp\/v2\/types\/page"}],"author":[{"embeddable":true,"href":"https:\/\/www.patientenbeteiligung.de\/nrw\/wp-json\/wp\/v2\/users\/15"}],"replies":[{"embeddable":true,"href":"https:\/\/www.patientenbeteiligung.de\/nrw\/wp-json\/wp\/v2\/comments?post=301"}],"version-history":[{"count":15,"href":"https:\/\/www.patientenbeteiligung.de\/nrw\/wp-json\/wp\/v2\/pages\/301\/revisions"}],"predecessor-version":[{"id":6862,"href":"https:\/\/www.patientenbeteiligung.de\/nrw\/wp-json\/wp\/v2\/pages\/301\/revisions\/6862"}],"up":[{"embeddable":true,"href":"https:\/\/www.patientenbeteiligung.de\/nrw\/wp-json\/wp\/v2\/pages\/291"}],"wp:attachment":[{"href":"https:\/\/www.patientenbeteiligung.de\/nrw\/wp-json\/wp\/v2\/media?parent=301"}],"curies":[{"name":"wp","href":"https:\/\/api.w.org\/{rel}","templated":true}]}}