{"id":285,"date":"2024-09-17T11:40:41","date_gmt":"2024-09-17T09:40:41","guid":{"rendered":"https:\/\/www.patientenbeteiligung.de\/nordrhein-westfalen\/?page_id=285"},"modified":"2025-10-08T10:23:04","modified_gmt":"2025-10-08T08:23:04","slug":"haeufige-fragen-unsere-faqs","status":"publish","type":"page","link":"https:\/\/www.patientenbeteiligung.de\/nrw\/wie-kann-ich-mich-beteiligen\/haeufige-fragen-unsere-faqs\/","title":{"rendered":"H\u00e4ufige Fragen &#8211; unsere FAQ&#8217;s"},"content":{"rendered":"    <div class=\"sections alignfull   flex flex-col\">\n                                    <div class=\"section py-4 [&#038;:first-child:not(.section-columns_.section)]:pt-12 [&#038;:last-child:not(.section-columns_.section)]:pb-12 md:[&#038;:first-child:not(.section-columns_.section)]:pt-20 md:[&#038;:last-child:not(.section-columns_.section)]:pb-20\">\n                    \n<div class=\"section-text prose prose-pbt alignwide [&#038;.expanded_.read-more-text]:hidden [&#038;.expanded_.read-less-text]:inline [&#038;.expanded_.read-more-target]:!block\">\n    <div class=\" [&#038;_:first-child]:mt-0\">\n        <h2>Ihre Fragen &#8211; unsere Antworten!<\/h2>\n    <\/div>\n    <\/div>                <\/div>\n                            <div class=\"section py-4 [&#038;:first-child:not(.section-columns_.section)]:pt-12 [&#038;:last-child:not(.section-columns_.section)]:pb-12 md:[&#038;:first-child:not(.section-columns_.section)]:pt-20 md:[&#038;:last-child:not(.section-columns_.section)]:pb-20\">\n                    \n<div class=\"section-text prose prose-pbt alignwide [&#038;.expanded_.read-more-text]:hidden [&#038;.expanded_.read-less-text]:inline [&#038;.expanded_.read-more-target]:!block\">\n    <div class=\" [&#038;_:first-child]:mt-0\">\n        <p><strong>Ich m\u00f6chte mich gerne f\u00fcr Patienteninteressen engagieren, aber wei\u00df nicht, wo ich anfangen soll. Was kann ich tun?<\/strong><\/p>\n<p>Direkt einen Infotermin mit der Projektstelle der Patientenbeteiligung in NRW vereinbaren!<\/p>\n<p>&nbsp;<\/p>\n<p><strong>Was ist der Unterschied zwischen Patientenbeteiligung und Patientenvertretung?<\/strong><\/p>\n<p>Patientenbeteiligung ist ein allgemeinerer Begriff. Er verweist auf alle M\u00f6glichkeiten sich als Patient*innen in Entscheidungsprozesse direkt einzubringen. Patientenvertretung meint, dass man sich f\u00fcr andere Menschen einsetzt und nicht nur eigene Interessen vertritt. Dies geht in der Regel mit dem Engagement in Gremien einher. Hierf\u00fcr ist in den meisten F\u00e4llen ein Benennungsverfahren notwendig.<\/p>\n<p>&nbsp;<\/p>\n<p><strong>Ich m\u00f6chte mich im Gemeinsamen Bundesausschuss engagieren. Er wird hier aber gar nicht aufgef\u00fchrt.<\/strong><\/p>\n<p>Die Benennung zur Patientenvertretung in den Gemeinsamen Bundesausschuss (G-BA) wird auf Bundesebene organisiert. Weitere Informationen finden Sie <a href=\"https:\/\/www.patientenbeteiligung.de\/neu\/\">hier<\/a>.<\/p>\n<p>&nbsp;<\/p>\n<p><strong>Ich m\u00f6chte mich engagieren, aber bef\u00fcrchte, nicht ausreichend Wissen mitzubringen. Ist das ein Problem?<\/strong><\/p>\n<p>Wichtig ist, die Bereitschaft mitzubringen, sich neues Wissen anzueignen. Die Projektstelle der Patientenbeteiligung in NRW unterst\u00fctzt Sie dabei, alle notwendigen Informationen f\u00fcr das Engagement zu erhalten und sich durch Fortbildungen weiterzuentwickeln.<\/p>\n<p>&nbsp;<\/p>\n<p><strong>Wer finanziert das alles eigentlich?<\/strong><\/p>\n<p>F\u00fcr die Aufwandsentsch\u00e4digungen in den verschiedenen Gremiensitzungen sind die jeweiligen Gesch\u00e4ftsstellen zust\u00e4ndig, die beispielsweise an die Kassen\u00e4rztlichen Vereinigungen, \u00c4rztekammern und Gesetzlichen Krankenversicherung angedockt sind.<\/p>\n<p>Das Projekt zur Koordinierung und Vernetzung der Patientenbeteiligung in NRW wird vom Ministerium f\u00fcr Arbeit, Gesundheit und Soziales NRW finanziert.<\/p>\n<p>&nbsp;<\/p>\n<p><strong>Ich m\u00f6chte in ein Gremium der Bedarfsplanung und Qualit\u00e4tssicherung. Daf\u00fcr muss ich Mitglied einer ma\u00dfgeblichen Patienten- oder Selbsthilfeorganisation sein. Was ist das?<\/strong><\/p>\n<p>Die Patientenbeteiligungsverordnung regelt, welche Organisationen die Belange der Patient*innen sowie chronisch kranker und behinderter Menschen vertreten d\u00fcrfen. Als Patientenvertreter*in m\u00fcssen Sie oder Ihr Verein Mitglied einer solchen Organisation sein. In manchen F\u00e4llen kann auch eine indirekte Mitgliedschaft ausreichen \u2013 zum Beispiel, wenn Sie sich in einer Selbsthilfegruppe engagieren, die wiederum Mitglied einer der ma\u00dfgeblichen Organisationen ist. Die Organisationen werden entsprechend ihrem Aufbau entweder als Betroffenenorganisation oder als Beraterorganisation bezeichnet.<\/p>\n<p>Betroffenenorganisationen sind in Nordrhein-Westfalen:<\/p>\n<ul>\n<li>Sozialverband Deutschland Landesverband NRW e.V. (SoVD NRW)<\/li>\n<li>Sozialverband VdK Nordrhein-Westfalen e.V. (VdK NRW)<\/li>\n<li>Landesarbeitsgemeinschaft Selbsthilfe NRW e.V. (LAG SELBSTHILFE NRW)<\/li>\n<li>Gesundheitsselbsthilfe NRW<\/li>\n<li>Landesverband \u201eInteressenvertretung Selbstbestimmt Leben NRW\u201c e.V. (ISL NRW)<\/li>\n<li>Netzwerk Frauen und M\u00e4dchen mit Behinderung \/ chronischer Erkrankung NRW (Netzwerk NRW)<\/li>\n<\/ul>\n<p>Beratungsorganisationen in Nordrhein-Westfalen:<\/p>\n<ul>\n<li>Verbraucherzentrale NRW e.V.<\/li>\n<li>Koordination der Selbsthilfe-Unterst\u00fctzung durch Selbsthilfe-Kontaktstellen in Nordrhein-Westfalen (KOSKON NRW)<\/li>\n<li>PatientInnenstellen in NRW<\/li>\n<\/ul>\n<p>Vertreter*innen dieser Organisationen bilden den Koordinierungsausschuss der Patientenorganisationen in NRW (KooA NRW), der unter anderem \u00fcber die Benennung der Patientenvertreter*innen in Gremien entscheidet.<\/p>\n    <\/div>\n    <\/div>                <\/div>\n                            <div class=\"section\">\n                    \n<div class=\"section-spacer \"><\/div>                <\/div>\n                        <\/div>\n\n\n    <div class=\"sections alignfull bg-ultralight-green text-dark-green [&#038;_p]:text-dark-green [&#038;_p_*:not(a)]:text-dark-green  flex flex-col\">\n                                    <div class=\"section\">\n                    <div class=\"section-buttons\">\n    <div class=\"bg-ultralight-green py-8\">\n        <div class=\"alignwide\">\n            <h2 class=\"my-0\">Erfahren Sie mehr zu:<\/h2>\n        <\/div>\n    <\/div>\n            <div class=\"buttons w-full flex flex-col button-cols-1 alignfull\">\n                            \n                                    <a class=\"button flex gap-2 items-center justify-center [&#038;:nth-child(2n-1):nth-last-of-type(1)]:col-span-2 lg:[&#038;:nth-child(2n-1):not(.button-cols-1_*):not(:last-child)]:border-r-2 border-b-2 border-white\" href=\"https:\/\/www.patientenbeteiligung.de\/nrw\/wie-kann-ich-mich-beteiligen\/\" class=\"button\">\n                                                <span>Selbstverst\u00e4ndnis der Patientenvertretung<\/span>\n                    <\/a>\n                                            \n                                    <a class=\"button flex gap-2 items-center justify-center [&#038;:nth-child(2n-1):nth-last-of-type(1)]:col-span-2 lg:[&#038;:nth-child(2n-1):not(.button-cols-1_*):not(:last-child)]:border-r-2 border-b-2 border-white\" href=\"https:\/\/www.patientenbeteiligung.de\/nrw\/wie-kann-ich-mich-beteiligen\/mitwirkung-im-netzwerk\/\" class=\"button\">\n                                                <span>Mitwirkung im Netzwerk<\/span>\n                    <\/a>\n                                            \n                                    <a class=\"button flex gap-2 items-center justify-center [&#038;:nth-child(2n-1):nth-last-of-type(1)]:col-span-2 lg:[&#038;:nth-child(2n-1):not(.button-cols-1_*):not(:last-child)]:border-r-2 border-b-2 border-white\" href=\"https:\/\/www.patientenbeteiligung.de\/nrw\/der-weg-ins-gremium\/\" class=\"button\">\n                                                <span>Der Weg ins Gremium<\/span>\n                    <\/a>\n                                            \n                                    <a class=\"button flex gap-2 items-center justify-center [&#038;:nth-child(2n-1):nth-last-of-type(1)]:col-span-2 lg:[&#038;:nth-child(2n-1):not(.button-cols-1_*):not(:last-child)]:border-r-2 border-b-2 border-white\" href=\"https:\/\/www.patientenbeteiligung.de\/nrw\/wie-kann-ich-mich-beteiligen\/freie-gremienplaetze\/\" class=\"button\">\n                                                <span>Freie Gremienpl\u00e4tze<\/span>\n                    <\/a>\n                                            \n                                    <a class=\"button flex gap-2 items-center justify-center [&#038;:nth-child(2n-1):nth-last-of-type(1)]:col-span-2 lg:[&#038;:nth-child(2n-1):not(.button-cols-1_*):not(:last-child)]:border-r-2 border-b-2 border-white\" href=\"https:\/\/www.patientenbeteiligung.de\/nordrhein-westfalen\/andere-formen-der-beteiligung\/\" class=\"button\">\n                                                <span>Andere Formen der Beteiligung<\/span>\n                    <\/a>\n                                            \n                                    <a class=\"button flex gap-2 items-center justify-center [&#038;:nth-child(2n-1):nth-last-of-type(1)]:col-span-2 lg:[&#038;:nth-child(2n-1):not(.button-cols-1_*):not(:last-child)]:border-r-2 border-b-2 border-white\" href=\"https:\/\/www.patientenbeteiligung.de\/nrw\/erfahrungsberichte\/\" class=\"button\">\n                                                <span>Erfahrungsberichte<\/span>\n                    <\/a>\n                                    <\/div>\n    <\/div>                <\/div>\n                        <\/div>\n\n\n    <div class=\"sections alignfull   flex flex-col\">\n            <\/div>\n\n\n    <div class=\"sections alignfull bg-ultralight-green text-dark-green [&#038;_p]:text-dark-green [&#038;_p_*:not(a)]:text-dark-green  flex flex-col\">\n                                    <div class=\"section py-4 [&#038;:first-child:not(.section-columns_.section)]:pt-12 [&#038;:last-child:not(.section-columns_.section)]:pb-12 md:[&#038;:first-child:not(.section-columns_.section)]:pt-20 md:[&#038;:last-child:not(.section-columns_.section)]:pb-20\">\n                    \n<div class=\"section-text prose prose-pbt alignwide [&#038;.expanded_.read-more-text]:hidden [&#038;.expanded_.read-less-text]:inline [&#038;.expanded_.read-more-target]:!block\">\n    <div class=\" [&#038;_:first-child]:mt-0\">\n        <p><strong>Abonnieren Sie doch unseren Newsletter!<\/strong><\/p>\n<p>Einmal pro Quartal informieren wir \u00fcber aktuelle Neuigkeiten aus der Patientenvertretung, der Gesundheitspolitik und dem Projekt.<\/p>\n    <\/div>\n    <\/div>                <\/div>\n                        <\/div>\n\n\n    <div class=\"sections alignfull bg-white  flex flex-col\">\n                                    <div class=\"section\">\n                    \n<div class=\"section-shortcode alignfull\">\n      \n  \n  <div class=\"\n    mailpoet_form_popup_overlay\n      \"><\/div>\n  <div\n    id=\"mailpoet_form_1\"\n    class=\"\n      mailpoet_form\n      mailpoet_form_shortcode\n      mailpoet_form_position_\n      mailpoet_form_animation_\n    \"\n      >\n\n    <style type=\"text\/css\">\n     #mailpoet_form_1 .mailpoet_form {  }\n#mailpoet_form_1 .mailpoet_column_with_background { padding: 10px; }\n#mailpoet_form_1 .mailpoet_form_column:not(:first-child) { margin-left: 20px; }\n#mailpoet_form_1 .mailpoet_paragraph { line-height: 20px; margin-bottom: 20px; }\n#mailpoet_form_1 .mailpoet_segment_label, #mailpoet_form_1 .mailpoet_text_label, #mailpoet_form_1 .mailpoet_textarea_label, #mailpoet_form_1 .mailpoet_select_label, #mailpoet_form_1 .mailpoet_radio_label, #mailpoet_form_1 .mailpoet_checkbox_label, #mailpoet_form_1 .mailpoet_list_label, #mailpoet_form_1 .mailpoet_date_label { display: block; font-weight: normal; }\n#mailpoet_form_1 .mailpoet_text, #mailpoet_form_1 .mailpoet_textarea, #mailpoet_form_1 .mailpoet_select, #mailpoet_form_1 .mailpoet_date_month, #mailpoet_form_1 .mailpoet_date_day, #mailpoet_form_1 .mailpoet_date_year, #mailpoet_form_1 .mailpoet_date { display: block; }\n#mailpoet_form_1 .mailpoet_text, #mailpoet_form_1 .mailpoet_textarea { width: 200px; }\n#mailpoet_form_1 .mailpoet_checkbox {  }\n#mailpoet_form_1 .mailpoet_submit {  }\n#mailpoet_form_1 .mailpoet_divider {  }\n#mailpoet_form_1 .mailpoet_message {  }\n#mailpoet_form_1 .mailpoet_form_loading { width: 30px; text-align: center; line-height: normal; }\n#mailpoet_form_1 .mailpoet_form_loading > span { width: 5px; height: 5px; background-color: #5b5b5b; }#mailpoet_form_1{border-radius: 0px;text-align: left;}#mailpoet_form_1 form.mailpoet_form {padding: 20px;}#mailpoet_form_1{width: 100%;}#mailpoet_form_1 .mailpoet_message {margin: 0; padding: 0 20px;}#mailpoet_form_1 .mailpoet_paragraph.last {margin-bottom: 0} @media (max-width: 500px) {#mailpoet_form_1 {background-image: none;}} @media (min-width: 500px) {#mailpoet_form_1 .last .mailpoet_paragraph:last-child {margin-bottom: 0}}  @media (max-width: 500px) {#mailpoet_form_1 .mailpoet_form_column:last-child .mailpoet_paragraph:last-child {margin-bottom: 0}} \n    <\/style>\n\n    <form\n      target=\"_self\"\n      method=\"post\"\n      action=\"https:\/\/www.patientenbeteiligung.de\/nrw\/wp-admin\/admin-post.php?action=mailpoet_subscription_form\"\n      class=\"mailpoet_form mailpoet_form_form mailpoet_form_shortcode\"\n      novalidate\n      data-delay=\"\"\n      data-exit-intent-enabled=\"\"\n      data-font-family=\"\"\n      data-cookie-expiration-time=\"\"\n    >\n      <input type=\"hidden\" name=\"data[form_id]\" value=\"1\" \/>\n      <input type=\"hidden\" name=\"token\" value=\"910c2b4a3d\" \/>\n      <input type=\"hidden\" name=\"api_version\" value=\"v1\" \/>\n      <input type=\"hidden\" name=\"endpoint\" value=\"subscribers\" \/>\n      <input type=\"hidden\" name=\"mailpoet_method\" value=\"subscribe\" \/>\n\n      <label class=\"mailpoet_hp_email_label\" style=\"display: none !important;\">Bitte dieses Feld leer lassen<input type=\"email\" name=\"data[email]\"\/><\/label><div class=\"mailpoet_paragraph mail\"><input type=\"email\" autocomplete=\"email\" class=\"mailpoet_text\" id=\"form_email_1\" name=\"data[form_field_ZmM1NzE1ZTc4Y2JkX2VtYWls]\" title=\"E-Mail Adresse\" value=\"\" style=\"width:100%;box-sizing:border-box;padding:5px;margin: 0 auto 0 0;\" data-automation-id=\"form_email\"  placeholder=\"E-Mail Adresse *\" aria-label=\"E-Mail Adresse *\" data-parsley-errors-container=\".mailpoet_error_1529h\" data-parsley-required=\"true\" required aria-required=\"true\" data-parsley-minlength=\"6\" data-parsley-maxlength=\"150\" data-parsley-type-message=\"Dieser Wert sollte eine g\u00fcltige E-Mail-Adresse sein.\" data-parsley-required-message=\"Dieses Feld wird ben\u00f6tigt.\"\/><span class=\"mailpoet_error_1529h\"><\/span><\/div>\n<div class=\"mailpoet_paragraph submit-button\"><input type=\"submit\" class=\"mailpoet_submit\" value=\"Zur Anmeldung\" data-automation-id=\"subscribe-submit-button\" style=\"width:100%;box-sizing:border-box;padding:5px;margin: 0 auto 0 0;border-color:transparent;\" \/><span class=\"mailpoet_form_loading\"><span class=\"mailpoet_bounce1\"><\/span><span class=\"mailpoet_bounce2\"><\/span><span class=\"mailpoet_bounce3\"><\/span><\/span><\/div>\n<div class=\"mailpoet_paragraph confirm\"><fieldset><input type=\"hidden\" value=\"1\"  name=\"data[cf_1]\" \/><label class=\"mailpoet_checkbox_label\" for=\"mailpoet_checkbox_1\" ><input type=\"checkbox\" class=\"mailpoet_checkbox\" id=\"mailpoet_checkbox_1\" name=\"data[cf_1]\" value=\"1\" data-parsley-errors-container=\".mailpoet_error_1jl3k\" data-parsley-required=\"true\" required aria-required=\"true\" data-parsley-required-message=\"Dieses Feld wird ben\u00f6tigt.\" data-parsley-group=\"custom_field_1\" \/> Hiermit best\u00e4tige ich, dass meine  E-Mail-Adresse zum Versand des Newsletters verwendet werden darf.*<\/label><\/fieldset><span class=\"mailpoet_error_1jl3k\"><\/span><\/div>\n\n      <div class=\"mailpoet_message\">\n        <p class=\"mailpoet_validate_success\"\n                style=\"display:none;\"\n                >Pr\u00fcfe deinen Posteingang oder Spam-Ordner, um dein Abonnement zu best\u00e4tigen.\n        <\/p>\n        <p class=\"mailpoet_validate_error\"\n                style=\"display:none;\"\n                >        <\/p>\n      <\/div>\n    <\/form>\n\n      <\/div>\n\n  <\/div>                <\/div>\n                        <\/div>\n","protected":false},"excerpt":{"rendered":"","protected":false},"author":15,"featured_media":0,"parent":5684,"menu_order":0,"comment_status":"closed","ping_status":"closed","template":"","meta":{"_acf_changed":false,"footnotes":""},"class_list":["post-285","page","type-page","status-publish","hentry"],"acf":[],"yoast_head":"<!-- This site is optimized with the Yoast SEO plugin v24.9 - https:\/\/yoast.com\/wordpress\/plugins\/seo\/ -->\n<title>H\u00e4ufige Fragen - unsere FAQ&#039;s - Patientenbeteiligung NRW<\/title>\n<meta name=\"robots\" content=\"index, follow, max-snippet:-1, max-image-preview:large, max-video-preview:-1\" \/>\n<link rel=\"canonical\" href=\"https:\/\/www.patientenbeteiligung.de\/nrw\/wie-kann-ich-mich-beteiligen\/haeufige-fragen-unsere-faqs\/\" \/>\n<meta property=\"og:locale\" content=\"de_DE\" \/>\n<meta property=\"og:type\" content=\"article\" \/>\n<meta property=\"og:title\" content=\"H\u00e4ufige Fragen - unsere FAQ&#039;s - Patientenbeteiligung NRW\" \/>\n<meta property=\"og:url\" content=\"https:\/\/www.patientenbeteiligung.de\/nrw\/wie-kann-ich-mich-beteiligen\/haeufige-fragen-unsere-faqs\/\" \/>\n<meta property=\"og:site_name\" content=\"Patientenbeteiligung NRW\" \/>\n<meta property=\"article:modified_time\" content=\"2025-10-08T08:23:04+00:00\" \/>\n<meta name=\"twitter:card\" content=\"summary_large_image\" \/>\n<script type=\"application\/ld+json\" class=\"yoast-schema-graph\">{\"@context\":\"https:\/\/schema.org\",\"@graph\":[{\"@type\":\"WebPage\",\"@id\":\"https:\/\/www.patientenbeteiligung.de\/nrw\/wie-kann-ich-mich-beteiligen\/haeufige-fragen-unsere-faqs\/\",\"url\":\"https:\/\/www.patientenbeteiligung.de\/nrw\/wie-kann-ich-mich-beteiligen\/haeufige-fragen-unsere-faqs\/\",\"name\":\"H\u00e4ufige Fragen - unsere FAQ's - Patientenbeteiligung NRW\",\"isPartOf\":{\"@id\":\"https:\/\/www.patientenbeteiligung.de\/nrw\/#website\"},\"datePublished\":\"2024-09-17T09:40:41+00:00\",\"dateModified\":\"2025-10-08T08:23:04+00:00\",\"breadcrumb\":{\"@id\":\"https:\/\/www.patientenbeteiligung.de\/nrw\/wie-kann-ich-mich-beteiligen\/haeufige-fragen-unsere-faqs\/#breadcrumb\"},\"inLanguage\":\"de\",\"potentialAction\":[{\"@type\":\"ReadAction\",\"target\":[\"https:\/\/www.patientenbeteiligung.de\/nrw\/wie-kann-ich-mich-beteiligen\/haeufige-fragen-unsere-faqs\/\"]}]},{\"@type\":\"BreadcrumbList\",\"@id\":\"https:\/\/www.patientenbeteiligung.de\/nrw\/wie-kann-ich-mich-beteiligen\/haeufige-fragen-unsere-faqs\/#breadcrumb\",\"itemListElement\":[{\"@type\":\"ListItem\",\"position\":1,\"name\":\"Patientenbeteiligung\",\"item\":\"https:\/\/www.patientenbeteiligung.de\"},{\"@type\":\"ListItem\",\"position\":2,\"name\":\"Nordrhein-Westfalen\",\"item\":\"https:\/\/www.patientenbeteiligung.de\/nrw\/\"},{\"@type\":\"ListItem\",\"position\":3,\"name\":\"Wie kann ich mich beteiligen?\",\"item\":\"https:\/\/www.patientenbeteiligung.de\/nrw\/wie-kann-ich-mich-beteiligen\/\"},{\"@type\":\"ListItem\",\"position\":4,\"name\":\"H\u00e4ufige Fragen &#8211; unsere FAQ&#8217;s\"}]},{\"@type\":\"WebSite\",\"@id\":\"https:\/\/www.patientenbeteiligung.de\/nrw\/#website\",\"url\":\"https:\/\/www.patientenbeteiligung.de\/nrw\/\",\"name\":\"Patientenbeteiligung NRW\",\"description\":\"\",\"potentialAction\":[{\"@type\":\"SearchAction\",\"target\":{\"@type\":\"EntryPoint\",\"urlTemplate\":\"https:\/\/www.patientenbeteiligung.de\/nrw\/?s={search_term_string}\"},\"query-input\":{\"@type\":\"PropertyValueSpecification\",\"valueRequired\":true,\"valueName\":\"search_term_string\"}}],\"inLanguage\":\"de\"}]}<\/script>\n<!-- \/ Yoast SEO plugin. -->","yoast_head_json":{"title":"H\u00e4ufige Fragen - unsere FAQ's - Patientenbeteiligung NRW","robots":{"index":"index","follow":"follow","max-snippet":"max-snippet:-1","max-image-preview":"max-image-preview:large","max-video-preview":"max-video-preview:-1"},"canonical":"https:\/\/www.patientenbeteiligung.de\/nrw\/wie-kann-ich-mich-beteiligen\/haeufige-fragen-unsere-faqs\/","og_locale":"de_DE","og_type":"article","og_title":"H\u00e4ufige Fragen - unsere FAQ's - Patientenbeteiligung NRW","og_url":"https:\/\/www.patientenbeteiligung.de\/nrw\/wie-kann-ich-mich-beteiligen\/haeufige-fragen-unsere-faqs\/","og_site_name":"Patientenbeteiligung NRW","article_modified_time":"2025-10-08T08:23:04+00:00","twitter_card":"summary_large_image","schema":{"@context":"https:\/\/schema.org","@graph":[{"@type":"WebPage","@id":"https:\/\/www.patientenbeteiligung.de\/nrw\/wie-kann-ich-mich-beteiligen\/haeufige-fragen-unsere-faqs\/","url":"https:\/\/www.patientenbeteiligung.de\/nrw\/wie-kann-ich-mich-beteiligen\/haeufige-fragen-unsere-faqs\/","name":"H\u00e4ufige Fragen - unsere FAQ's - Patientenbeteiligung NRW","isPartOf":{"@id":"https:\/\/www.patientenbeteiligung.de\/nrw\/#website"},"datePublished":"2024-09-17T09:40:41+00:00","dateModified":"2025-10-08T08:23:04+00:00","breadcrumb":{"@id":"https:\/\/www.patientenbeteiligung.de\/nrw\/wie-kann-ich-mich-beteiligen\/haeufige-fragen-unsere-faqs\/#breadcrumb"},"inLanguage":"de","potentialAction":[{"@type":"ReadAction","target":["https:\/\/www.patientenbeteiligung.de\/nrw\/wie-kann-ich-mich-beteiligen\/haeufige-fragen-unsere-faqs\/"]}]},{"@type":"BreadcrumbList","@id":"https:\/\/www.patientenbeteiligung.de\/nrw\/wie-kann-ich-mich-beteiligen\/haeufige-fragen-unsere-faqs\/#breadcrumb","itemListElement":[{"@type":"ListItem","position":1,"name":"Patientenbeteiligung","item":"https:\/\/www.patientenbeteiligung.de"},{"@type":"ListItem","position":2,"name":"Nordrhein-Westfalen","item":"https:\/\/www.patientenbeteiligung.de\/nrw\/"},{"@type":"ListItem","position":3,"name":"Wie kann ich mich beteiligen?","item":"https:\/\/www.patientenbeteiligung.de\/nrw\/wie-kann-ich-mich-beteiligen\/"},{"@type":"ListItem","position":4,"name":"H\u00e4ufige Fragen &#8211; unsere FAQ&#8217;s"}]},{"@type":"WebSite","@id":"https:\/\/www.patientenbeteiligung.de\/nrw\/#website","url":"https:\/\/www.patientenbeteiligung.de\/nrw\/","name":"Patientenbeteiligung NRW","description":"","potentialAction":[{"@type":"SearchAction","target":{"@type":"EntryPoint","urlTemplate":"https:\/\/www.patientenbeteiligung.de\/nrw\/?s={search_term_string}"},"query-input":{"@type":"PropertyValueSpecification","valueRequired":true,"valueName":"search_term_string"}}],"inLanguage":"de"}]}},"_links":{"self":[{"href":"https:\/\/www.patientenbeteiligung.de\/nrw\/wp-json\/wp\/v2\/pages\/285","targetHints":{"allow":["GET"]}}],"collection":[{"href":"https:\/\/www.patientenbeteiligung.de\/nrw\/wp-json\/wp\/v2\/pages"}],"about":[{"href":"https:\/\/www.patientenbeteiligung.de\/nrw\/wp-json\/wp\/v2\/types\/page"}],"author":[{"embeddable":true,"href":"https:\/\/www.patientenbeteiligung.de\/nrw\/wp-json\/wp\/v2\/users\/15"}],"replies":[{"embeddable":true,"href":"https:\/\/www.patientenbeteiligung.de\/nrw\/wp-json\/wp\/v2\/comments?post=285"}],"version-history":[{"count":11,"href":"https:\/\/www.patientenbeteiligung.de\/nrw\/wp-json\/wp\/v2\/pages\/285\/revisions"}],"predecessor-version":[{"id":6998,"href":"https:\/\/www.patientenbeteiligung.de\/nrw\/wp-json\/wp\/v2\/pages\/285\/revisions\/6998"}],"up":[{"embeddable":true,"href":"https:\/\/www.patientenbeteiligung.de\/nrw\/wp-json\/wp\/v2\/pages\/5684"}],"wp:attachment":[{"href":"https:\/\/www.patientenbeteiligung.de\/nrw\/wp-json\/wp\/v2\/media?parent=285"}],"curies":[{"name":"wp","href":"https:\/\/api.w.org\/{rel}","templated":true}]}}