{"id":213,"date":"2024-09-16T16:00:11","date_gmt":"2024-09-16T14:00:11","guid":{"rendered":"https:\/\/www.patientenbeteiligung.de\/nordrhein-westfalen\/?page_id=213"},"modified":"2024-10-21T08:23:55","modified_gmt":"2024-10-21T06:23:55","slug":"patientenbeteiligung-in-leichter-sprache","status":"publish","type":"page","link":"https:\/\/www.patientenbeteiligung.de\/nrw\/was-ist-patientenbeteiligung\/patientenbeteiligung-in-leichter-sprache\/","title":{"rendered":"Patientenbeteiligung in leichter Sprache"},"content":{"rendered":"    <div class=\"sections alignfull   flex flex-col\">\n                                    <div class=\"section\">\n                    \n<div class=\"section-spacer h-4\"><\/div>                <\/div>\n                            <div class=\"section py-4 [&#038;:first-child:not(.section-columns_.section)]:pt-12 [&#038;:last-child:not(.section-columns_.section)]:pb-12 md:[&#038;:first-child:not(.section-columns_.section)]:pt-20 md:[&#038;:last-child:not(.section-columns_.section)]:pb-20\">\n                    \n<div class=\"section-text prose prose-pbt alignwide [&#038;.expanded_.read-more-text]:hidden [&#038;.expanded_.read-less-text]:inline [&#038;.expanded_.read-more-target]:!block\">\n    <div class=\" [&#038;_:first-child]:mt-0\">\n        <h2>Patientenbeteiligung in leichter Sprache<\/h2>\n    <\/div>\n    <\/div>                <\/div>\n                            <div class=\"section py-4 [&#038;:first-child:not(.section-columns_.section)]:pt-12 [&#038;:last-child:not(.section-columns_.section)]:pb-12 md:[&#038;:first-child:not(.section-columns_.section)]:pt-20 md:[&#038;:last-child:not(.section-columns_.section)]:pb-20\">\n                    \n<div class=\"section-text-image prose prose-pbt alignwide\">\n    <div class=\"columns flex flex-col lg:flex-row gap-2 gap-8\">\n        <div class=\"column order-1 max-w-1\/2 \">\n                <figure class=\"[&#038;_img]:m-0 m-0\">\n        <img loading=\"lazy\" decoding=\"async\" width=\"58\" height=\"58\" src=\"https:\/\/www.patientenbeteiligung.de\/nrw\/wp-content\/uploads\/sites\/12\/2024\/10\/icon_leichte_sprache@2x.png\" class=\"w-full\" alt=\"\" title=\"icon_leichte_sprache@2x\" \/>            <\/figure>\n        <\/div>\n        <div class=\"colum order-2 [&#038;_:first-child]:mt-0\">\n            <p>Das Gesundheitswesen ist f\u00fcr die Patienten da. Patienten haben W\u00fcnsche bei der Versorgung und Behandlung, die wichtig sind. Zum Beispiel sollen die Orte, wo sie Hilfe bekommen, leicht zu finden und f\u00fcr alle zug\u00e4nglich sein. Patienten haben das Recht, bei politischen Entscheidungen mitzureden. Durch ihre Erfahrungen helfen sie, bessere Entscheidungen im Gesundheitswesen zu treffen. Patienten werden in verschiedenen Bereichen des Gesundheitswesens einbezogen. Wenn sich Patienten in Gremien engagieren, nennt man das Patientenvertretung. Ein Gesetz h\u00e4lt fest, dass sich Menschen f\u00fcr Patienteninteressen einsetzen k\u00f6nnen.<\/p>\n        <\/div>\n    <\/div>\n<\/div>                <\/div>\n                        <\/div>\n\n\n    <div class=\"sections alignfull   flex flex-col\">\n            <\/div>\n\n\n    <div class=\"sections alignfull   flex flex-col\">\n            <\/div>\n\n\n    <div class=\"sections alignfull bg-ultralight-green text-dark-green [&#038;_p]:text-dark-green [&#038;_p_*:not(a)]:text-dark-green  flex flex-col\">\n            <\/div>\n\n\n    <div class=\"sections alignfull bg-white  flex flex-col\">\n            <\/div>\n","protected":false},"excerpt":{"rendered":"","protected":false},"author":15,"featured_media":0,"parent":199,"menu_order":0,"comment_status":"closed","ping_status":"closed","template":"","meta":{"_acf_changed":false,"footnotes":""},"class_list":["post-213","page","type-page","status-publish","hentry"],"acf":[],"yoast_head":"<!-- This site is optimized with the Yoast SEO plugin v24.9 - https:\/\/yoast.com\/wordpress\/plugins\/seo\/ -->\n<title>Patientenbeteiligung in leichter Sprache - Patientenbeteiligung NRW<\/title>\n<meta name=\"robots\" content=\"index, follow, max-snippet:-1, max-image-preview:large, max-video-preview:-1\" \/>\n<link rel=\"canonical\" href=\"https:\/\/www.patientenbeteiligung.de\/nrw\/was-ist-patientenbeteiligung\/patientenbeteiligung-in-leichter-sprache\/\" \/>\n<meta property=\"og:locale\" content=\"de_DE\" \/>\n<meta property=\"og:type\" content=\"article\" \/>\n<meta property=\"og:title\" content=\"Patientenbeteiligung in leichter Sprache - Patientenbeteiligung NRW\" \/>\n<meta property=\"og:url\" content=\"https:\/\/www.patientenbeteiligung.de\/nrw\/was-ist-patientenbeteiligung\/patientenbeteiligung-in-leichter-sprache\/\" \/>\n<meta property=\"og:site_name\" content=\"Patientenbeteiligung NRW\" \/>\n<meta property=\"article:modified_time\" content=\"2024-10-21T06:23:55+00:00\" \/>\n<meta name=\"twitter:card\" content=\"summary_large_image\" \/>\n<script type=\"application\/ld+json\" class=\"yoast-schema-graph\">{\"@context\":\"https:\/\/schema.org\",\"@graph\":[{\"@type\":\"WebPage\",\"@id\":\"https:\/\/www.patientenbeteiligung.de\/nrw\/was-ist-patientenbeteiligung\/patientenbeteiligung-in-leichter-sprache\/\",\"url\":\"https:\/\/www.patientenbeteiligung.de\/nrw\/was-ist-patientenbeteiligung\/patientenbeteiligung-in-leichter-sprache\/\",\"name\":\"Patientenbeteiligung in leichter Sprache - Patientenbeteiligung NRW\",\"isPartOf\":{\"@id\":\"https:\/\/www.patientenbeteiligung.de\/nrw\/#website\"},\"datePublished\":\"2024-09-16T14:00:11+00:00\",\"dateModified\":\"2024-10-21T06:23:55+00:00\",\"breadcrumb\":{\"@id\":\"https:\/\/www.patientenbeteiligung.de\/nrw\/was-ist-patientenbeteiligung\/patientenbeteiligung-in-leichter-sprache\/#breadcrumb\"},\"inLanguage\":\"de\",\"potentialAction\":[{\"@type\":\"ReadAction\",\"target\":[\"https:\/\/www.patientenbeteiligung.de\/nrw\/was-ist-patientenbeteiligung\/patientenbeteiligung-in-leichter-sprache\/\"]}]},{\"@type\":\"BreadcrumbList\",\"@id\":\"https:\/\/www.patientenbeteiligung.de\/nrw\/was-ist-patientenbeteiligung\/patientenbeteiligung-in-leichter-sprache\/#breadcrumb\",\"itemListElement\":[{\"@type\":\"ListItem\",\"position\":1,\"name\":\"Patientenbeteiligung\",\"item\":\"https:\/\/www.patientenbeteiligung.de\"},{\"@type\":\"ListItem\",\"position\":2,\"name\":\"Nordrhein-Westfalen\",\"item\":\"https:\/\/www.patientenbeteiligung.de\/nrw\/\"},{\"@type\":\"ListItem\",\"position\":3,\"name\":\"Was ist Patientenbeteiligung?\",\"item\":\"https:\/\/www.patientenbeteiligung.de\/nrw\/was-ist-patientenbeteiligung\/\"},{\"@type\":\"ListItem\",\"position\":4,\"name\":\"Patientenbeteiligung in leichter Sprache\"}]},{\"@type\":\"WebSite\",\"@id\":\"https:\/\/www.patientenbeteiligung.de\/nrw\/#website\",\"url\":\"https:\/\/www.patientenbeteiligung.de\/nrw\/\",\"name\":\"Patientenbeteiligung NRW\",\"description\":\"\",\"potentialAction\":[{\"@type\":\"SearchAction\",\"target\":{\"@type\":\"EntryPoint\",\"urlTemplate\":\"https:\/\/www.patientenbeteiligung.de\/nrw\/?s={search_term_string}\"},\"query-input\":{\"@type\":\"PropertyValueSpecification\",\"valueRequired\":true,\"valueName\":\"search_term_string\"}}],\"inLanguage\":\"de\"}]}<\/script>\n<!-- \/ Yoast SEO plugin. -->","yoast_head_json":{"title":"Patientenbeteiligung in leichter Sprache - Patientenbeteiligung NRW","robots":{"index":"index","follow":"follow","max-snippet":"max-snippet:-1","max-image-preview":"max-image-preview:large","max-video-preview":"max-video-preview:-1"},"canonical":"https:\/\/www.patientenbeteiligung.de\/nrw\/was-ist-patientenbeteiligung\/patientenbeteiligung-in-leichter-sprache\/","og_locale":"de_DE","og_type":"article","og_title":"Patientenbeteiligung in leichter Sprache - Patientenbeteiligung NRW","og_url":"https:\/\/www.patientenbeteiligung.de\/nrw\/was-ist-patientenbeteiligung\/patientenbeteiligung-in-leichter-sprache\/","og_site_name":"Patientenbeteiligung NRW","article_modified_time":"2024-10-21T06:23:55+00:00","twitter_card":"summary_large_image","schema":{"@context":"https:\/\/schema.org","@graph":[{"@type":"WebPage","@id":"https:\/\/www.patientenbeteiligung.de\/nrw\/was-ist-patientenbeteiligung\/patientenbeteiligung-in-leichter-sprache\/","url":"https:\/\/www.patientenbeteiligung.de\/nrw\/was-ist-patientenbeteiligung\/patientenbeteiligung-in-leichter-sprache\/","name":"Patientenbeteiligung in leichter Sprache - Patientenbeteiligung NRW","isPartOf":{"@id":"https:\/\/www.patientenbeteiligung.de\/nrw\/#website"},"datePublished":"2024-09-16T14:00:11+00:00","dateModified":"2024-10-21T06:23:55+00:00","breadcrumb":{"@id":"https:\/\/www.patientenbeteiligung.de\/nrw\/was-ist-patientenbeteiligung\/patientenbeteiligung-in-leichter-sprache\/#breadcrumb"},"inLanguage":"de","potentialAction":[{"@type":"ReadAction","target":["https:\/\/www.patientenbeteiligung.de\/nrw\/was-ist-patientenbeteiligung\/patientenbeteiligung-in-leichter-sprache\/"]}]},{"@type":"BreadcrumbList","@id":"https:\/\/www.patientenbeteiligung.de\/nrw\/was-ist-patientenbeteiligung\/patientenbeteiligung-in-leichter-sprache\/#breadcrumb","itemListElement":[{"@type":"ListItem","position":1,"name":"Patientenbeteiligung","item":"https:\/\/www.patientenbeteiligung.de"},{"@type":"ListItem","position":2,"name":"Nordrhein-Westfalen","item":"https:\/\/www.patientenbeteiligung.de\/nrw\/"},{"@type":"ListItem","position":3,"name":"Was ist Patientenbeteiligung?","item":"https:\/\/www.patientenbeteiligung.de\/nrw\/was-ist-patientenbeteiligung\/"},{"@type":"ListItem","position":4,"name":"Patientenbeteiligung in leichter Sprache"}]},{"@type":"WebSite","@id":"https:\/\/www.patientenbeteiligung.de\/nrw\/#website","url":"https:\/\/www.patientenbeteiligung.de\/nrw\/","name":"Patientenbeteiligung NRW","description":"","potentialAction":[{"@type":"SearchAction","target":{"@type":"EntryPoint","urlTemplate":"https:\/\/www.patientenbeteiligung.de\/nrw\/?s={search_term_string}"},"query-input":{"@type":"PropertyValueSpecification","valueRequired":true,"valueName":"search_term_string"}}],"inLanguage":"de"}]}},"_links":{"self":[{"href":"https:\/\/www.patientenbeteiligung.de\/nrw\/wp-json\/wp\/v2\/pages\/213","targetHints":{"allow":["GET"]}}],"collection":[{"href":"https:\/\/www.patientenbeteiligung.de\/nrw\/wp-json\/wp\/v2\/pages"}],"about":[{"href":"https:\/\/www.patientenbeteiligung.de\/nrw\/wp-json\/wp\/v2\/types\/page"}],"author":[{"embeddable":true,"href":"https:\/\/www.patientenbeteiligung.de\/nrw\/wp-json\/wp\/v2\/users\/15"}],"replies":[{"embeddable":true,"href":"https:\/\/www.patientenbeteiligung.de\/nrw\/wp-json\/wp\/v2\/comments?post=213"}],"version-history":[{"count":13,"href":"https:\/\/www.patientenbeteiligung.de\/nrw\/wp-json\/wp\/v2\/pages\/213\/revisions"}],"predecessor-version":[{"id":5831,"href":"https:\/\/www.patientenbeteiligung.de\/nrw\/wp-json\/wp\/v2\/pages\/213\/revisions\/5831"}],"up":[{"embeddable":true,"href":"https:\/\/www.patientenbeteiligung.de\/nrw\/wp-json\/wp\/v2\/pages\/199"}],"wp:attachment":[{"href":"https:\/\/www.patientenbeteiligung.de\/nrw\/wp-json\/wp\/v2\/media?parent=213"}],"curies":[{"name":"wp","href":"https:\/\/api.w.org\/{rel}","templated":true}]}}