{"id":22,"date":"2016-08-05T23:58:41","date_gmt":"2016-08-05T21:58:41","guid":{"rendered":"http:\/\/www.patientenbeteiligung.de\/de\/?page_id=22"},"modified":"2018-05-24T17:00:50","modified_gmt":"2018-05-24T15:00:50","slug":"impressum","status":"publish","type":"page","link":"https:\/\/www.patientenbeteiligung.de\/de\/impressum\/","title":{"rendered":"Impressum"},"content":{"rendered":"<p>Angaben gem\u00e4\u00df \u00a7 5 TMG<\/p>\n<p>GesundheitsAkademie e.V.<br \/>\nBreite Str. 8, 33602 Bielefeld<br \/>\nTel: 0521 &#8211; 133562<br \/>\nFax: 0521 &#8211; 176106<br \/>\nE-Mail: akademie(at)gesundheits.de<br \/>\n<u> <\/u><br \/>\nAchtung Spamschutz: Anstelle von (at) @ einsetzen<br \/>\n<u> <\/u><\/p>\n<p>Steuernummer: 305\/5975\/0401<\/p>\n<p>Vereinsregister Amtsgericht Bremen, VR 4472<\/p>\n<p>Verantwortlich f\u00fcr den Inhalt nach \u00a7 55 Abs. 2 RStV:<br \/>\nGregor Bornes<\/p>\n<p>&nbsp;<\/p>\n<p><strong>Rechtliche Hinweise:<\/strong><\/p>\n<ol>\n<li style=\"list-style-type: none;\">\n<ol>\n<li><em>Inhalt des Onlineangebotes<\/em><br \/>\nDie Dienstanbieterin ist stets bem\u00fcht, sachlich richtige Informationen zur Verf\u00fcgung zu stellen. Trotzdem \u00fcbernimmt die Dienstanbieterin keinerlei Gew\u00e4hr f\u00fcr die Aktualit\u00e4t, Korrektheit, Vollst\u00e4ndigkeit oder Qualit\u00e4t der bereitgestellten Informationen. Haftungsanspr\u00fcche gegen die Dienstanbieterin, die sich auf Sch\u00e4den materieller oder ideeller Art beziehen, welche durch die Nutzung oder Nichtnutzung der dargebotenen Informationen bzw. durch die Nutzung fehlerhafter und unvollst\u00e4ndiger Informationen verursacht wurden sind grunds\u00e4tzlich ausgeschlossen, sofern seitens der Dienstanbieterin kein nachweislich vors\u00e4tzliches oder grob fahrl\u00e4ssiges Verschulden vorliegt. Alle genannten Termine und Geb\u00fchrenangaben sind freibleibend und unverbindlich. Die Dienstanbieterin beh\u00e4lt es sich ausdr\u00fccklich vor, Teile der Seiten oder das gesamte Online-Angebot ohne gesonderte Ank\u00fcndigung zu ver\u00e4ndern, zu erg\u00e4nzen, zu l\u00f6schen oder die Ver\u00f6ffentlichung zeitweise oder endg\u00fcltig einzustellen.<\/li>\n<li><em>Verweise und Links<\/em><br \/>\nSofern auf Verweisziele (&#8220;Links&#8221;) direkt oder indirekt verwiesen wird, die au\u00dferhalb des Verantwortungsbereiches der Dienstanbieterin liegen, haftet diese nur dann, wenn sie von den Inhalten Kenntnis hat und es ihr technisch m\u00f6glich und zumutbar w\u00e4re, die Nutzung im Falle rechtswidriger Inhalte zu verhindern. F\u00fcr dar\u00fcber hinausgehende Inhalte und insbesondere f\u00fcr Sch\u00e4den, die aus der Nutzung oder Nichtnutzung solcherart dargebotener Informationen entstehen, haftet allein der Anbieter dieser Seiten, nicht derjenige, der \u00fcber Links auf die jeweilige Ver\u00f6ffentlichung lediglich verweist. Diese Einschr\u00e4nkung gilt gleicherma\u00dfen auch f\u00fcr Fremdeintr\u00e4ge in vom Autor eingerichteten G\u00e4steb\u00fcchern, Diskussionsforen und Mailinglisten.<\/li>\n<li><em>Urheberrecht<\/em><br \/>\nDie durch die Seitenbetreiber erstellten Inhalte und Werke auf diesen Seiten unterliegen dem deutschen Urheberrecht. Die Vervielf\u00e4ltigung, Bearbeitung, Verbreitung und jede Art der Verwertung au\u00dferhalb der Grenzen des Urheberrechtes bed\u00fcrfen der schriftlichen Zustimmung des jeweiligen Autors bzw. Erstellers. Downloads und Kopien dieser Seite sind nur f\u00fcr den privaten, nicht kommerziellen Gebrauch gestattet. Soweit die Inhalte auf dieser Seite nicht vom Betreiber erstellt wurden, werden die Urheberrechte Dritter beachtet. Insbesondere werden Inhalte Dritter als solche gekennzeichnet. Sollten Sie trotzdem auf eine Urheberrechtsverletzung aufmerksam werden, bitten wir um einen entsprechenden Hinweis. Bei Bekanntwerden von Rechtsverletzungen werden wir derartige Inhalte umgehend entfernen.<\/li>\n<li><em>Rechtswirksamkeit dieses Haftungsausschlusses<\/em><br \/>\nDieser Haftungsausschluss ist als untrennbarer Teil des gesamten Internetangebotes unter der URL http:\/\/www.patientenbeteiligung.de zu betrachten.<br \/>\nSofern Teile oder einzelne Formulierungen dieses Textes der geltenden Rechtslage nicht, nicht mehr oder nicht vollst\u00e4ndig entsprechen sollten, bleiben die \u00fcbrigen Teile des Dokumentes in ihrem Inhalt und ihrer G\u00fcltigkeit davon unber\u00fchrt.<\/li>\n<\/ol>\n<\/li>\n<\/ol>\n","protected":false},"excerpt":{"rendered":"<p>Angaben gem\u00e4\u00df \u00a7 5 TMG GesundheitsAkademie e.V. Breite Str. 8, 33602 Bielefeld Tel: 0521 &#8211; 133562 Fax: 0521 &#8211; 176106 E-Mail: akademie(at)gesundheits.de Achtung Spamschutz: Anstelle von (at) @ einsetzen Steuernummer: 305\/5975\/0401 Vereinsregister Amtsgericht Bremen, VR 4472 Verantwortlich f\u00fcr den Inhalt nach \u00a7 55 Abs. 2 RStV: Gregor Bornes &nbsp; Rechtliche [&hellip;]<\/p>\n","protected":false},"author":1,"featured_media":0,"parent":0,"menu_order":0,"comment_status":"closed","ping_status":"closed","template":"","meta":{"_acf_changed":false,"footnotes":""},"class_list":["post-22","page","type-page","status-publish","hentry"],"acf":[],"yoast_head":"<!-- This site is optimized with the Yoast SEO plugin v24.9 - https:\/\/yoast.com\/wordpress\/plugins\/seo\/ -->\n<title>Impressum - Deutschland<\/title>\n<meta name=\"robots\" content=\"index, follow, max-snippet:-1, max-image-preview:large, max-video-preview:-1\" \/>\n<link rel=\"canonical\" href=\"https:\/\/www.patientenbeteiligung.de\/de\/impressum\/\" \/>\n<meta property=\"og:locale\" content=\"de_DE\" \/>\n<meta property=\"og:type\" content=\"article\" \/>\n<meta property=\"og:title\" content=\"Impressum - Deutschland\" \/>\n<meta property=\"og:description\" content=\"Angaben gem\u00e4\u00df \u00a7 5 TMG GesundheitsAkademie e.V. Breite Str. 8, 33602 Bielefeld Tel: 0521 &#8211; 133562 Fax: 0521 &#8211; 176106 E-Mail: akademie(at)gesundheits.de Achtung Spamschutz: Anstelle von (at) @ einsetzen Steuernummer: 305\/5975\/0401 Vereinsregister Amtsgericht Bremen, VR 4472 Verantwortlich f\u00fcr den Inhalt nach \u00a7 55 Abs. 2 RStV: Gregor Bornes &nbsp; Rechtliche [&hellip;]\" \/>\n<meta property=\"og:url\" content=\"https:\/\/www.patientenbeteiligung.de\/de\/impressum\/\" \/>\n<meta property=\"og:site_name\" content=\"Deutschland\" \/>\n<meta property=\"article:modified_time\" content=\"2018-05-24T15:00:50+00:00\" \/>\n<meta name=\"twitter:card\" content=\"summary_large_image\" \/>\n<meta name=\"twitter:label1\" content=\"Gesch\u00e4tzte Lesezeit\" \/>\n\t<meta name=\"twitter:data1\" content=\"2\u00a0Minuten\" \/>\n<script type=\"application\/ld+json\" class=\"yoast-schema-graph\">{\"@context\":\"https:\/\/schema.org\",\"@graph\":[{\"@type\":\"WebPage\",\"@id\":\"https:\/\/www.patientenbeteiligung.de\/de\/impressum\/\",\"url\":\"https:\/\/www.patientenbeteiligung.de\/de\/impressum\/\",\"name\":\"Impressum - Deutschland\",\"isPartOf\":{\"@id\":\"https:\/\/www.patientenbeteiligung.de\/de\/#website\"},\"datePublished\":\"2016-08-05T21:58:41+00:00\",\"dateModified\":\"2018-05-24T15:00:50+00:00\",\"breadcrumb\":{\"@id\":\"https:\/\/www.patientenbeteiligung.de\/de\/impressum\/#breadcrumb\"},\"inLanguage\":\"de\",\"potentialAction\":[{\"@type\":\"ReadAction\",\"target\":[\"https:\/\/www.patientenbeteiligung.de\/de\/impressum\/\"]}]},{\"@type\":\"BreadcrumbList\",\"@id\":\"https:\/\/www.patientenbeteiligung.de\/de\/impressum\/#breadcrumb\",\"itemListElement\":[{\"@type\":\"ListItem\",\"position\":1,\"name\":\"Startseite\",\"item\":\"https:\/\/www.patientenbeteiligung.de\/de\/\"},{\"@type\":\"ListItem\",\"position\":2,\"name\":\"Impressum\"}]},{\"@type\":\"WebSite\",\"@id\":\"https:\/\/www.patientenbeteiligung.de\/de\/#website\",\"url\":\"https:\/\/www.patientenbeteiligung.de\/de\/\",\"name\":\"Deutschland\",\"description\":\"in Deutschland\",\"potentialAction\":[{\"@type\":\"SearchAction\",\"target\":{\"@type\":\"EntryPoint\",\"urlTemplate\":\"https:\/\/www.patientenbeteiligung.de\/de\/?s={search_term_string}\"},\"query-input\":{\"@type\":\"PropertyValueSpecification\",\"valueRequired\":true,\"valueName\":\"search_term_string\"}}],\"inLanguage\":\"de\"}]}<\/script>\n<!-- \/ Yoast SEO plugin. -->","yoast_head_json":{"title":"Impressum - Deutschland","robots":{"index":"index","follow":"follow","max-snippet":"max-snippet:-1","max-image-preview":"max-image-preview:large","max-video-preview":"max-video-preview:-1"},"canonical":"https:\/\/www.patientenbeteiligung.de\/de\/impressum\/","og_locale":"de_DE","og_type":"article","og_title":"Impressum - Deutschland","og_description":"Angaben gem\u00e4\u00df \u00a7 5 TMG GesundheitsAkademie e.V. Breite Str. 8, 33602 Bielefeld Tel: 0521 &#8211; 133562 Fax: 0521 &#8211; 176106 E-Mail: akademie(at)gesundheits.de Achtung Spamschutz: Anstelle von (at) @ einsetzen Steuernummer: 305\/5975\/0401 Vereinsregister Amtsgericht Bremen, VR 4472 Verantwortlich f\u00fcr den Inhalt nach \u00a7 55 Abs. 2 RStV: Gregor Bornes &nbsp; Rechtliche [&hellip;]","og_url":"https:\/\/www.patientenbeteiligung.de\/de\/impressum\/","og_site_name":"Deutschland","article_modified_time":"2018-05-24T15:00:50+00:00","twitter_card":"summary_large_image","twitter_misc":{"Gesch\u00e4tzte Lesezeit":"2\u00a0Minuten"},"schema":{"@context":"https:\/\/schema.org","@graph":[{"@type":"WebPage","@id":"https:\/\/www.patientenbeteiligung.de\/de\/impressum\/","url":"https:\/\/www.patientenbeteiligung.de\/de\/impressum\/","name":"Impressum - Deutschland","isPartOf":{"@id":"https:\/\/www.patientenbeteiligung.de\/de\/#website"},"datePublished":"2016-08-05T21:58:41+00:00","dateModified":"2018-05-24T15:00:50+00:00","breadcrumb":{"@id":"https:\/\/www.patientenbeteiligung.de\/de\/impressum\/#breadcrumb"},"inLanguage":"de","potentialAction":[{"@type":"ReadAction","target":["https:\/\/www.patientenbeteiligung.de\/de\/impressum\/"]}]},{"@type":"BreadcrumbList","@id":"https:\/\/www.patientenbeteiligung.de\/de\/impressum\/#breadcrumb","itemListElement":[{"@type":"ListItem","position":1,"name":"Startseite","item":"https:\/\/www.patientenbeteiligung.de\/de\/"},{"@type":"ListItem","position":2,"name":"Impressum"}]},{"@type":"WebSite","@id":"https:\/\/www.patientenbeteiligung.de\/de\/#website","url":"https:\/\/www.patientenbeteiligung.de\/de\/","name":"Deutschland","description":"in Deutschland","potentialAction":[{"@type":"SearchAction","target":{"@type":"EntryPoint","urlTemplate":"https:\/\/www.patientenbeteiligung.de\/de\/?s={search_term_string}"},"query-input":{"@type":"PropertyValueSpecification","valueRequired":true,"valueName":"search_term_string"}}],"inLanguage":"de"}]}},"_links":{"self":[{"href":"https:\/\/www.patientenbeteiligung.de\/de\/wp-json\/wp\/v2\/pages\/22","targetHints":{"allow":["GET"]}}],"collection":[{"href":"https:\/\/www.patientenbeteiligung.de\/de\/wp-json\/wp\/v2\/pages"}],"about":[{"href":"https:\/\/www.patientenbeteiligung.de\/de\/wp-json\/wp\/v2\/types\/page"}],"author":[{"embeddable":true,"href":"https:\/\/www.patientenbeteiligung.de\/de\/wp-json\/wp\/v2\/users\/1"}],"replies":[{"embeddable":true,"href":"https:\/\/www.patientenbeteiligung.de\/de\/wp-json\/wp\/v2\/comments?post=22"}],"version-history":[{"count":4,"href":"https:\/\/www.patientenbeteiligung.de\/de\/wp-json\/wp\/v2\/pages\/22\/revisions"}],"predecessor-version":[{"id":46,"href":"https:\/\/www.patientenbeteiligung.de\/de\/wp-json\/wp\/v2\/pages\/22\/revisions\/46"}],"wp:attachment":[{"href":"https:\/\/www.patientenbeteiligung.de\/de\/wp-json\/wp\/v2\/media?parent=22"}],"curies":[{"name":"wp","href":"https:\/\/api.w.org\/{rel}","templated":true}]}}