{"id":19,"date":"2016-08-05T15:44:56","date_gmt":"2016-08-05T13:44:56","guid":{"rendered":"http:\/\/www.patientenbeteiligung.de\/de\/?page_id=19"},"modified":"2023-05-24T18:08:12","modified_gmt":"2023-05-24T16:08:12","slug":"deutschland","status":"publish","type":"page","link":"https:\/\/www.patientenbeteiligung.de\/de\/","title":{"rendered":"Deutschland"},"content":{"rendered":"<div id=\"attachment_67\" style=\"width: 310px\" class=\"wp-caption alignleft\"><a href=\"https:\/\/www.patientenbeteiligung.de\/de\/wp-content\/uploads\/sites\/3\/2016\/08\/2018_Plenumstotale-1.jpg\"><img loading=\"lazy\" decoding=\"async\" aria-describedby=\"caption-attachment-67\" class=\"wp-image-67 size-medium\" src=\"https:\/\/www.patientenbeteiligung.de\/de\/wp-content\/uploads\/sites\/3\/2016\/08\/2018_Plenumstotale-1-300x200.jpg\" alt=\"\" width=\"300\" height=\"200\" srcset=\"https:\/\/www.patientenbeteiligung.de\/de\/wp-content\/uploads\/sites\/3\/2016\/08\/2018_Plenumstotale-1-300x200.jpg 300w, https:\/\/www.patientenbeteiligung.de\/de\/wp-content\/uploads\/sites\/3\/2016\/08\/2018_Plenumstotale-1-768x512.jpg 768w, https:\/\/www.patientenbeteiligung.de\/de\/wp-content\/uploads\/sites\/3\/2016\/08\/2018_Plenumstotale-1-1024x683.jpg 1024w\" sizes=\"auto, (max-width: 300px) 100vw, 300px\" \/><\/a><p id=\"caption-attachment-67\" class=\"wp-caption-text\">\u00a9 Svea Pietschmann\/G-BA<\/p><\/div>\n<p style=\"text-align: justify;\">Auf Bundesebene werden die Interessen von Patientinnen und Patienten und der Selbsthilfe chronisch kranker und behinderter Menschen aus ganz Deutschland vertreten. Die Organisationen, die diese Interessen vertreten, arbeiten im <strong>Gemeinsamen Bundesausschuss (G-BA)<\/strong> mit. Entsprechend den gesetzlichen Vorgaben haben sie Mitberatungs- und Antragsrechte, jedoch kein Stimmrecht.<\/p>\n<p style=\"text-align: justify;\">Organisatorisch und inhaltlich unterst\u00fctzt werden die Patientenvertreterinnen und Patientenvertreter der Organisationen von der <strong>Stabsstelle Patientenbeteiligung<\/strong>. Die Unterst\u00fctzung erfolgt insbesondere durch Organisation von Fortbildung und Schulungen, Aufbereitung von Sitzungsunterlagen, koordinatorische Leitung des Benennungsverfahrens auf Bundesebene und bei der Aus\u00fcbung des in \u00a7 140f Abs. 2 Satz 5 SGB V genannten Antragsrechts.<\/p>\n<p style=\"text-align: justify;\">Die Stabsstelle geh\u00f6rt zu der Gesch\u00e4ftsstelle des G-BA. Das <strong>Gremiensekretariat der Gesch\u00e4ftsf\u00fchrung<\/strong> ist f\u00fcr die Sitzungsvor- und Nachbereitung des Plenums verantwortlich sowie f\u00fcr die Beschlussvor- und Nachbereitung und das Fristenmanagement der BMG-Pr\u00fcfungen gem\u00e4\u00df \u00a7\u00a094 SGB\u00a0V.<\/p>\n<p style=\"text-align: justify;\"><strong><a href=\"https:\/\/www.patientenbeteiligung.de\/de\/wp-content\/uploads\/sites\/3\/2016\/08\/2_Tagesordnung_Plenum_2019-07-18_\u00d6ffentlichkeit.pdf\" target=\"_blank\" rel=\"noopener noreferrer\">Beispiel einer Tagesordnung<\/a> (Download als PDF)<\/strong><\/p>\n<p><strong><a href=\"https:\/\/www.g-ba.de\/service\/livestream-mediathek\/\" target=\"_blank\" rel=\"noopener noreferrer\">Hier k\u00f6nnen Sie alle Sitzungen live im Internet verfolgen<\/a><\/strong><\/p>\n<h4><span style=\"color: #ff9900;\"><strong>Sprecherinnen und Sprecher der Patientenvertretung beim G-BA<\/strong><\/span><\/h4>\n<div id=\"attachment_60\" style=\"width: 160px\" class=\"wp-caption alignleft\"><a href=\"http:\/\/www.patientenbeteiligung.de\/de\/wp-content\/uploads\/sites\/3\/2016\/08\/Danner_Martin-min.jpg\"><img loading=\"lazy\" decoding=\"async\" aria-describedby=\"caption-attachment-60\" class=\"wp-image-60 size-thumbnail\" src=\"http:\/\/www.patientenbeteiligung.de\/de\/wp-content\/uploads\/sites\/3\/2016\/08\/Danner_Martin-min-150x150.jpg\" alt=\"\" width=\"150\" height=\"150\" srcset=\"https:\/\/www.patientenbeteiligung.de\/de\/wp-content\/uploads\/sites\/3\/2016\/08\/Danner_Martin-min-150x150.jpg 150w, https:\/\/www.patientenbeteiligung.de\/de\/wp-content\/uploads\/sites\/3\/2016\/08\/Danner_Martin-min-50x50.jpg 50w\" sizes=\"auto, (max-width: 150px) 100vw, 150px\" \/><\/a><p id=\"caption-attachment-60\" class=\"wp-caption-text\">\u00a9 BAG Selbsthilfe<\/p><\/div>\n<p>Sprecher des Koordinierungsausschusses der Patientenvertretung:<br \/>\nDr. Martin Danner (DBR\/BAG SELBSTHILFE)<br \/>\ngeschaeftsfuehrer@bag-selbsthilfe.de | Telefon: 0211-31006-50<\/p>\n<p>Stellvertretende Sprecherin:<br \/>\nKarin St\u00f6tzner (DAG SHG \/ SEKIS)<\/p>\n<p><a href=\"https:\/\/patientenvertretung.g-ba.de\/wer-wir-sind\/sprecherinnen-und-sprecher-der-patientenvertretung-beim-g-ba\/\" target=\"_blank\" rel=\"noopener noreferrer\">Zu den Namen und Zust\u00e4ndigkeiten der Sprecherinnen und Sprecher der Patientenvertretung in den Unteraussch\u00fcssen<\/a><\/p>\n<h4 style=\"text-align: justify;\"><span style=\"color: #ff9900;\">Weitere Informationen<\/span><\/h4>\n<p style=\"text-align: justify;\">Ausf\u00fchrliche Informationen \u00fcber die Patientenbeteiligung auf Bundesebene finden Sie auf der Seite der <a href=\"https:\/\/patientenvertretung.g-ba.de\/\" target=\"_blank\" rel=\"noopener noreferrer\">Patientenvertretung des Gemeinsamen Bundesausschusses<\/a>.<\/p>\n<blockquote><p>Adresse der Gesch\u00e4ftsstelle:<br \/>\nGutenbergstra\u00dfe 13<br \/>\n10587 Berlin<\/p><\/blockquote>\n<h4><strong><span style=\"color: #ff9900;\">Organigramm der Gesch\u00e4ftsstelle des Gemeinsamen Bundesausschusses (G-BA)<\/span><\/strong><\/h4>\n<p>Zur verg\u00f6\u00dferten Ansicht einfach auf das Bild klicken<\/p>\n<p><a href=\"http:\/\/www.patientenbeteiligung.de\/de\/wp-content\/uploads\/sites\/3\/2016\/08\/Organigramm-bearb..png\"><img loading=\"lazy\" decoding=\"async\" class=\"alignnone wp-image-63 size-medium\" src=\"https:\/\/www.patientenbeteiligung.de\/de\/wp-content\/uploads\/sites\/3\/2016\/08\/Organigramm-bearb.-300x212.png\" alt=\"\" width=\"300\" height=\"212\" srcset=\"https:\/\/www.patientenbeteiligung.de\/de\/wp-content\/uploads\/sites\/3\/2016\/08\/Organigramm-bearb.-300x212.png 300w, https:\/\/www.patientenbeteiligung.de\/de\/wp-content\/uploads\/sites\/3\/2016\/08\/Organigramm-bearb.-768x543.png 768w, https:\/\/www.patientenbeteiligung.de\/de\/wp-content\/uploads\/sites\/3\/2016\/08\/Organigramm-bearb.-1024x725.png 1024w, https:\/\/www.patientenbeteiligung.de\/de\/wp-content\/uploads\/sites\/3\/2016\/08\/Organigramm-bearb..png 1036w\" sizes=\"auto, (max-width: 300px) 100vw, 300px\" \/><\/a><\/p>\n<h4><span style=\"color: #ff9900;\"><strong>Der Gemeinsame Bundesausschuss auf einen Blick<\/strong><\/span><\/h4>\n<p><a href=\"https:\/\/www.patientenbeteiligung.de\/de\/wp-content\/uploads\/sites\/3\/2016\/08\/Grafik-G-BA_korr.jpg\"><img loading=\"lazy\" decoding=\"async\" class=\"wp-image-82 size-medium alignleft\" src=\"https:\/\/www.patientenbeteiligung.de\/de\/wp-content\/uploads\/sites\/3\/2016\/08\/Grafik-G-BA_korr-274x300.jpg\" alt=\"\" width=\"274\" height=\"300\" srcset=\"https:\/\/www.patientenbeteiligung.de\/de\/wp-content\/uploads\/sites\/3\/2016\/08\/Grafik-G-BA_korr-274x300.jpg 274w, https:\/\/www.patientenbeteiligung.de\/de\/wp-content\/uploads\/sites\/3\/2016\/08\/Grafik-G-BA_korr-768x840.jpg 768w, https:\/\/www.patientenbeteiligung.de\/de\/wp-content\/uploads\/sites\/3\/2016\/08\/Grafik-G-BA_korr.jpg 825w\" sizes=\"auto, (max-width: 274px) 100vw, 274px\" \/><\/a><\/p>\n<p><iframe loading=\"lazy\" src=\"\/\/www.youtube.com\/embed\/CNA9JTdhZG4\" width=\"560\" height=\"314\" allowfullscreen=\"allowfullscreen\"><\/iframe><\/p>\n","protected":false},"excerpt":{"rendered":"<p>Auf Bundesebene werden die Interessen von Patientinnen und Patienten und der Selbsthilfe chronisch kranker und behinderter Menschen aus ganz Deutschland vertreten. Die Organisationen, die diese Interessen vertreten, arbeiten im Gemeinsamen Bundesausschuss (G-BA) mit. Entsprechend den gesetzlichen Vorgaben haben sie Mitberatungs- und Antragsrechte, jedoch kein Stimmrecht. Organisatorisch und inhaltlich unterst\u00fctzt werden [&hellip;]<\/p>\n","protected":false},"author":1,"featured_media":0,"parent":0,"menu_order":0,"comment_status":"closed","ping_status":"closed","template":"","meta":{"_acf_changed":false,"footnotes":""},"class_list":["post-19","page","type-page","status-publish","hentry"],"acf":[],"yoast_head":"<!-- This site is optimized with the Yoast SEO plugin v24.9 - https:\/\/yoast.com\/wordpress\/plugins\/seo\/ -->\n<title>Deutschland - Deutschland<\/title>\n<meta name=\"robots\" content=\"index, follow, max-snippet:-1, max-image-preview:large, max-video-preview:-1\" \/>\n<link rel=\"canonical\" href=\"https:\/\/www.patientenbeteiligung.de\/de\/\" \/>\n<meta property=\"og:locale\" content=\"de_DE\" \/>\n<meta property=\"og:type\" content=\"article\" \/>\n<meta property=\"og:title\" content=\"Deutschland - Deutschland\" \/>\n<meta property=\"og:description\" content=\"Auf Bundesebene werden die Interessen von Patientinnen und Patienten und der Selbsthilfe chronisch kranker und behinderter Menschen aus ganz Deutschland vertreten. Die Organisationen, die diese Interessen vertreten, arbeiten im Gemeinsamen Bundesausschuss (G-BA) mit. Entsprechend den gesetzlichen Vorgaben haben sie Mitberatungs- und Antragsrechte, jedoch kein Stimmrecht. Organisatorisch und inhaltlich unterst\u00fctzt werden [&hellip;]\" \/>\n<meta property=\"og:url\" content=\"https:\/\/www.patientenbeteiligung.de\/de\/\" \/>\n<meta property=\"og:site_name\" content=\"Deutschland\" \/>\n<meta property=\"article:modified_time\" content=\"2023-05-24T16:08:12+00:00\" \/>\n<meta property=\"og:image\" content=\"https:\/\/www.patientenbeteiligung.de\/de\/wp-content\/uploads\/sites\/3\/2016\/08\/2018_Plenumstotale-1-300x200.jpg\" \/>\n<meta name=\"twitter:card\" content=\"summary_large_image\" \/>\n<meta name=\"twitter:label1\" content=\"Gesch\u00e4tzte Lesezeit\" \/>\n\t<meta name=\"twitter:data1\" content=\"3\u00a0Minuten\" \/>\n<script type=\"application\/ld+json\" class=\"yoast-schema-graph\">{\"@context\":\"https:\/\/schema.org\",\"@graph\":[{\"@type\":\"WebPage\",\"@id\":\"https:\/\/www.patientenbeteiligung.de\/de\/\",\"url\":\"https:\/\/www.patientenbeteiligung.de\/de\/\",\"name\":\"Deutschland - Deutschland\",\"isPartOf\":{\"@id\":\"https:\/\/www.patientenbeteiligung.de\/de\/#website\"},\"primaryImageOfPage\":{\"@id\":\"https:\/\/www.patientenbeteiligung.de\/de\/#primaryimage\"},\"image\":{\"@id\":\"https:\/\/www.patientenbeteiligung.de\/de\/#primaryimage\"},\"thumbnailUrl\":\"https:\/\/www.patientenbeteiligung.de\/de\/wp-content\/uploads\/sites\/3\/2016\/08\/2018_Plenumstotale-1-300x200.jpg\",\"datePublished\":\"2016-08-05T13:44:56+00:00\",\"dateModified\":\"2023-05-24T16:08:12+00:00\",\"breadcrumb\":{\"@id\":\"https:\/\/www.patientenbeteiligung.de\/de\/#breadcrumb\"},\"inLanguage\":\"de\",\"potentialAction\":[{\"@type\":\"ReadAction\",\"target\":[\"https:\/\/www.patientenbeteiligung.de\/de\/\"]}]},{\"@type\":\"ImageObject\",\"inLanguage\":\"de\",\"@id\":\"https:\/\/www.patientenbeteiligung.de\/de\/#primaryimage\",\"url\":\"https:\/\/www.patientenbeteiligung.de\/de\/wp-content\/uploads\/sites\/3\/2016\/08\/2018_Plenumstotale-1.jpg\",\"contentUrl\":\"https:\/\/www.patientenbeteiligung.de\/de\/wp-content\/uploads\/sites\/3\/2016\/08\/2018_Plenumstotale-1.jpg\",\"width\":2499,\"height\":1666},{\"@type\":\"BreadcrumbList\",\"@id\":\"https:\/\/www.patientenbeteiligung.de\/de\/#breadcrumb\",\"itemListElement\":[{\"@type\":\"ListItem\",\"position\":1,\"name\":\"Startseite\",\"item\":\"https:\/\/www.patientenbeteiligung.de\/de\/\"},{\"@type\":\"ListItem\",\"position\":2,\"name\":\"Deutschland\"}]},{\"@type\":\"WebSite\",\"@id\":\"https:\/\/www.patientenbeteiligung.de\/de\/#website\",\"url\":\"https:\/\/www.patientenbeteiligung.de\/de\/\",\"name\":\"Deutschland\",\"description\":\"in Deutschland\",\"potentialAction\":[{\"@type\":\"SearchAction\",\"target\":{\"@type\":\"EntryPoint\",\"urlTemplate\":\"https:\/\/www.patientenbeteiligung.de\/de\/?s={search_term_string}\"},\"query-input\":{\"@type\":\"PropertyValueSpecification\",\"valueRequired\":true,\"valueName\":\"search_term_string\"}}],\"inLanguage\":\"de\"}]}<\/script>\n<!-- \/ Yoast SEO plugin. -->","yoast_head_json":{"title":"Deutschland - Deutschland","robots":{"index":"index","follow":"follow","max-snippet":"max-snippet:-1","max-image-preview":"max-image-preview:large","max-video-preview":"max-video-preview:-1"},"canonical":"https:\/\/www.patientenbeteiligung.de\/de\/","og_locale":"de_DE","og_type":"article","og_title":"Deutschland - Deutschland","og_description":"Auf Bundesebene werden die Interessen von Patientinnen und Patienten und der Selbsthilfe chronisch kranker und behinderter Menschen aus ganz Deutschland vertreten. Die Organisationen, die diese Interessen vertreten, arbeiten im Gemeinsamen Bundesausschuss (G-BA) mit. Entsprechend den gesetzlichen Vorgaben haben sie Mitberatungs- und Antragsrechte, jedoch kein Stimmrecht. Organisatorisch und inhaltlich unterst\u00fctzt werden [&hellip;]","og_url":"https:\/\/www.patientenbeteiligung.de\/de\/","og_site_name":"Deutschland","article_modified_time":"2023-05-24T16:08:12+00:00","og_image":[{"url":"https:\/\/www.patientenbeteiligung.de\/de\/wp-content\/uploads\/sites\/3\/2016\/08\/2018_Plenumstotale-1-300x200.jpg","type":"","width":"","height":""}],"twitter_card":"summary_large_image","twitter_misc":{"Gesch\u00e4tzte Lesezeit":"3\u00a0Minuten"},"schema":{"@context":"https:\/\/schema.org","@graph":[{"@type":"WebPage","@id":"https:\/\/www.patientenbeteiligung.de\/de\/","url":"https:\/\/www.patientenbeteiligung.de\/de\/","name":"Deutschland - Deutschland","isPartOf":{"@id":"https:\/\/www.patientenbeteiligung.de\/de\/#website"},"primaryImageOfPage":{"@id":"https:\/\/www.patientenbeteiligung.de\/de\/#primaryimage"},"image":{"@id":"https:\/\/www.patientenbeteiligung.de\/de\/#primaryimage"},"thumbnailUrl":"https:\/\/www.patientenbeteiligung.de\/de\/wp-content\/uploads\/sites\/3\/2016\/08\/2018_Plenumstotale-1-300x200.jpg","datePublished":"2016-08-05T13:44:56+00:00","dateModified":"2023-05-24T16:08:12+00:00","breadcrumb":{"@id":"https:\/\/www.patientenbeteiligung.de\/de\/#breadcrumb"},"inLanguage":"de","potentialAction":[{"@type":"ReadAction","target":["https:\/\/www.patientenbeteiligung.de\/de\/"]}]},{"@type":"ImageObject","inLanguage":"de","@id":"https:\/\/www.patientenbeteiligung.de\/de\/#primaryimage","url":"https:\/\/www.patientenbeteiligung.de\/de\/wp-content\/uploads\/sites\/3\/2016\/08\/2018_Plenumstotale-1.jpg","contentUrl":"https:\/\/www.patientenbeteiligung.de\/de\/wp-content\/uploads\/sites\/3\/2016\/08\/2018_Plenumstotale-1.jpg","width":2499,"height":1666},{"@type":"BreadcrumbList","@id":"https:\/\/www.patientenbeteiligung.de\/de\/#breadcrumb","itemListElement":[{"@type":"ListItem","position":1,"name":"Startseite","item":"https:\/\/www.patientenbeteiligung.de\/de\/"},{"@type":"ListItem","position":2,"name":"Deutschland"}]},{"@type":"WebSite","@id":"https:\/\/www.patientenbeteiligung.de\/de\/#website","url":"https:\/\/www.patientenbeteiligung.de\/de\/","name":"Deutschland","description":"in Deutschland","potentialAction":[{"@type":"SearchAction","target":{"@type":"EntryPoint","urlTemplate":"https:\/\/www.patientenbeteiligung.de\/de\/?s={search_term_string}"},"query-input":{"@type":"PropertyValueSpecification","valueRequired":true,"valueName":"search_term_string"}}],"inLanguage":"de"}]}},"_links":{"self":[{"href":"https:\/\/www.patientenbeteiligung.de\/de\/wp-json\/wp\/v2\/pages\/19","targetHints":{"allow":["GET"]}}],"collection":[{"href":"https:\/\/www.patientenbeteiligung.de\/de\/wp-json\/wp\/v2\/pages"}],"about":[{"href":"https:\/\/www.patientenbeteiligung.de\/de\/wp-json\/wp\/v2\/types\/page"}],"author":[{"embeddable":true,"href":"https:\/\/www.patientenbeteiligung.de\/de\/wp-json\/wp\/v2\/users\/1"}],"replies":[{"embeddable":true,"href":"https:\/\/www.patientenbeteiligung.de\/de\/wp-json\/wp\/v2\/comments?post=19"}],"version-history":[{"count":25,"href":"https:\/\/www.patientenbeteiligung.de\/de\/wp-json\/wp\/v2\/pages\/19\/revisions"}],"predecessor-version":[{"id":92,"href":"https:\/\/www.patientenbeteiligung.de\/de\/wp-json\/wp\/v2\/pages\/19\/revisions\/92"}],"wp:attachment":[{"href":"https:\/\/www.patientenbeteiligung.de\/de\/wp-json\/wp\/v2\/media?parent=19"}],"curies":[{"name":"wp","href":"https:\/\/api.w.org\/{rel}","templated":true}]}}