{"id":280,"date":"2021-06-01T12:46:01","date_gmt":"2021-06-01T10:46:01","guid":{"rendered":"https:\/\/www.patientenbeteiligung.de\/brandenburg\/?page_id=280"},"modified":"2025-02-03T09:04:03","modified_gmt":"2025-02-03T08:04:03","slug":"ueber-uns","status":"publish","type":"page","link":"https:\/\/www.patientenbeteiligung.de\/brandenburg\/ueber-uns\/","title":{"rendered":"\u00dcber uns"},"content":{"rendered":"\t\t<div data-elementor-type=\"wp-page\" data-elementor-id=\"280\" class=\"elementor elementor-280\">\n\t\t\t\t\t\t<section class=\"elementor-section elementor-top-section elementor-element elementor-element-baa463c elementor-section-boxed elementor-section-height-default elementor-section-height-default\" data-id=\"baa463c\" data-element_type=\"section\">\n\t\t\t\t\t\t<div class=\"elementor-container elementor-column-gap-default\">\n\t\t\t\t\t<div class=\"elementor-column elementor-col-100 elementor-top-column elementor-element elementor-element-2a07697b\" data-id=\"2a07697b\" data-element_type=\"column\">\n\t\t\t<div class=\"elementor-widget-wrap elementor-element-populated\">\n\t\t\t\t\t\t<div class=\"elementor-element elementor-element-5a7ca7d8 elementor-widget elementor-widget-text-editor\" data-id=\"5a7ca7d8\" data-element_type=\"widget\" data-widget_type=\"text-editor.default\">\n\t\t\t\t<div class=\"elementor-widget-container\">\n\t\t\t\t\t\t\t\t\t<p><\/p>\n<p class=\"has-medium-font-size\">Aus einem Team aller landesweit anerkannten Selbsthilfe- und Patientenberatungsorganisationen wurden auf Grundlage des \u00a7 140 f SGB V die ma\u00dfgeblichen Organisationen f\u00fcr die Wahrnehmung der Interessen von Patient*innen und der Selbsthilfe benannt.<\/p>\n<p><\/p>\n<p><\/p>\n<p class=\"has-medium-font-size\">Diese ma\u00dfgeblichen Organisationen sind im Land Brandenburg:<\/p>\n<p><\/p>\n<p><\/p>\n<p class=\"has-text-color has-medium-font-size\" style=\"color:#4d6360\"><strong><span style=\"color:#4a615d\" class=\"tadv-color\">Beraterorgani<\/span>sationen:<\/strong><\/p>\n<p><\/p>\n<p><\/p>\n<ul class=\"wp-block-list has-medium-font-size\"><p><\/p>\n<li>Landesarbeitsgemeinschaft Selbsthilfe Brandenburg e.V.<\/li>\n<p><\/p>\n<p><\/p>\n<li>Landesarbeitsgemeinschaft der Selbsthilfekontaktstellen Brandenburg e.V. <\/li>\n<p><\/p>\n<p><\/p>\n<li>Gesundheitsladen Berlin-Brandenburg e.V.<\/li>\n<p><\/p><\/ul>\n<p><\/p>\n<p><\/p>\n<p><\/p>\n<p><\/p>\n<p class=\"has-text-color has-medium-font-size\" style=\"color:#4a615d\"><strong>Betroffenenorganisationen:<\/strong><\/p>\n<p><\/p>\n<p><\/p>\n<ul class=\"wp-block-list has-medium-font-size\"><p><\/p>\n<li>Deutsche Rheuma-Liga Landesverband Brandenburg e.V.<\/li>\n<p><\/p>\n<p><\/p>\n<li>Deutsche Multiple Sklerose Gesellschaft Landesverband Brandenburg e.V.<\/li>\n<p><\/p>\n<p><\/p>\n<li>Sozialverband VdK Berlin-Brandenburg e.V.&nbsp; &nbsp; &nbsp; &nbsp; &nbsp; &nbsp; &nbsp; &nbsp; &nbsp; &nbsp; &nbsp; &nbsp; &nbsp; &nbsp; &nbsp; &nbsp; &nbsp; &nbsp; &nbsp; &nbsp; &nbsp; &nbsp; &nbsp; &nbsp; &nbsp; &nbsp; &nbsp; &nbsp; &nbsp; &nbsp; &nbsp; &nbsp; &nbsp; &nbsp; &nbsp; &nbsp; &nbsp; &nbsp; &nbsp; &nbsp; &nbsp; &nbsp; &nbsp; &nbsp; &nbsp; &nbsp; &nbsp; &nbsp; &nbsp; &nbsp; &nbsp; &nbsp; &nbsp; &nbsp; &nbsp; &nbsp; &nbsp; &nbsp; &nbsp; &nbsp; &nbsp; &nbsp; &nbsp; &nbsp; &nbsp; &nbsp; &nbsp; &nbsp; &nbsp; &nbsp; &nbsp; &nbsp; &nbsp; &nbsp; &nbsp; &nbsp; &nbsp; &nbsp; &nbsp; &nbsp; &nbsp; Diese Organisationen bilden den <a href=\"https:\/\/www.patientenbeteiligung.de\/brandenburg\/category\/koordinierungsausschuss\/\" style=\"font-size: var(--wp--preset--font-size--medium)\">Koordinierungsausschuss (KooA)<\/a><span style=\"font-size: var(--wp--preset--font-size--medium)\"> Patientenbeteiligung Brandenburg als Entscheidungsgremium f\u00fcr die Organisation und die Umsetzung der Patientenbeteiligung im Land Brandenburg.<\/span><\/li>\n<p><\/p><\/ul>\n<p><\/p>\t\t\t\t\t\t\t\t<\/div>\n\t\t\t\t<\/div>\n\t\t\t\t\t<\/div>\n\t\t<\/div>\n\t\t\t\t\t<\/div>\n\t\t<\/section>\n\t\t\t\t<\/div>\n\t\t","protected":false},"excerpt":{"rendered":"<p>Aus einem Team aller landesweit anerkannten Selbsthilfe- und Patientenberatungsorganisationen wurden auf Grundlage des \u00a7 140 f SGB V die ma\u00dfgeblichen Organisationen f\u00fcr die Wahrnehmung der Interessen von Patient*innen und der Selbsthilfe benannt. Diese ma\u00dfgeblichen Organisationen sind im Land Brandenburg: Beraterorganisationen: Betroffenenorganisationen:<\/p>\n","protected":false},"author":14,"featured_media":0,"parent":0,"menu_order":0,"comment_status":"closed","ping_status":"closed","template":"","meta":{"_acf_changed":false,"footnotes":""},"class_list":["post-280","page","type-page","status-publish","hentry"],"acf":[],"yoast_head":"<!-- This site is optimized with the Yoast SEO plugin v24.9 - https:\/\/yoast.com\/wordpress\/plugins\/seo\/ -->\n<title>Patientenvertretung Brandenburg Mitbestimmung \u00dcber uns<\/title>\n<meta name=\"description\" content=\"Koordinierungsstelle Brandenburg bietet eine Plattform f\u00fcr Patientenvertretung in Gremien des Landes Brandenburg. Mitbestimmung ist gefragt.\" \/>\n<meta name=\"robots\" content=\"index, follow, max-snippet:-1, max-image-preview:large, max-video-preview:-1\" \/>\n<link rel=\"canonical\" href=\"https:\/\/www.patientenbeteiligung.de\/brandenburg\/ueber-uns\/\" \/>\n<meta property=\"og:locale\" content=\"de_DE\" \/>\n<meta property=\"og:type\" content=\"article\" \/>\n<meta property=\"og:title\" content=\"Patientenvertretung Brandenburg Mitbestimmung \u00dcber uns\" \/>\n<meta property=\"og:description\" content=\"Koordinierungsstelle Brandenburg bietet eine Plattform f\u00fcr Patientenvertretung in Gremien des Landes Brandenburg. Mitbestimmung ist gefragt.\" \/>\n<meta property=\"og:url\" content=\"https:\/\/www.patientenbeteiligung.de\/brandenburg\/ueber-uns\/\" \/>\n<meta property=\"og:site_name\" content=\"Brandenburg\" \/>\n<meta property=\"article:modified_time\" content=\"2025-02-03T08:04:03+00:00\" \/>\n<meta name=\"twitter:card\" content=\"summary_large_image\" \/>\n<meta name=\"twitter:label1\" content=\"Gesch\u00e4tzte Lesezeit\" \/>\n\t<meta name=\"twitter:data1\" content=\"1\u00a0Minute\" \/>\n<script type=\"application\/ld+json\" class=\"yoast-schema-graph\">{\"@context\":\"https:\/\/schema.org\",\"@graph\":[{\"@type\":\"WebPage\",\"@id\":\"https:\/\/www.patientenbeteiligung.de\/brandenburg\/ueber-uns\/\",\"url\":\"https:\/\/www.patientenbeteiligung.de\/brandenburg\/ueber-uns\/\",\"name\":\"Patientenvertretung Brandenburg Mitbestimmung \u00dcber uns\",\"isPartOf\":{\"@id\":\"https:\/\/www.patientenbeteiligung.de\/brandenburg\/#website\"},\"datePublished\":\"2021-06-01T10:46:01+00:00\",\"dateModified\":\"2025-02-03T08:04:03+00:00\",\"description\":\"Koordinierungsstelle Brandenburg bietet eine Plattform f\u00fcr Patientenvertretung in Gremien des Landes Brandenburg. Mitbestimmung ist gefragt.\",\"breadcrumb\":{\"@id\":\"https:\/\/www.patientenbeteiligung.de\/brandenburg\/ueber-uns\/#breadcrumb\"},\"inLanguage\":\"de\",\"potentialAction\":[{\"@type\":\"ReadAction\",\"target\":[\"https:\/\/www.patientenbeteiligung.de\/brandenburg\/ueber-uns\/\"]}]},{\"@type\":\"BreadcrumbList\",\"@id\":\"https:\/\/www.patientenbeteiligung.de\/brandenburg\/ueber-uns\/#breadcrumb\",\"itemListElement\":[{\"@type\":\"ListItem\",\"position\":1,\"name\":\"Startseite\",\"item\":\"https:\/\/www.patientenbeteiligung.de\/brandenburg\/\"},{\"@type\":\"ListItem\",\"position\":2,\"name\":\"\u00dcber uns\"}]},{\"@type\":\"WebSite\",\"@id\":\"https:\/\/www.patientenbeteiligung.de\/brandenburg\/#website\",\"url\":\"https:\/\/www.patientenbeteiligung.de\/brandenburg\/\",\"name\":\"Brandenburg\",\"description\":\"Patentenbeteiligung in Brandenburg\",\"potentialAction\":[{\"@type\":\"SearchAction\",\"target\":{\"@type\":\"EntryPoint\",\"urlTemplate\":\"https:\/\/www.patientenbeteiligung.de\/brandenburg\/?s={search_term_string}\"},\"query-input\":{\"@type\":\"PropertyValueSpecification\",\"valueRequired\":true,\"valueName\":\"search_term_string\"}}],\"inLanguage\":\"de\"}]}<\/script>\n<!-- \/ Yoast SEO plugin. -->","yoast_head_json":{"title":"Patientenvertretung Brandenburg Mitbestimmung \u00dcber uns","description":"Koordinierungsstelle Brandenburg bietet eine Plattform f\u00fcr Patientenvertretung in Gremien des Landes Brandenburg. Mitbestimmung ist gefragt.","robots":{"index":"index","follow":"follow","max-snippet":"max-snippet:-1","max-image-preview":"max-image-preview:large","max-video-preview":"max-video-preview:-1"},"canonical":"https:\/\/www.patientenbeteiligung.de\/brandenburg\/ueber-uns\/","og_locale":"de_DE","og_type":"article","og_title":"Patientenvertretung Brandenburg Mitbestimmung \u00dcber uns","og_description":"Koordinierungsstelle Brandenburg bietet eine Plattform f\u00fcr Patientenvertretung in Gremien des Landes Brandenburg. Mitbestimmung ist gefragt.","og_url":"https:\/\/www.patientenbeteiligung.de\/brandenburg\/ueber-uns\/","og_site_name":"Brandenburg","article_modified_time":"2025-02-03T08:04:03+00:00","twitter_card":"summary_large_image","twitter_misc":{"Gesch\u00e4tzte Lesezeit":"1\u00a0Minute"},"schema":{"@context":"https:\/\/schema.org","@graph":[{"@type":"WebPage","@id":"https:\/\/www.patientenbeteiligung.de\/brandenburg\/ueber-uns\/","url":"https:\/\/www.patientenbeteiligung.de\/brandenburg\/ueber-uns\/","name":"Patientenvertretung Brandenburg Mitbestimmung \u00dcber uns","isPartOf":{"@id":"https:\/\/www.patientenbeteiligung.de\/brandenburg\/#website"},"datePublished":"2021-06-01T10:46:01+00:00","dateModified":"2025-02-03T08:04:03+00:00","description":"Koordinierungsstelle Brandenburg bietet eine Plattform f\u00fcr Patientenvertretung in Gremien des Landes Brandenburg. Mitbestimmung ist gefragt.","breadcrumb":{"@id":"https:\/\/www.patientenbeteiligung.de\/brandenburg\/ueber-uns\/#breadcrumb"},"inLanguage":"de","potentialAction":[{"@type":"ReadAction","target":["https:\/\/www.patientenbeteiligung.de\/brandenburg\/ueber-uns\/"]}]},{"@type":"BreadcrumbList","@id":"https:\/\/www.patientenbeteiligung.de\/brandenburg\/ueber-uns\/#breadcrumb","itemListElement":[{"@type":"ListItem","position":1,"name":"Startseite","item":"https:\/\/www.patientenbeteiligung.de\/brandenburg\/"},{"@type":"ListItem","position":2,"name":"\u00dcber uns"}]},{"@type":"WebSite","@id":"https:\/\/www.patientenbeteiligung.de\/brandenburg\/#website","url":"https:\/\/www.patientenbeteiligung.de\/brandenburg\/","name":"Brandenburg","description":"Patentenbeteiligung in Brandenburg","potentialAction":[{"@type":"SearchAction","target":{"@type":"EntryPoint","urlTemplate":"https:\/\/www.patientenbeteiligung.de\/brandenburg\/?s={search_term_string}"},"query-input":{"@type":"PropertyValueSpecification","valueRequired":true,"valueName":"search_term_string"}}],"inLanguage":"de"}]}},"_links":{"self":[{"href":"https:\/\/www.patientenbeteiligung.de\/brandenburg\/wp-json\/wp\/v2\/pages\/280","targetHints":{"allow":["GET"]}}],"collection":[{"href":"https:\/\/www.patientenbeteiligung.de\/brandenburg\/wp-json\/wp\/v2\/pages"}],"about":[{"href":"https:\/\/www.patientenbeteiligung.de\/brandenburg\/wp-json\/wp\/v2\/types\/page"}],"author":[{"embeddable":true,"href":"https:\/\/www.patientenbeteiligung.de\/brandenburg\/wp-json\/wp\/v2\/users\/14"}],"replies":[{"embeddable":true,"href":"https:\/\/www.patientenbeteiligung.de\/brandenburg\/wp-json\/wp\/v2\/comments?post=280"}],"version-history":[{"count":15,"href":"https:\/\/www.patientenbeteiligung.de\/brandenburg\/wp-json\/wp\/v2\/pages\/280\/revisions"}],"predecessor-version":[{"id":900,"href":"https:\/\/www.patientenbeteiligung.de\/brandenburg\/wp-json\/wp\/v2\/pages\/280\/revisions\/900"}],"wp:attachment":[{"href":"https:\/\/www.patientenbeteiligung.de\/brandenburg\/wp-json\/wp\/v2\/media?parent=280"}],"curies":[{"name":"wp","href":"https:\/\/api.w.org\/{rel}","templated":true}]}}