{"id":242,"date":"2021-06-01T11:13:52","date_gmt":"2021-06-01T09:13:52","guid":{"rendered":"https:\/\/www.patientenbeteiligung.de\/brandenburg\/?page_id=242"},"modified":"2021-12-02T14:41:22","modified_gmt":"2021-12-02T13:41:22","slug":"engagement","status":"publish","type":"page","link":"https:\/\/www.patientenbeteiligung.de\/brandenburg\/engagement\/","title":{"rendered":"Engagement"},"content":{"rendered":"\t\t<div data-elementor-type=\"wp-page\" data-elementor-id=\"242\" class=\"elementor elementor-242\">\n\t\t\t\t\t\t<section class=\"elementor-section elementor-top-section elementor-element elementor-element-7670d6a7 elementor-section-boxed elementor-section-height-default elementor-section-height-default\" data-id=\"7670d6a7\" data-element_type=\"section\">\n\t\t\t\t\t\t<div class=\"elementor-container elementor-column-gap-default\">\n\t\t\t\t\t<div class=\"elementor-column elementor-col-100 elementor-top-column elementor-element elementor-element-19a05a0e\" data-id=\"19a05a0e\" data-element_type=\"column\">\n\t\t\t<div class=\"elementor-widget-wrap elementor-element-populated\">\n\t\t\t\t\t\t<div class=\"elementor-element elementor-element-22182d3d elementor-widget elementor-widget-text-editor\" data-id=\"22182d3d\" data-element_type=\"widget\" data-widget_type=\"text-editor.default\">\n\t\t\t\t<div class=\"elementor-widget-container\">\n\t\t\t\t\t\t\t\t\t<h4>Ihr Engagement sorgt in den Gremien und Aussch\u00fcssen<\/h4>\n<ul>\n \t<li>\n<h4>f\u00fcr mehr Erfahrungswissen<\/h4>\n<\/li>\n \t<li>\n<h4>f\u00fcr mehr Transparenz<\/h4>\n<\/li>\n \t<li>\n<h4>f\u00fcr mehr Patientenorientierung<\/h4>\n<\/li>\n \t<li>\n<h4>f\u00fcr mehr Lebensqualit\u00e4t<\/h4>\n<\/li>\n<\/ul>\n<h3><\/h3>\n<h4>Mitmachen &#8211; Mitberaten &#8211; Verbesserungen f\u00fcr alle erreichen<\/h4>\n<h4>Liebe Brandenburger &#8211; wir brauchen Menschen, die sich in der Patientenbeteiligung engagieren wollen. Machen wir unsere Stimmen stark!<\/h4>\t\t\t\t\t\t\t\t<\/div>\n\t\t\t\t<\/div>\n\t\t\t\t\t<\/div>\n\t\t<\/div>\n\t\t\t\t\t<\/div>\n\t\t<\/section>\n\t\t\t\t<section class=\"elementor-section elementor-top-section elementor-element elementor-element-317b990 elementor-hidden-desktop elementor-hidden-tablet elementor-hidden-phone elementor-section-boxed elementor-section-height-default elementor-section-height-default\" data-id=\"317b990\" data-element_type=\"section\">\n\t\t\t\t\t\t<div class=\"elementor-container elementor-column-gap-default\">\n\t\t\t\t\t<div class=\"elementor-column elementor-col-100 elementor-top-column elementor-element elementor-element-c75cc85\" data-id=\"c75cc85\" data-element_type=\"column\">\n\t\t\t<div class=\"elementor-widget-wrap elementor-element-populated\">\n\t\t\t\t\t\t<div class=\"elementor-element elementor-element-c289d74 elementor-widget elementor-widget-button\" data-id=\"c289d74\" data-element_type=\"widget\" data-widget_type=\"button.default\">\n\t\t\t\t<div class=\"elementor-widget-container\">\n\t\t\t\t\t\t\t\t\t<div class=\"elementor-button-wrapper\">\n\t\t\t\t\t<a class=\"elementor-button elementor-button-link elementor-size-lg\" href=\"#\">\n\t\t\t\t\t\t<span class=\"elementor-button-content-wrapper\">\n\t\t\t\t\t\t\t\t\t<span class=\"elementor-button-text\">Aufgaben der Patientenvertretung<\/span>\n\t\t\t\t\t<\/span>\n\t\t\t\t\t<\/a>\n\t\t\t\t<\/div>\n\t\t\t\t\t\t\t\t<\/div>\n\t\t\t\t<\/div>\n\t\t\t\t\t<\/div>\n\t\t<\/div>\n\t\t\t\t\t<\/div>\n\t\t<\/section>\n\t\t\t\t<section class=\"elementor-section elementor-top-section elementor-element elementor-element-9a179f3 elementor-section-boxed elementor-section-height-default elementor-section-height-default\" data-id=\"9a179f3\" data-element_type=\"section\">\n\t\t\t\t\t\t<div class=\"elementor-container elementor-column-gap-default\">\n\t\t\t\t\t<div class=\"elementor-column elementor-col-100 elementor-top-column elementor-element elementor-element-cfb04f4\" data-id=\"cfb04f4\" data-element_type=\"column\">\n\t\t\t<div class=\"elementor-widget-wrap elementor-element-populated\">\n\t\t\t\t\t\t<div class=\"elementor-element elementor-element-441c9a2 elementor-widget elementor-widget-button\" data-id=\"441c9a2\" data-element_type=\"widget\" data-widget_type=\"button.default\">\n\t\t\t\t<div class=\"elementor-widget-container\">\n\t\t\t\t\t\t\t\t\t<div class=\"elementor-button-wrapper\">\n\t\t\t\t\t<a class=\"elementor-button elementor-button-link elementor-size-sm\" href=\"https:\/\/www.patientenbeteiligung.de\/brandenburg\/category\/aufgaben-der-patientenvertretung\/\">\n\t\t\t\t\t\t<span class=\"elementor-button-content-wrapper\">\n\t\t\t\t\t\t\t\t\t<span class=\"elementor-button-text\">Aufgaben der Patientenvertretung<\/span>\n\t\t\t\t\t<\/span>\n\t\t\t\t\t<\/a>\n\t\t\t\t<\/div>\n\t\t\t\t\t\t\t\t<\/div>\n\t\t\t\t<\/div>\n\t\t\t\t\t<\/div>\n\t\t<\/div>\n\t\t\t\t\t<\/div>\n\t\t<\/section>\n\t\t\t\t<section class=\"elementor-section elementor-top-section elementor-element elementor-element-7e32ec9 elementor-section-boxed elementor-section-height-default elementor-section-height-default\" data-id=\"7e32ec9\" data-element_type=\"section\">\n\t\t\t\t\t\t<div class=\"elementor-container elementor-column-gap-default\">\n\t\t\t\t\t<div class=\"elementor-column elementor-col-100 elementor-top-column elementor-element elementor-element-f0465a2\" data-id=\"f0465a2\" data-element_type=\"column\">\n\t\t\t<div class=\"elementor-widget-wrap elementor-element-populated\">\n\t\t\t\t\t\t<div class=\"elementor-element elementor-element-217b3d5 elementor-widget elementor-widget-button\" data-id=\"217b3d5\" data-element_type=\"widget\" data-widget_type=\"button.default\">\n\t\t\t\t<div class=\"elementor-widget-container\">\n\t\t\t\t\t\t\t\t\t<div class=\"elementor-button-wrapper\">\n\t\t\t\t\t<a class=\"elementor-button elementor-button-link elementor-size-sm\" href=\"https:\/\/www.patientenbeteiligung.de\/brandenburg\/category\/patientenvertreterin-werden\/\">\n\t\t\t\t\t\t<span class=\"elementor-button-content-wrapper\">\n\t\t\t\t\t\t\t\t\t<span class=\"elementor-button-text\">Patientenvertreter*in werden<\/span>\n\t\t\t\t\t<\/span>\n\t\t\t\t\t<\/a>\n\t\t\t\t<\/div>\n\t\t\t\t\t\t\t\t<\/div>\n\t\t\t\t<\/div>\n\t\t\t\t\t<\/div>\n\t\t<\/div>\n\t\t\t\t\t<\/div>\n\t\t<\/section>\n\t\t\t\t<section class=\"elementor-section elementor-top-section elementor-element elementor-element-4a7e5fe elementor-section-boxed elementor-section-height-default elementor-section-height-default\" data-id=\"4a7e5fe\" data-element_type=\"section\">\n\t\t\t\t\t\t<div class=\"elementor-container elementor-column-gap-default\">\n\t\t\t\t\t<div class=\"elementor-column elementor-col-100 elementor-top-column elementor-element elementor-element-b3555c1\" data-id=\"b3555c1\" data-element_type=\"column\">\n\t\t\t<div class=\"elementor-widget-wrap elementor-element-populated\">\n\t\t\t\t\t\t<div class=\"elementor-element elementor-element-f0c5321 elementor-widget elementor-widget-button\" data-id=\"f0c5321\" data-element_type=\"widget\" data-widget_type=\"button.default\">\n\t\t\t\t<div class=\"elementor-widget-container\">\n\t\t\t\t\t\t\t\t\t<div class=\"elementor-button-wrapper\">\n\t\t\t\t\t<a class=\"elementor-button elementor-button-link elementor-size-sm\" href=\"https:\/\/www.patientenbeteiligung.de\/brandenburg\/category\/arbeitsaufwand-und-verguetung\/\">\n\t\t\t\t\t\t<span class=\"elementor-button-content-wrapper\">\n\t\t\t\t\t\t\t\t\t<span class=\"elementor-button-text\">Arbeitsaufwand und Verg\u00fctung<\/span>\n\t\t\t\t\t<\/span>\n\t\t\t\t\t<\/a>\n\t\t\t\t<\/div>\n\t\t\t\t\t\t\t\t<\/div>\n\t\t\t\t<\/div>\n\t\t\t\t\t<\/div>\n\t\t<\/div>\n\t\t\t\t\t<\/div>\n\t\t<\/section>\n\t\t\t\t<\/div>\n\t\t","protected":false},"excerpt":{"rendered":"<p>Ihr Engagement sorgt in den Gremien und Aussch\u00fcssen f\u00fcr mehr Erfahrungswissen f\u00fcr mehr Transparenz f\u00fcr mehr Patientenorientierung f\u00fcr mehr Lebensqualit\u00e4t Mitmachen &#8211; Mitberaten &#8211; Verbesserungen f\u00fcr alle erreichen Liebe Brandenburger &#8211; wir brauchen Menschen, die sich in der Patientenbeteiligung engagieren wollen. Machen wir unsere Stimmen stark! Aufgaben der Patientenvertretung Aufgaben [&hellip;]<\/p>\n","protected":false},"author":14,"featured_media":0,"parent":0,"menu_order":0,"comment_status":"closed","ping_status":"closed","template":"","meta":{"_acf_changed":false,"footnotes":""},"class_list":["post-242","page","type-page","status-publish","hentry"],"acf":[],"yoast_head":"<!-- This site is optimized with the Yoast SEO plugin v24.9 - https:\/\/yoast.com\/wordpress\/plugins\/seo\/ -->\n<title>Mitmachen Patientenvertreter Gesundheitssystem Engagement<\/title>\n<meta name=\"description\" content=\"Ihr Engagement wird gebraucht. Wir wollen unser Gesundheitssystem st\u00e4rken. Werden Sie Patientenvertreter. Voraussetzungen :\" \/>\n<meta name=\"robots\" content=\"index, follow, max-snippet:-1, max-image-preview:large, max-video-preview:-1\" \/>\n<link rel=\"canonical\" href=\"https:\/\/www.patientenbeteiligung.de\/brandenburg\/engagement\/\" \/>\n<meta property=\"og:locale\" content=\"de_DE\" \/>\n<meta property=\"og:type\" content=\"article\" \/>\n<meta property=\"og:title\" content=\"Mitmachen Patientenvertreter Gesundheitssystem Engagement\" \/>\n<meta property=\"og:description\" content=\"Ihr Engagement wird gebraucht. Wir wollen unser Gesundheitssystem st\u00e4rken. Werden Sie Patientenvertreter. Voraussetzungen :\" \/>\n<meta property=\"og:url\" content=\"https:\/\/www.patientenbeteiligung.de\/brandenburg\/engagement\/\" \/>\n<meta property=\"og:site_name\" content=\"Brandenburg\" \/>\n<meta property=\"article:modified_time\" content=\"2021-12-02T13:41:22+00:00\" \/>\n<meta name=\"twitter:card\" content=\"summary_large_image\" \/>\n<meta name=\"twitter:label1\" content=\"Gesch\u00e4tzte Lesezeit\" \/>\n\t<meta name=\"twitter:data1\" content=\"1\u00a0Minute\" \/>\n<script type=\"application\/ld+json\" class=\"yoast-schema-graph\">{\"@context\":\"https:\/\/schema.org\",\"@graph\":[{\"@type\":\"WebPage\",\"@id\":\"https:\/\/www.patientenbeteiligung.de\/brandenburg\/engagement\/\",\"url\":\"https:\/\/www.patientenbeteiligung.de\/brandenburg\/engagement\/\",\"name\":\"Mitmachen Patientenvertreter Gesundheitssystem Engagement\",\"isPartOf\":{\"@id\":\"https:\/\/www.patientenbeteiligung.de\/brandenburg\/#website\"},\"datePublished\":\"2021-06-01T09:13:52+00:00\",\"dateModified\":\"2021-12-02T13:41:22+00:00\",\"description\":\"Ihr Engagement wird gebraucht. Wir wollen unser Gesundheitssystem st\u00e4rken. Werden Sie Patientenvertreter. Voraussetzungen :\",\"breadcrumb\":{\"@id\":\"https:\/\/www.patientenbeteiligung.de\/brandenburg\/engagement\/#breadcrumb\"},\"inLanguage\":\"de\",\"potentialAction\":[{\"@type\":\"ReadAction\",\"target\":[\"https:\/\/www.patientenbeteiligung.de\/brandenburg\/engagement\/\"]}]},{\"@type\":\"BreadcrumbList\",\"@id\":\"https:\/\/www.patientenbeteiligung.de\/brandenburg\/engagement\/#breadcrumb\",\"itemListElement\":[{\"@type\":\"ListItem\",\"position\":1,\"name\":\"Startseite\",\"item\":\"https:\/\/www.patientenbeteiligung.de\/brandenburg\/\"},{\"@type\":\"ListItem\",\"position\":2,\"name\":\"Engagement\"}]},{\"@type\":\"WebSite\",\"@id\":\"https:\/\/www.patientenbeteiligung.de\/brandenburg\/#website\",\"url\":\"https:\/\/www.patientenbeteiligung.de\/brandenburg\/\",\"name\":\"Brandenburg\",\"description\":\"Patentenbeteiligung in Brandenburg\",\"potentialAction\":[{\"@type\":\"SearchAction\",\"target\":{\"@type\":\"EntryPoint\",\"urlTemplate\":\"https:\/\/www.patientenbeteiligung.de\/brandenburg\/?s={search_term_string}\"},\"query-input\":{\"@type\":\"PropertyValueSpecification\",\"valueRequired\":true,\"valueName\":\"search_term_string\"}}],\"inLanguage\":\"de\"}]}<\/script>\n<!-- \/ Yoast SEO plugin. -->","yoast_head_json":{"title":"Mitmachen Patientenvertreter Gesundheitssystem Engagement","description":"Ihr Engagement wird gebraucht. Wir wollen unser Gesundheitssystem st\u00e4rken. Werden Sie Patientenvertreter. Voraussetzungen :","robots":{"index":"index","follow":"follow","max-snippet":"max-snippet:-1","max-image-preview":"max-image-preview:large","max-video-preview":"max-video-preview:-1"},"canonical":"https:\/\/www.patientenbeteiligung.de\/brandenburg\/engagement\/","og_locale":"de_DE","og_type":"article","og_title":"Mitmachen Patientenvertreter Gesundheitssystem Engagement","og_description":"Ihr Engagement wird gebraucht. Wir wollen unser Gesundheitssystem st\u00e4rken. Werden Sie Patientenvertreter. Voraussetzungen :","og_url":"https:\/\/www.patientenbeteiligung.de\/brandenburg\/engagement\/","og_site_name":"Brandenburg","article_modified_time":"2021-12-02T13:41:22+00:00","twitter_card":"summary_large_image","twitter_misc":{"Gesch\u00e4tzte Lesezeit":"1\u00a0Minute"},"schema":{"@context":"https:\/\/schema.org","@graph":[{"@type":"WebPage","@id":"https:\/\/www.patientenbeteiligung.de\/brandenburg\/engagement\/","url":"https:\/\/www.patientenbeteiligung.de\/brandenburg\/engagement\/","name":"Mitmachen Patientenvertreter Gesundheitssystem Engagement","isPartOf":{"@id":"https:\/\/www.patientenbeteiligung.de\/brandenburg\/#website"},"datePublished":"2021-06-01T09:13:52+00:00","dateModified":"2021-12-02T13:41:22+00:00","description":"Ihr Engagement wird gebraucht. Wir wollen unser Gesundheitssystem st\u00e4rken. Werden Sie Patientenvertreter. Voraussetzungen :","breadcrumb":{"@id":"https:\/\/www.patientenbeteiligung.de\/brandenburg\/engagement\/#breadcrumb"},"inLanguage":"de","potentialAction":[{"@type":"ReadAction","target":["https:\/\/www.patientenbeteiligung.de\/brandenburg\/engagement\/"]}]},{"@type":"BreadcrumbList","@id":"https:\/\/www.patientenbeteiligung.de\/brandenburg\/engagement\/#breadcrumb","itemListElement":[{"@type":"ListItem","position":1,"name":"Startseite","item":"https:\/\/www.patientenbeteiligung.de\/brandenburg\/"},{"@type":"ListItem","position":2,"name":"Engagement"}]},{"@type":"WebSite","@id":"https:\/\/www.patientenbeteiligung.de\/brandenburg\/#website","url":"https:\/\/www.patientenbeteiligung.de\/brandenburg\/","name":"Brandenburg","description":"Patentenbeteiligung in Brandenburg","potentialAction":[{"@type":"SearchAction","target":{"@type":"EntryPoint","urlTemplate":"https:\/\/www.patientenbeteiligung.de\/brandenburg\/?s={search_term_string}"},"query-input":{"@type":"PropertyValueSpecification","valueRequired":true,"valueName":"search_term_string"}}],"inLanguage":"de"}]}},"_links":{"self":[{"href":"https:\/\/www.patientenbeteiligung.de\/brandenburg\/wp-json\/wp\/v2\/pages\/242","targetHints":{"allow":["GET"]}}],"collection":[{"href":"https:\/\/www.patientenbeteiligung.de\/brandenburg\/wp-json\/wp\/v2\/pages"}],"about":[{"href":"https:\/\/www.patientenbeteiligung.de\/brandenburg\/wp-json\/wp\/v2\/types\/page"}],"author":[{"embeddable":true,"href":"https:\/\/www.patientenbeteiligung.de\/brandenburg\/wp-json\/wp\/v2\/users\/14"}],"replies":[{"embeddable":true,"href":"https:\/\/www.patientenbeteiligung.de\/brandenburg\/wp-json\/wp\/v2\/comments?post=242"}],"version-history":[{"count":88,"href":"https:\/\/www.patientenbeteiligung.de\/brandenburg\/wp-json\/wp\/v2\/pages\/242\/revisions"}],"predecessor-version":[{"id":659,"href":"https:\/\/www.patientenbeteiligung.de\/brandenburg\/wp-json\/wp\/v2\/pages\/242\/revisions\/659"}],"wp:attachment":[{"href":"https:\/\/www.patientenbeteiligung.de\/brandenburg\/wp-json\/wp\/v2\/media?parent=242"}],"curies":[{"name":"wp","href":"https:\/\/api.w.org\/{rel}","templated":true}]}}