{"id":2,"date":"2019-06-17T16:21:31","date_gmt":"2019-06-17T14:21:31","guid":{"rendered":"https:\/\/www.patientenbeteiligung.de\/brandenburg\/?page_id=2"},"modified":"2024-05-28T09:19:59","modified_gmt":"2024-05-28T07:19:59","slug":"brandenburg-willkommen-patientenbeteiligung","status":"publish","type":"page","link":"https:\/\/www.patientenbeteiligung.de\/brandenburg\/","title":{"rendered":"Brandenburg"},"content":{"rendered":"\t\t<div data-elementor-type=\"wp-page\" data-elementor-id=\"2\" class=\"elementor elementor-2\">\n\t\t\t\t\t\t<section class=\"elementor-section elementor-top-section elementor-element elementor-element-47025e92 elementor-section-boxed elementor-section-height-default elementor-section-height-default\" data-id=\"47025e92\" data-element_type=\"section\">\n\t\t\t\t\t\t<div class=\"elementor-container elementor-column-gap-default\">\n\t\t\t\t\t<div class=\"elementor-column elementor-col-100 elementor-top-column elementor-element elementor-element-3f2334f2\" data-id=\"3f2334f2\" data-element_type=\"column\">\n\t\t\t<div class=\"elementor-widget-wrap elementor-element-populated\">\n\t\t\t\t\t\t<div class=\"elementor-element elementor-element-413c5115 elementor-widget elementor-widget-text-editor\" data-id=\"413c5115\" data-element_type=\"widget\" data-widget_type=\"text-editor.default\">\n\t\t\t\t<div class=\"elementor-widget-container\">\n\t\t\t\t\t\t\t\t\t<p>\u00a0<\/p>\n<p><\/p>\n<p><span style=\"font-size: 14pt;color: #ff9900\"><strong>Willkommen auf der Seite der Patientenbeteiligung Brandenburg, liebe Patientenvertreterinnen und Patientenvertreter, liebe Interessierte. <\/strong><\/span><\/p>\n<p class=\"has-medium-font-size\"><\/p>\n<p>Es ist gesetzlich festgelegt, dass alle Menschen Anspruch auf eine &#8220;ausreichende, zweckm\u00e4\u00dfige und wirtschaftliche&#8221; Gesundheitsversorgung haben. Aber wie wird festgelegt, was &#8220;ausreichend, zweckm\u00e4\u00dfig und wirtschaftlich bedeutet?<\/p>\n<p class=\"has-medium-font-size\"><\/p>\n<p>Mit den Gesundheitsmodernisierungsgesetz (GMG) trat zum 01. Januar 2004 ein Gesetz in Kraft, welches die Grundlagen f\u00fcr die Interessenwahrung von Patient*innen und der Selbsthilfe durch eine Patientenbeteiligung schuf.<\/p>\n<p class=\"has-medium-font-size\"><\/p>\n<p>Deshalb haben die gem\u00e4\u00df <a href=\"https:\/\/www.gesetze-im-internet.de\/sgb_5\/__140f.html\">\u00a7 140 f und \u00a7 140 g SGB V <\/a> <a href=\"https:\/\/www.patientenbeteiligung.de\/brandenburg\/ueber-uns\/\">ma\u00dfgeblichen Organisationen<\/a> zur Wahrnehmung der Interessen von Patientinnen und Patienten sowie der Selbsthilfe chronisch kranker und behinderter Menschen im Land Brandenburg einen <a href=\"https:\/\/www.patientenbeteiligung.de\/brandenburg\/category\/koordinierungsausschuss\/\">Koordinierungsausschuss Patientenbeteiligung (KooA)<\/a> gegr\u00fcndet.<\/p>\n<p>\u00a0<\/p>\n<p class=\"has-medium-font-size\"><\/p>\n<p>Der <a href=\"https:\/\/www.patientenbeteiligung.de\/brandenburg\/category\/koordinierungsausschuss\/\">KooA<\/a> ist die Anlaufstelle in Brandenburg sowohl f\u00fcr die ehrenamtlichen Patientenvertreter*innen als auch f\u00fcr die, die es noch werden m\u00f6chten.<\/p>\n<p class=\"has-medium-font-size\"><\/p>\n<p>Patientenvertreter*innen sind ehrenamtlich t\u00e4tig. Sie bringen Ihre Erfahrungen als Patient*innen und Betroffene und ihre Sachkenntnis bez\u00fcglich der Versorgung in ihre Arbeit in der Patientenvertretung ein. Sie geben den Patient*innen eine Stimme im Gesundheitswesen und vertreten ihre Interessen auf Bundes- und Landesebene.<\/p>\n<p class=\"has-medium-font-size\"><\/p>\n<p style=\"color: #4a615d\"><strong>Das Engagement und die Initiativen der Patientenvertretung haben in den vergangenen Jahren bundesweit zu zahlreichen Verbesserungen f\u00fcr alle gesetzlich versicherten Menschen gef\u00fchrt.<\/strong><\/p>\n<p style=\"color: #4a615d\"><strong>\u00a0<\/strong><\/p>\n<p style=\"color: #4a615d\"><strong>Video: Was bedeutet Patientenbeteiligung im Land Brandenburg?<\/strong><\/p>\n<div style=\"width: 1280px;\" class=\"wp-video\"><!--[if lt IE 9]><script>document.createElement('video');<\/script><![endif]-->\n<video class=\"wp-video-shortcode\" id=\"video-2-1\" width=\"1280\" height=\"720\" preload=\"metadata\" controls=\"controls\"><source type=\"video\/mp4\" src=\"https:\/\/www.patientenbeteiligung.de\/brandenburg\/wp-content\/uploads\/sites\/6\/2024\/05\/2024-05-27-Erklaervideo-Was-ist-PatBet.mp4?_=1\" \/><a href=\"https:\/\/www.patientenbeteiligung.de\/brandenburg\/wp-content\/uploads\/sites\/6\/2024\/05\/2024-05-27-Erklaervideo-Was-ist-PatBet.mp4\">https:\/\/www.patientenbeteiligung.de\/brandenburg\/wp-content\/uploads\/sites\/6\/2024\/05\/2024-05-27-Erklaervideo-Was-ist-PatBet.mp4<\/a><\/video><\/div>\n<p style=\"color: #4a615d\"><strong>\u00a0<\/strong><\/p>\n<p style=\"color: #4a615d\"><strong>\u00a0<\/strong><\/p>\n<p class=\"has-text-color has-medium-font-size\" style=\"color: #4a615d\"><\/p>\t\t\t\t\t\t\t\t<\/div>\n\t\t\t\t<\/div>\n\t\t\t\t\t<\/div>\n\t\t<\/div>\n\t\t\t\t\t<\/div>\n\t\t<\/section>\n\t\t\t\t<\/div>\n\t\t","protected":false},"excerpt":{"rendered":"<p>\u00a0 Willkommen auf der Seite der Patientenbeteiligung Brandenburg, liebe Patientenvertreterinnen und Patientenvertreter, liebe Interessierte. Es ist gesetzlich festgelegt, dass alle Menschen Anspruch auf eine &#8220;ausreichende, zweckm\u00e4\u00dfige und wirtschaftliche&#8221; Gesundheitsversorgung haben. Aber wie wird festgelegt, was &#8220;ausreichend, zweckm\u00e4\u00dfig und wirtschaftlich bedeutet? Mit den Gesundheitsmodernisierungsgesetz (GMG) trat zum 01. Januar 2004 ein [&hellip;]<\/p>\n","protected":false},"author":14,"featured_media":420,"parent":0,"menu_order":0,"comment_status":"closed","ping_status":"open","template":"","meta":{"_acf_changed":false,"footnotes":""},"class_list":["post-2","page","type-page","status-publish","has-post-thumbnail","hentry"],"acf":[],"yoast_head":"<!-- This site is optimized with the Yoast SEO plugin v24.9 - https:\/\/yoast.com\/wordpress\/plugins\/seo\/ -->\n<title>Patientenbeteiligung - Brandenburg<\/title>\n<meta name=\"description\" content=\"Brandenburg, Patientenvertretung, Koordinierung, Patientenbeteiligung, Ansprechpartner f\u00fcr neue Interessierte\" \/>\n<meta name=\"robots\" content=\"index, follow, max-snippet:-1, max-image-preview:large, max-video-preview:-1\" \/>\n<link rel=\"canonical\" href=\"https:\/\/www.patientenbeteiligung.de\/brandenburg\/\" \/>\n<meta property=\"og:locale\" content=\"de_DE\" \/>\n<meta property=\"og:type\" content=\"article\" \/>\n<meta property=\"og:title\" content=\"Patientenbeteiligung - Brandenburg\" \/>\n<meta property=\"og:description\" content=\"Brandenburg, Patientenvertretung, Koordinierung, Patientenbeteiligung, Ansprechpartner f\u00fcr neue Interessierte\" \/>\n<meta property=\"og:url\" content=\"https:\/\/www.patientenbeteiligung.de\/brandenburg\/\" \/>\n<meta property=\"og:site_name\" content=\"Brandenburg\" \/>\n<meta property=\"article:modified_time\" content=\"2024-05-28T07:19:59+00:00\" \/>\n<meta property=\"og:image\" content=\"https:\/\/www.patientenbeteiligung.de\/brandenburg\/wp-content\/uploads\/sites\/6\/2021\/11\/yannis-d-QbDIr_9qjZI-unsplash-scaled.jpg\" \/>\n\t<meta property=\"og:image:width\" content=\"2560\" \/>\n\t<meta property=\"og:image:height\" content=\"1916\" \/>\n\t<meta property=\"og:image:type\" content=\"image\/jpeg\" \/>\n<meta name=\"twitter:card\" content=\"summary_large_image\" \/>\n<meta name=\"twitter:label1\" content=\"Gesch\u00e4tzte Lesezeit\" \/>\n\t<meta name=\"twitter:data1\" content=\"2\u00a0Minuten\" \/>\n<script type=\"application\/ld+json\" class=\"yoast-schema-graph\">{\"@context\":\"https:\/\/schema.org\",\"@graph\":[{\"@type\":\"WebPage\",\"@id\":\"https:\/\/www.patientenbeteiligung.de\/brandenburg\/\",\"url\":\"https:\/\/www.patientenbeteiligung.de\/brandenburg\/\",\"name\":\"Patientenbeteiligung - Brandenburg\",\"isPartOf\":{\"@id\":\"https:\/\/www.patientenbeteiligung.de\/brandenburg\/#website\"},\"primaryImageOfPage\":{\"@id\":\"https:\/\/www.patientenbeteiligung.de\/brandenburg\/#primaryimage\"},\"image\":{\"@id\":\"https:\/\/www.patientenbeteiligung.de\/brandenburg\/#primaryimage\"},\"thumbnailUrl\":\"https:\/\/www.patientenbeteiligung.de\/brandenburg\/wp-content\/uploads\/sites\/6\/2021\/11\/yannis-d-QbDIr_9qjZI-unsplash-scaled.jpg\",\"datePublished\":\"2019-06-17T14:21:31+00:00\",\"dateModified\":\"2024-05-28T07:19:59+00:00\",\"description\":\"Brandenburg, Patientenvertretung, Koordinierung, Patientenbeteiligung, Ansprechpartner f\u00fcr neue Interessierte\",\"breadcrumb\":{\"@id\":\"https:\/\/www.patientenbeteiligung.de\/brandenburg\/#breadcrumb\"},\"inLanguage\":\"de\",\"potentialAction\":[{\"@type\":\"ReadAction\",\"target\":[\"https:\/\/www.patientenbeteiligung.de\/brandenburg\/\"]}]},{\"@type\":\"ImageObject\",\"inLanguage\":\"de\",\"@id\":\"https:\/\/www.patientenbeteiligung.de\/brandenburg\/#primaryimage\",\"url\":\"https:\/\/www.patientenbeteiligung.de\/brandenburg\/wp-content\/uploads\/sites\/6\/2021\/11\/yannis-d-QbDIr_9qjZI-unsplash-scaled.jpg\",\"contentUrl\":\"https:\/\/www.patientenbeteiligung.de\/brandenburg\/wp-content\/uploads\/sites\/6\/2021\/11\/yannis-d-QbDIr_9qjZI-unsplash-scaled.jpg\",\"width\":2560,\"height\":1916},{\"@type\":\"BreadcrumbList\",\"@id\":\"https:\/\/www.patientenbeteiligung.de\/brandenburg\/#breadcrumb\",\"itemListElement\":[{\"@type\":\"ListItem\",\"position\":1,\"name\":\"Startseite\",\"item\":\"https:\/\/www.patientenbeteiligung.de\/brandenburg\/\"},{\"@type\":\"ListItem\",\"position\":2,\"name\":\"Brandenburg\"}]},{\"@type\":\"WebSite\",\"@id\":\"https:\/\/www.patientenbeteiligung.de\/brandenburg\/#website\",\"url\":\"https:\/\/www.patientenbeteiligung.de\/brandenburg\/\",\"name\":\"Brandenburg\",\"description\":\"Patentenbeteiligung in Brandenburg\",\"potentialAction\":[{\"@type\":\"SearchAction\",\"target\":{\"@type\":\"EntryPoint\",\"urlTemplate\":\"https:\/\/www.patientenbeteiligung.de\/brandenburg\/?s={search_term_string}\"},\"query-input\":{\"@type\":\"PropertyValueSpecification\",\"valueRequired\":true,\"valueName\":\"search_term_string\"}}],\"inLanguage\":\"de\"}]}<\/script>\n<!-- \/ Yoast SEO plugin. -->","yoast_head_json":{"title":"Patientenbeteiligung - Brandenburg","description":"Brandenburg, Patientenvertretung, Koordinierung, Patientenbeteiligung, Ansprechpartner f\u00fcr neue Interessierte","robots":{"index":"index","follow":"follow","max-snippet":"max-snippet:-1","max-image-preview":"max-image-preview:large","max-video-preview":"max-video-preview:-1"},"canonical":"https:\/\/www.patientenbeteiligung.de\/brandenburg\/","og_locale":"de_DE","og_type":"article","og_title":"Patientenbeteiligung - Brandenburg","og_description":"Brandenburg, Patientenvertretung, Koordinierung, Patientenbeteiligung, Ansprechpartner f\u00fcr neue Interessierte","og_url":"https:\/\/www.patientenbeteiligung.de\/brandenburg\/","og_site_name":"Brandenburg","article_modified_time":"2024-05-28T07:19:59+00:00","og_image":[{"width":2560,"height":1916,"url":"https:\/\/www.patientenbeteiligung.de\/brandenburg\/wp-content\/uploads\/sites\/6\/2021\/11\/yannis-d-QbDIr_9qjZI-unsplash-scaled.jpg","type":"image\/jpeg"}],"twitter_card":"summary_large_image","twitter_misc":{"Gesch\u00e4tzte Lesezeit":"2\u00a0Minuten"},"schema":{"@context":"https:\/\/schema.org","@graph":[{"@type":"WebPage","@id":"https:\/\/www.patientenbeteiligung.de\/brandenburg\/","url":"https:\/\/www.patientenbeteiligung.de\/brandenburg\/","name":"Patientenbeteiligung - Brandenburg","isPartOf":{"@id":"https:\/\/www.patientenbeteiligung.de\/brandenburg\/#website"},"primaryImageOfPage":{"@id":"https:\/\/www.patientenbeteiligung.de\/brandenburg\/#primaryimage"},"image":{"@id":"https:\/\/www.patientenbeteiligung.de\/brandenburg\/#primaryimage"},"thumbnailUrl":"https:\/\/www.patientenbeteiligung.de\/brandenburg\/wp-content\/uploads\/sites\/6\/2021\/11\/yannis-d-QbDIr_9qjZI-unsplash-scaled.jpg","datePublished":"2019-06-17T14:21:31+00:00","dateModified":"2024-05-28T07:19:59+00:00","description":"Brandenburg, Patientenvertretung, Koordinierung, Patientenbeteiligung, Ansprechpartner f\u00fcr neue Interessierte","breadcrumb":{"@id":"https:\/\/www.patientenbeteiligung.de\/brandenburg\/#breadcrumb"},"inLanguage":"de","potentialAction":[{"@type":"ReadAction","target":["https:\/\/www.patientenbeteiligung.de\/brandenburg\/"]}]},{"@type":"ImageObject","inLanguage":"de","@id":"https:\/\/www.patientenbeteiligung.de\/brandenburg\/#primaryimage","url":"https:\/\/www.patientenbeteiligung.de\/brandenburg\/wp-content\/uploads\/sites\/6\/2021\/11\/yannis-d-QbDIr_9qjZI-unsplash-scaled.jpg","contentUrl":"https:\/\/www.patientenbeteiligung.de\/brandenburg\/wp-content\/uploads\/sites\/6\/2021\/11\/yannis-d-QbDIr_9qjZI-unsplash-scaled.jpg","width":2560,"height":1916},{"@type":"BreadcrumbList","@id":"https:\/\/www.patientenbeteiligung.de\/brandenburg\/#breadcrumb","itemListElement":[{"@type":"ListItem","position":1,"name":"Startseite","item":"https:\/\/www.patientenbeteiligung.de\/brandenburg\/"},{"@type":"ListItem","position":2,"name":"Brandenburg"}]},{"@type":"WebSite","@id":"https:\/\/www.patientenbeteiligung.de\/brandenburg\/#website","url":"https:\/\/www.patientenbeteiligung.de\/brandenburg\/","name":"Brandenburg","description":"Patentenbeteiligung in Brandenburg","potentialAction":[{"@type":"SearchAction","target":{"@type":"EntryPoint","urlTemplate":"https:\/\/www.patientenbeteiligung.de\/brandenburg\/?s={search_term_string}"},"query-input":{"@type":"PropertyValueSpecification","valueRequired":true,"valueName":"search_term_string"}}],"inLanguage":"de"}]}},"_links":{"self":[{"href":"https:\/\/www.patientenbeteiligung.de\/brandenburg\/wp-json\/wp\/v2\/pages\/2","targetHints":{"allow":["GET"]}}],"collection":[{"href":"https:\/\/www.patientenbeteiligung.de\/brandenburg\/wp-json\/wp\/v2\/pages"}],"about":[{"href":"https:\/\/www.patientenbeteiligung.de\/brandenburg\/wp-json\/wp\/v2\/types\/page"}],"author":[{"embeddable":true,"href":"https:\/\/www.patientenbeteiligung.de\/brandenburg\/wp-json\/wp\/v2\/users\/14"}],"replies":[{"embeddable":true,"href":"https:\/\/www.patientenbeteiligung.de\/brandenburg\/wp-json\/wp\/v2\/comments?post=2"}],"version-history":[{"count":65,"href":"https:\/\/www.patientenbeteiligung.de\/brandenburg\/wp-json\/wp\/v2\/pages\/2\/revisions"}],"predecessor-version":[{"id":832,"href":"https:\/\/www.patientenbeteiligung.de\/brandenburg\/wp-json\/wp\/v2\/pages\/2\/revisions\/832"}],"wp:featuredmedia":[{"embeddable":true,"href":"https:\/\/www.patientenbeteiligung.de\/brandenburg\/wp-json\/wp\/v2\/media\/420"}],"wp:attachment":[{"href":"https:\/\/www.patientenbeteiligung.de\/brandenburg\/wp-json\/wp\/v2\/media?parent=2"}],"curies":[{"name":"wp","href":"https:\/\/api.w.org\/{rel}","templated":true}]}}