{"id":79,"date":"2021-11-01T14:18:46","date_gmt":"2021-11-01T13:18:46","guid":{"rendered":"https:\/\/www.patientenbeteiligung.de\/berlin\/?page_id=79"},"modified":"2024-10-02T09:46:00","modified_gmt":"2024-10-02T07:46:00","slug":"kontakt","status":"publish","type":"page","link":"https:\/\/www.patientenbeteiligung.de\/berlin\/kontakt\/","title":{"rendered":"KONTAKT"},"content":{"rendered":"\n<p><strong>Koordinierungsstelle Patientenvertretung Berlin<\/strong><\/p>\n\n\n\n<p>c\/o Landesvereinigung Selbsthilfe Berlin e.V.<\/p>\n\n\n\n<p>Littenstra\u00dfe 108<\/p>\n\n\n\n<p>10179 Berlin<\/p>\n\n\n\n<p>Telefon: 01590 434 97 31<\/p>\n\n\n\n<p>Fax: 030 27 59 25 26<\/p>\n\n\n\n<p>Email: <a href=\"mailto:beier@patientenvertretung-berlin.de\">beier@patientenvertretung-berlin.de<\/a><\/p>\n\n\n\n<h2 class=\"wp-block-heading\">Ansprechpartner<\/h2>\n\n\n\n<p>Niclas Beier<\/p>\n\n\n\n<h2 class=\"wp-block-heading\">Erreichbarkeit<\/h2>\n\n\n\n<p>Sie erreichen mich in der Regel <strong>Montag bis Freitag von 10 bis 14 Uhr<\/strong>.<\/p>\n\n\n\n<p>Pers\u00f6nliche Beratung gerne nach Terminvereinbarung.<\/p>\n\n\n\n<h2 class=\"wp-block-heading\">Hinweise zur Barrierefreiheit<\/h2>\n\n\n\n<ul class=\"wp-block-list\">\n<li>Sie erreichen mich auch per SMS und WhatsApp.<\/li>\n\n\n\n<li>Wir k\u00f6nnen ein Videogespr\u00e4ch \u00fcber Zoom vereinbaren.<\/li>\n\n\n\n<li>Wir k\u00f6nnen ein pers\u00f6nliches Gespr\u00e4ch im B\u00fcro der Landesvereinigung Selbsthilfe Berlin e.V. vereinbaren. Das B\u00fcro ist barrierefrei zug\u00e4nglich. Im Haus befindet sich eine Behinderten-Toilette.<\/li>\n\n\n\n<li>Wir k\u00f6nnen ein pers\u00f6nliches Gespr\u00e4ch an einem anderen Ort vereinbaren.<\/li>\n<\/ul>\n","protected":false},"excerpt":{"rendered":"<p>Koordinierungsstelle Patientenvertretung Berlin c\/o Landesvereinigung Selbsthilfe Berlin e.V. Littenstra\u00dfe 108 10179 Berlin Telefon: 01590 434 97 31 Fax: 030 27 59 25 26 Email: beier@patientenvertretung-berlin.de Ansprechpartner Niclas Beier Erreichbarkeit Sie erreichen mich in der Regel Montag bis Freitag von 10 bis 14 Uhr. Pers\u00f6nliche Beratung gerne nach Terminvereinbarung. Hinweise zur [&hellip;]<\/p>\n","protected":false},"author":12,"featured_media":0,"parent":0,"menu_order":60,"comment_status":"closed","ping_status":"closed","template":"","meta":{"_acf_changed":false,"footnotes":""},"class_list":["post-79","page","type-page","status-publish","hentry"],"acf":[],"yoast_head":"<!-- This site is optimized with the Yoast SEO plugin v24.9 - https:\/\/yoast.com\/wordpress\/plugins\/seo\/ -->\n<title>KONTAKT<\/title>\n<meta name=\"robots\" content=\"index, follow, max-snippet:-1, max-image-preview:large, max-video-preview:-1\" \/>\n<link rel=\"canonical\" href=\"https:\/\/www.patientenbeteiligung.de\/berlin\/kontakt\/\" \/>\n<meta property=\"og:locale\" content=\"de_DE\" \/>\n<meta property=\"og:type\" content=\"article\" \/>\n<meta property=\"og:title\" content=\"KONTAKT\" \/>\n<meta property=\"og:description\" content=\"Koordinierungsstelle Patientenvertretung Berlin c\/o Landesvereinigung Selbsthilfe Berlin e.V. Littenstra\u00dfe 108 10179 Berlin Telefon: 01590 434 97 31 Fax: 030 27 59 25 26 Email: beier@patientenvertretung-berlin.de Ansprechpartner Niclas Beier Erreichbarkeit Sie erreichen mich in der Regel Montag bis Freitag von 10 bis 14 Uhr. Pers\u00f6nliche Beratung gerne nach Terminvereinbarung. Hinweise zur [&hellip;]\" \/>\n<meta property=\"og:url\" content=\"https:\/\/www.patientenbeteiligung.de\/berlin\/kontakt\/\" \/>\n<meta property=\"og:site_name\" content=\"Berlin\" \/>\n<meta property=\"article:modified_time\" content=\"2024-10-02T07:46:00+00:00\" \/>\n<meta name=\"twitter:card\" content=\"summary_large_image\" \/>\n<meta name=\"twitter:label1\" content=\"Gesch\u00e4tzte Lesezeit\" \/>\n\t<meta name=\"twitter:data1\" content=\"1\u00a0Minute\" \/>\n<script type=\"application\/ld+json\" class=\"yoast-schema-graph\">{\"@context\":\"https:\/\/schema.org\",\"@graph\":[{\"@type\":\"WebPage\",\"@id\":\"https:\/\/www.patientenbeteiligung.de\/berlin\/kontakt\/\",\"url\":\"https:\/\/www.patientenbeteiligung.de\/berlin\/kontakt\/\",\"name\":\"KONTAKT\",\"isPartOf\":{\"@id\":\"https:\/\/www.patientenbeteiligung.de\/berlin\/#website\"},\"datePublished\":\"2021-11-01T13:18:46+00:00\",\"dateModified\":\"2024-10-02T07:46:00+00:00\",\"breadcrumb\":{\"@id\":\"https:\/\/www.patientenbeteiligung.de\/berlin\/kontakt\/#breadcrumb\"},\"inLanguage\":\"de\",\"potentialAction\":[{\"@type\":\"ReadAction\",\"target\":[\"https:\/\/www.patientenbeteiligung.de\/berlin\/kontakt\/\"]}]},{\"@type\":\"BreadcrumbList\",\"@id\":\"https:\/\/www.patientenbeteiligung.de\/berlin\/kontakt\/#breadcrumb\",\"itemListElement\":[{\"@type\":\"ListItem\",\"position\":1,\"name\":\"Startseite\",\"item\":\"https:\/\/www.patientenbeteiligung.de\/berlin\/\"},{\"@type\":\"ListItem\",\"position\":2,\"name\":\"KONTAKT\"}]},{\"@type\":\"WebSite\",\"@id\":\"https:\/\/www.patientenbeteiligung.de\/berlin\/#website\",\"url\":\"https:\/\/www.patientenbeteiligung.de\/berlin\/\",\"name\":\"Berlin\",\"description\":\"Koordinierung und Vernetzung der Patientenvertretung in Berlin\",\"potentialAction\":[{\"@type\":\"SearchAction\",\"target\":{\"@type\":\"EntryPoint\",\"urlTemplate\":\"https:\/\/www.patientenbeteiligung.de\/berlin\/?s={search_term_string}\"},\"query-input\":{\"@type\":\"PropertyValueSpecification\",\"valueRequired\":true,\"valueName\":\"search_term_string\"}}],\"inLanguage\":\"de\"}]}<\/script>\n<!-- \/ Yoast SEO plugin. -->","yoast_head_json":{"title":"KONTAKT","robots":{"index":"index","follow":"follow","max-snippet":"max-snippet:-1","max-image-preview":"max-image-preview:large","max-video-preview":"max-video-preview:-1"},"canonical":"https:\/\/www.patientenbeteiligung.de\/berlin\/kontakt\/","og_locale":"de_DE","og_type":"article","og_title":"KONTAKT","og_description":"Koordinierungsstelle Patientenvertretung Berlin c\/o Landesvereinigung Selbsthilfe Berlin e.V. Littenstra\u00dfe 108 10179 Berlin Telefon: 01590 434 97 31 Fax: 030 27 59 25 26 Email: beier@patientenvertretung-berlin.de Ansprechpartner Niclas Beier Erreichbarkeit Sie erreichen mich in der Regel Montag bis Freitag von 10 bis 14 Uhr. Pers\u00f6nliche Beratung gerne nach Terminvereinbarung. Hinweise zur [&hellip;]","og_url":"https:\/\/www.patientenbeteiligung.de\/berlin\/kontakt\/","og_site_name":"Berlin","article_modified_time":"2024-10-02T07:46:00+00:00","twitter_card":"summary_large_image","twitter_misc":{"Gesch\u00e4tzte Lesezeit":"1\u00a0Minute"},"schema":{"@context":"https:\/\/schema.org","@graph":[{"@type":"WebPage","@id":"https:\/\/www.patientenbeteiligung.de\/berlin\/kontakt\/","url":"https:\/\/www.patientenbeteiligung.de\/berlin\/kontakt\/","name":"KONTAKT","isPartOf":{"@id":"https:\/\/www.patientenbeteiligung.de\/berlin\/#website"},"datePublished":"2021-11-01T13:18:46+00:00","dateModified":"2024-10-02T07:46:00+00:00","breadcrumb":{"@id":"https:\/\/www.patientenbeteiligung.de\/berlin\/kontakt\/#breadcrumb"},"inLanguage":"de","potentialAction":[{"@type":"ReadAction","target":["https:\/\/www.patientenbeteiligung.de\/berlin\/kontakt\/"]}]},{"@type":"BreadcrumbList","@id":"https:\/\/www.patientenbeteiligung.de\/berlin\/kontakt\/#breadcrumb","itemListElement":[{"@type":"ListItem","position":1,"name":"Startseite","item":"https:\/\/www.patientenbeteiligung.de\/berlin\/"},{"@type":"ListItem","position":2,"name":"KONTAKT"}]},{"@type":"WebSite","@id":"https:\/\/www.patientenbeteiligung.de\/berlin\/#website","url":"https:\/\/www.patientenbeteiligung.de\/berlin\/","name":"Berlin","description":"Koordinierung und Vernetzung der Patientenvertretung in Berlin","potentialAction":[{"@type":"SearchAction","target":{"@type":"EntryPoint","urlTemplate":"https:\/\/www.patientenbeteiligung.de\/berlin\/?s={search_term_string}"},"query-input":{"@type":"PropertyValueSpecification","valueRequired":true,"valueName":"search_term_string"}}],"inLanguage":"de"}]}},"_links":{"self":[{"href":"https:\/\/www.patientenbeteiligung.de\/berlin\/wp-json\/wp\/v2\/pages\/79","targetHints":{"allow":["GET"]}}],"collection":[{"href":"https:\/\/www.patientenbeteiligung.de\/berlin\/wp-json\/wp\/v2\/pages"}],"about":[{"href":"https:\/\/www.patientenbeteiligung.de\/berlin\/wp-json\/wp\/v2\/types\/page"}],"author":[{"embeddable":true,"href":"https:\/\/www.patientenbeteiligung.de\/berlin\/wp-json\/wp\/v2\/users\/12"}],"replies":[{"embeddable":true,"href":"https:\/\/www.patientenbeteiligung.de\/berlin\/wp-json\/wp\/v2\/comments?post=79"}],"version-history":[{"count":25,"href":"https:\/\/www.patientenbeteiligung.de\/berlin\/wp-json\/wp\/v2\/pages\/79\/revisions"}],"predecessor-version":[{"id":558,"href":"https:\/\/www.patientenbeteiligung.de\/berlin\/wp-json\/wp\/v2\/pages\/79\/revisions\/558"}],"wp:attachment":[{"href":"https:\/\/www.patientenbeteiligung.de\/berlin\/wp-json\/wp\/v2\/media?parent=79"}],"curies":[{"name":"wp","href":"https:\/\/api.w.org\/{rel}","templated":true}]}}