{"id":577,"date":"2024-05-21T16:28:39","date_gmt":"2024-05-21T14:28:39","guid":{"rendered":"https:\/\/www.patientenbeteiligung.de\/berlin\/?page_id=577"},"modified":"2026-04-20T12:46:22","modified_gmt":"2026-04-20T10:46:22","slug":"projektfoerderung","status":"publish","type":"page","link":"https:\/\/www.patientenbeteiligung.de\/berlin\/ueber-uns\/projektfoerderung\/","title":{"rendered":"PROJEKTF\u00d6RDERUNG"},"content":{"rendered":"\n<h1 class=\"wp-block-heading\">F\u00f6rderung durch den Berliner Senat<\/h1>\n\n\n\n<p>Der Berliner Senat macht die Koordinierungsstelle Patientenvertretung m\u00f6glich: Seit 2020 f\u00f6rdert die <strong>Senatsverwaltung f\u00fcr Wissenschaft, Gesundheit und Pflege<\/strong> die Koordinierung durch eine:n hauptamtliche:n Mitarbeiter:in. Diese F\u00f6rderung erfolgt im <a href=\"https:\/\/www.berlin.de\/lageso\/soziales\/zuwendung\/integriertes-gesundheitsprogramm\/\" target=\"_blank\" rel=\"noreferrer noopener\">&#8220;Integrierten Gesundheitsprogramm&#8221; (IGP)<\/a> des Senats.<\/p>\n\n\n\n<p>Die Koordinierung umfasst zwei Hauptaufgaben:<\/p>\n\n\n\n<ul class=\"wp-block-list\">\n<li>Gewinnung und Qualifizierung ehrenamtlicher Patientenvertreter:innen<\/li>\n\n\n\n<li>St\u00e4rkung kollektiver Patientenrechte<\/li>\n<\/ul>\n\n\n\n<h2 class=\"wp-block-heading\">Gewinnung und Qualifizierung<\/h2>\n\n\n\n<p>Bei mehr als 20 Gremien mit \u00fcber 80 Pl\u00e4tzen f\u00fcr Patientenvertreter:innen in Berlin werden dauernd interessierte und engagierte Personen f\u00fcr diese ehrenamtliche T\u00e4tigkeit gesucht. Eine wichtige Aufgabe des Projekts ist es daher, die \u00d6ffentlichkeit \u00fcber Patientenbeteiligung zu informieren \u2013 und ehrenamtliche Patientenvertreter:innen zu gewinnen und f\u00fcr ihre Aufgabe zu qualifizieren.<\/p>\n\n\n\n<h2 class=\"wp-block-heading\">St\u00e4rkung kollektiver Patientenrechte<\/h2>\n\n\n\n<p>Die Rechte der Patientenvertreter:innen in den Gremien sind durch Gesetze und Richtlinien geregelt \u2013 aber noch ungen\u00fcgend. Viele Patientenanliegen k\u00f6nnen in den Gremiensitzungen alleine nicht ausreichend eingebracht werden. Wichtig ist es daher, die aktiven Patientenvertreter:innen mit anderen Akteur:innen im Gesundheitswesen st\u00e4rker zu vernetzen. Das gilt f\u00fcr die Vernetzung mit anderen Menschen mit chronischen Erkrankungen innerhalb und au\u00dferhalb der Selbsthilfe, aber etwa auch mit der Berliner Patientenbeauftragten sowie den Koordinierungsstellen in anderen Bundesl\u00e4ndern.<\/p>\n","protected":false},"excerpt":{"rendered":"<p>F\u00f6rderung durch den Berliner Senat Der Berliner Senat macht die Koordinierungsstelle Patientenvertretung m\u00f6glich: Seit 2020 f\u00f6rdert die Senatsverwaltung f\u00fcr Wissenschaft, Gesundheit und Pflege die Koordinierung durch eine:n hauptamtliche:n Mitarbeiter:in. Diese F\u00f6rderung erfolgt im &#8220;Integrierten Gesundheitsprogramm&#8221; (IGP) des Senats. Die Koordinierung umfasst zwei Hauptaufgaben: Gewinnung und Qualifizierung Bei mehr als 20 [&hellip;]<\/p>\n","protected":false},"author":12,"featured_media":0,"parent":510,"menu_order":13,"comment_status":"closed","ping_status":"closed","template":"","meta":{"_acf_changed":false,"footnotes":""},"class_list":["post-577","page","type-page","status-publish","hentry"],"acf":[],"yoast_head":"<!-- This site is optimized with the Yoast SEO plugin v24.9 - https:\/\/yoast.com\/wordpress\/plugins\/seo\/ -->\n<title>PROJEKTF\u00d6RDERUNG<\/title>\n<meta name=\"robots\" content=\"index, follow, max-snippet:-1, max-image-preview:large, max-video-preview:-1\" \/>\n<link rel=\"canonical\" href=\"https:\/\/www.patientenbeteiligung.de\/berlin\/ueber-uns\/projektfoerderung\/\" \/>\n<meta property=\"og:locale\" content=\"de_DE\" \/>\n<meta property=\"og:type\" content=\"article\" \/>\n<meta property=\"og:title\" content=\"PROJEKTF\u00d6RDERUNG\" \/>\n<meta property=\"og:description\" content=\"F\u00f6rderung durch den Berliner Senat Der Berliner Senat macht die Koordinierungsstelle Patientenvertretung m\u00f6glich: Seit 2020 f\u00f6rdert die Senatsverwaltung f\u00fcr Wissenschaft, Gesundheit und Pflege die Koordinierung durch eine:n hauptamtliche:n Mitarbeiter:in. Diese F\u00f6rderung erfolgt im &#8220;Integrierten Gesundheitsprogramm&#8221; (IGP) des Senats. Die Koordinierung umfasst zwei Hauptaufgaben: Gewinnung und Qualifizierung Bei mehr als 20 [&hellip;]\" \/>\n<meta property=\"og:url\" content=\"https:\/\/www.patientenbeteiligung.de\/berlin\/ueber-uns\/projektfoerderung\/\" \/>\n<meta property=\"og:site_name\" content=\"Berlin\" \/>\n<meta property=\"article:modified_time\" content=\"2026-04-20T10:46:22+00:00\" \/>\n<meta name=\"twitter:card\" content=\"summary_large_image\" \/>\n<meta name=\"twitter:label1\" content=\"Gesch\u00e4tzte Lesezeit\" \/>\n\t<meta name=\"twitter:data1\" content=\"1\u00a0Minute\" \/>\n<script type=\"application\/ld+json\" class=\"yoast-schema-graph\">{\"@context\":\"https:\/\/schema.org\",\"@graph\":[{\"@type\":\"WebPage\",\"@id\":\"https:\/\/www.patientenbeteiligung.de\/berlin\/ueber-uns\/projektfoerderung\/\",\"url\":\"https:\/\/www.patientenbeteiligung.de\/berlin\/ueber-uns\/projektfoerderung\/\",\"name\":\"PROJEKTF\u00d6RDERUNG\",\"isPartOf\":{\"@id\":\"https:\/\/www.patientenbeteiligung.de\/berlin\/#website\"},\"datePublished\":\"2024-05-21T14:28:39+00:00\",\"dateModified\":\"2026-04-20T10:46:22+00:00\",\"breadcrumb\":{\"@id\":\"https:\/\/www.patientenbeteiligung.de\/berlin\/ueber-uns\/projektfoerderung\/#breadcrumb\"},\"inLanguage\":\"de\",\"potentialAction\":[{\"@type\":\"ReadAction\",\"target\":[\"https:\/\/www.patientenbeteiligung.de\/berlin\/ueber-uns\/projektfoerderung\/\"]}]},{\"@type\":\"BreadcrumbList\",\"@id\":\"https:\/\/www.patientenbeteiligung.de\/berlin\/ueber-uns\/projektfoerderung\/#breadcrumb\",\"itemListElement\":[{\"@type\":\"ListItem\",\"position\":1,\"name\":\"Startseite\",\"item\":\"https:\/\/www.patientenbeteiligung.de\/berlin\/\"},{\"@type\":\"ListItem\",\"position\":2,\"name\":\"\u00dcBER UNS\",\"item\":\"https:\/\/www.patientenbeteiligung.de\/berlin\/ueber-uns\/\"},{\"@type\":\"ListItem\",\"position\":3,\"name\":\"PROJEKTF\u00d6RDERUNG\"}]},{\"@type\":\"WebSite\",\"@id\":\"https:\/\/www.patientenbeteiligung.de\/berlin\/#website\",\"url\":\"https:\/\/www.patientenbeteiligung.de\/berlin\/\",\"name\":\"Berlin\",\"description\":\"Koordinierung und Vernetzung der Patientenvertretung in Berlin\",\"potentialAction\":[{\"@type\":\"SearchAction\",\"target\":{\"@type\":\"EntryPoint\",\"urlTemplate\":\"https:\/\/www.patientenbeteiligung.de\/berlin\/?s={search_term_string}\"},\"query-input\":{\"@type\":\"PropertyValueSpecification\",\"valueRequired\":true,\"valueName\":\"search_term_string\"}}],\"inLanguage\":\"de\"}]}<\/script>\n<!-- \/ Yoast SEO plugin. -->","yoast_head_json":{"title":"PROJEKTF\u00d6RDERUNG","robots":{"index":"index","follow":"follow","max-snippet":"max-snippet:-1","max-image-preview":"max-image-preview:large","max-video-preview":"max-video-preview:-1"},"canonical":"https:\/\/www.patientenbeteiligung.de\/berlin\/ueber-uns\/projektfoerderung\/","og_locale":"de_DE","og_type":"article","og_title":"PROJEKTF\u00d6RDERUNG","og_description":"F\u00f6rderung durch den Berliner Senat Der Berliner Senat macht die Koordinierungsstelle Patientenvertretung m\u00f6glich: Seit 2020 f\u00f6rdert die Senatsverwaltung f\u00fcr Wissenschaft, Gesundheit und Pflege die Koordinierung durch eine:n hauptamtliche:n Mitarbeiter:in. Diese F\u00f6rderung erfolgt im &#8220;Integrierten Gesundheitsprogramm&#8221; (IGP) des Senats. Die Koordinierung umfasst zwei Hauptaufgaben: Gewinnung und Qualifizierung Bei mehr als 20 [&hellip;]","og_url":"https:\/\/www.patientenbeteiligung.de\/berlin\/ueber-uns\/projektfoerderung\/","og_site_name":"Berlin","article_modified_time":"2026-04-20T10:46:22+00:00","twitter_card":"summary_large_image","twitter_misc":{"Gesch\u00e4tzte Lesezeit":"1\u00a0Minute"},"schema":{"@context":"https:\/\/schema.org","@graph":[{"@type":"WebPage","@id":"https:\/\/www.patientenbeteiligung.de\/berlin\/ueber-uns\/projektfoerderung\/","url":"https:\/\/www.patientenbeteiligung.de\/berlin\/ueber-uns\/projektfoerderung\/","name":"PROJEKTF\u00d6RDERUNG","isPartOf":{"@id":"https:\/\/www.patientenbeteiligung.de\/berlin\/#website"},"datePublished":"2024-05-21T14:28:39+00:00","dateModified":"2026-04-20T10:46:22+00:00","breadcrumb":{"@id":"https:\/\/www.patientenbeteiligung.de\/berlin\/ueber-uns\/projektfoerderung\/#breadcrumb"},"inLanguage":"de","potentialAction":[{"@type":"ReadAction","target":["https:\/\/www.patientenbeteiligung.de\/berlin\/ueber-uns\/projektfoerderung\/"]}]},{"@type":"BreadcrumbList","@id":"https:\/\/www.patientenbeteiligung.de\/berlin\/ueber-uns\/projektfoerderung\/#breadcrumb","itemListElement":[{"@type":"ListItem","position":1,"name":"Startseite","item":"https:\/\/www.patientenbeteiligung.de\/berlin\/"},{"@type":"ListItem","position":2,"name":"\u00dcBER UNS","item":"https:\/\/www.patientenbeteiligung.de\/berlin\/ueber-uns\/"},{"@type":"ListItem","position":3,"name":"PROJEKTF\u00d6RDERUNG"}]},{"@type":"WebSite","@id":"https:\/\/www.patientenbeteiligung.de\/berlin\/#website","url":"https:\/\/www.patientenbeteiligung.de\/berlin\/","name":"Berlin","description":"Koordinierung und Vernetzung der Patientenvertretung in Berlin","potentialAction":[{"@type":"SearchAction","target":{"@type":"EntryPoint","urlTemplate":"https:\/\/www.patientenbeteiligung.de\/berlin\/?s={search_term_string}"},"query-input":{"@type":"PropertyValueSpecification","valueRequired":true,"valueName":"search_term_string"}}],"inLanguage":"de"}]}},"_links":{"self":[{"href":"https:\/\/www.patientenbeteiligung.de\/berlin\/wp-json\/wp\/v2\/pages\/577","targetHints":{"allow":["GET"]}}],"collection":[{"href":"https:\/\/www.patientenbeteiligung.de\/berlin\/wp-json\/wp\/v2\/pages"}],"about":[{"href":"https:\/\/www.patientenbeteiligung.de\/berlin\/wp-json\/wp\/v2\/types\/page"}],"author":[{"embeddable":true,"href":"https:\/\/www.patientenbeteiligung.de\/berlin\/wp-json\/wp\/v2\/users\/12"}],"replies":[{"embeddable":true,"href":"https:\/\/www.patientenbeteiligung.de\/berlin\/wp-json\/wp\/v2\/comments?post=577"}],"version-history":[{"count":29,"href":"https:\/\/www.patientenbeteiligung.de\/berlin\/wp-json\/wp\/v2\/pages\/577\/revisions"}],"predecessor-version":[{"id":840,"href":"https:\/\/www.patientenbeteiligung.de\/berlin\/wp-json\/wp\/v2\/pages\/577\/revisions\/840"}],"up":[{"embeddable":true,"href":"https:\/\/www.patientenbeteiligung.de\/berlin\/wp-json\/wp\/v2\/pages\/510"}],"wp:attachment":[{"href":"https:\/\/www.patientenbeteiligung.de\/berlin\/wp-json\/wp\/v2\/media?parent=577"}],"curies":[{"name":"wp","href":"https:\/\/api.w.org\/{rel}","templated":true}]}}