{"id":515,"date":"2024-04-26T13:46:51","date_gmt":"2024-04-26T11:46:51","guid":{"rendered":"https:\/\/www.patientenbeteiligung.de\/berlin\/?page_id=515"},"modified":"2024-10-02T09:46:54","modified_gmt":"2024-10-02T07:46:54","slug":"koordinierungsstelle","status":"publish","type":"page","link":"https:\/\/www.patientenbeteiligung.de\/berlin\/ueber-uns\/koordinierungsstelle\/","title":{"rendered":"KOORDINIERUNGSSTELLE"},"content":{"rendered":"\n<h1 class=\"wp-block-heading\">Koordinierungsstelle Patientenvertretung Berlin<\/h1>\n\n\n\n<p><\/p>\n\n\n\n<p><strong>Die Koordinierungsstelle Patientenvertretung Berlin bietet hauptamtliche Unterst\u00fctzung f\u00fcr die Patientenvertreter:innen.<\/strong><\/p>\n\n\n\n<p>Wir unterst\u00fctzen Patientenvertreter:innen w\u00e4hrend der gesamten Dauer ihres ehrenamtlichen Engagements.<\/p>\n\n\n\n<p><\/p>\n\n\n\n<h2 class=\"wp-block-heading\">Aufgaben der Koordinierungsstelle<\/h2>\n\n\n\n<ul class=\"wp-block-list\">\n<li>Information \u00fcber Engagementm\u00f6glichkeiten in Berlin<\/li>\n\n\n\n<li>Gewinnung neuer Patientenvertreter:innen<\/li>\n\n\n\n<li>Unterst\u00fctzung bei der Vermittlung von Patientenvertreter:innen<\/li>\n\n\n\n<li>Vernetzung der Patientenvertreter:innen untereinander<\/li>\n\n\n\n<li>Vernetzung mit anderen Akteur:innen im Gesundheitswesen<\/li>\n\n\n\n<li>Koordination der Patientenvertretung in den Gremien<\/li>\n<\/ul>\n\n\n\n<p><\/p>\n\n\n\n<p><strong>Wir freuen uns \u00fcber Ihre<a href=\"https:\/\/www.patientenbeteiligung.de\/berlin\/kontakt\/\"> Kontaktaufnahme<\/a>!<\/strong><\/p>\n","protected":false},"excerpt":{"rendered":"<p>Koordinierungsstelle Patientenvertretung Berlin Die Koordinierungsstelle Patientenvertretung Berlin bietet hauptamtliche Unterst\u00fctzung f\u00fcr die Patientenvertreter:innen. Wir unterst\u00fctzen Patientenvertreter:innen w\u00e4hrend der gesamten Dauer ihres ehrenamtlichen Engagements. Aufgaben der Koordinierungsstelle Wir freuen uns \u00fcber Ihre Kontaktaufnahme!<\/p>\n","protected":false},"author":12,"featured_media":0,"parent":510,"menu_order":11,"comment_status":"closed","ping_status":"closed","template":"","meta":{"_acf_changed":false,"footnotes":""},"class_list":["post-515","page","type-page","status-publish","hentry"],"acf":[],"yoast_head":"<!-- This site is optimized with the Yoast SEO plugin v24.9 - https:\/\/yoast.com\/wordpress\/plugins\/seo\/ -->\n<title>KOORDINIERUNGSSTELLE<\/title>\n<meta name=\"robots\" content=\"index, nofollow, max-snippet:-1, max-image-preview:large, max-video-preview:-1\" \/>\n<link rel=\"canonical\" href=\"https:\/\/www.patientenbeteiligung.de\/berlin\/ueber-uns\/koordinierungsstelle\/\" \/>\n<meta property=\"og:locale\" content=\"de_DE\" \/>\n<meta property=\"og:type\" content=\"article\" \/>\n<meta property=\"og:title\" content=\"KOORDINIERUNGSSTELLE\" \/>\n<meta property=\"og:description\" content=\"Koordinierungsstelle Patientenvertretung Berlin Die Koordinierungsstelle Patientenvertretung Berlin bietet hauptamtliche Unterst\u00fctzung f\u00fcr die Patientenvertreter:innen. Wir unterst\u00fctzen Patientenvertreter:innen w\u00e4hrend der gesamten Dauer ihres ehrenamtlichen Engagements. Aufgaben der Koordinierungsstelle Wir freuen uns \u00fcber Ihre Kontaktaufnahme!\" \/>\n<meta property=\"og:url\" content=\"https:\/\/www.patientenbeteiligung.de\/berlin\/ueber-uns\/koordinierungsstelle\/\" \/>\n<meta property=\"og:site_name\" content=\"Berlin\" \/>\n<meta property=\"article:modified_time\" content=\"2024-10-02T07:46:54+00:00\" \/>\n<meta name=\"twitter:card\" content=\"summary_large_image\" \/>\n<meta name=\"twitter:label1\" content=\"Gesch\u00e4tzte Lesezeit\" \/>\n\t<meta name=\"twitter:data1\" content=\"1\u00a0Minute\" \/>\n<script type=\"application\/ld+json\" class=\"yoast-schema-graph\">{\"@context\":\"https:\/\/schema.org\",\"@graph\":[{\"@type\":\"WebPage\",\"@id\":\"https:\/\/www.patientenbeteiligung.de\/berlin\/ueber-uns\/koordinierungsstelle\/\",\"url\":\"https:\/\/www.patientenbeteiligung.de\/berlin\/ueber-uns\/koordinierungsstelle\/\",\"name\":\"KOORDINIERUNGSSTELLE\",\"isPartOf\":{\"@id\":\"https:\/\/www.patientenbeteiligung.de\/berlin\/#website\"},\"datePublished\":\"2024-04-26T11:46:51+00:00\",\"dateModified\":\"2024-10-02T07:46:54+00:00\",\"breadcrumb\":{\"@id\":\"https:\/\/www.patientenbeteiligung.de\/berlin\/ueber-uns\/koordinierungsstelle\/#breadcrumb\"},\"inLanguage\":\"de\",\"potentialAction\":[{\"@type\":\"ReadAction\",\"target\":[\"https:\/\/www.patientenbeteiligung.de\/berlin\/ueber-uns\/koordinierungsstelle\/\"]}]},{\"@type\":\"BreadcrumbList\",\"@id\":\"https:\/\/www.patientenbeteiligung.de\/berlin\/ueber-uns\/koordinierungsstelle\/#breadcrumb\",\"itemListElement\":[{\"@type\":\"ListItem\",\"position\":1,\"name\":\"Startseite\",\"item\":\"https:\/\/www.patientenbeteiligung.de\/berlin\/\"},{\"@type\":\"ListItem\",\"position\":2,\"name\":\"\u00dcBER UNS\",\"item\":\"https:\/\/www.patientenbeteiligung.de\/berlin\/ueber-uns\/\"},{\"@type\":\"ListItem\",\"position\":3,\"name\":\"KOORDINIERUNGSSTELLE\"}]},{\"@type\":\"WebSite\",\"@id\":\"https:\/\/www.patientenbeteiligung.de\/berlin\/#website\",\"url\":\"https:\/\/www.patientenbeteiligung.de\/berlin\/\",\"name\":\"Berlin\",\"description\":\"Koordinierung und Vernetzung der Patientenvertretung in Berlin\",\"potentialAction\":[{\"@type\":\"SearchAction\",\"target\":{\"@type\":\"EntryPoint\",\"urlTemplate\":\"https:\/\/www.patientenbeteiligung.de\/berlin\/?s={search_term_string}\"},\"query-input\":{\"@type\":\"PropertyValueSpecification\",\"valueRequired\":true,\"valueName\":\"search_term_string\"}}],\"inLanguage\":\"de\"}]}<\/script>\n<!-- \/ Yoast SEO plugin. -->","yoast_head_json":{"title":"KOORDINIERUNGSSTELLE","robots":{"index":"index","follow":"nofollow","max-snippet":"max-snippet:-1","max-image-preview":"max-image-preview:large","max-video-preview":"max-video-preview:-1"},"canonical":"https:\/\/www.patientenbeteiligung.de\/berlin\/ueber-uns\/koordinierungsstelle\/","og_locale":"de_DE","og_type":"article","og_title":"KOORDINIERUNGSSTELLE","og_description":"Koordinierungsstelle Patientenvertretung Berlin Die Koordinierungsstelle Patientenvertretung Berlin bietet hauptamtliche Unterst\u00fctzung f\u00fcr die Patientenvertreter:innen. Wir unterst\u00fctzen Patientenvertreter:innen w\u00e4hrend der gesamten Dauer ihres ehrenamtlichen Engagements. Aufgaben der Koordinierungsstelle Wir freuen uns \u00fcber Ihre Kontaktaufnahme!","og_url":"https:\/\/www.patientenbeteiligung.de\/berlin\/ueber-uns\/koordinierungsstelle\/","og_site_name":"Berlin","article_modified_time":"2024-10-02T07:46:54+00:00","twitter_card":"summary_large_image","twitter_misc":{"Gesch\u00e4tzte Lesezeit":"1\u00a0Minute"},"schema":{"@context":"https:\/\/schema.org","@graph":[{"@type":"WebPage","@id":"https:\/\/www.patientenbeteiligung.de\/berlin\/ueber-uns\/koordinierungsstelle\/","url":"https:\/\/www.patientenbeteiligung.de\/berlin\/ueber-uns\/koordinierungsstelle\/","name":"KOORDINIERUNGSSTELLE","isPartOf":{"@id":"https:\/\/www.patientenbeteiligung.de\/berlin\/#website"},"datePublished":"2024-04-26T11:46:51+00:00","dateModified":"2024-10-02T07:46:54+00:00","breadcrumb":{"@id":"https:\/\/www.patientenbeteiligung.de\/berlin\/ueber-uns\/koordinierungsstelle\/#breadcrumb"},"inLanguage":"de","potentialAction":[{"@type":"ReadAction","target":["https:\/\/www.patientenbeteiligung.de\/berlin\/ueber-uns\/koordinierungsstelle\/"]}]},{"@type":"BreadcrumbList","@id":"https:\/\/www.patientenbeteiligung.de\/berlin\/ueber-uns\/koordinierungsstelle\/#breadcrumb","itemListElement":[{"@type":"ListItem","position":1,"name":"Startseite","item":"https:\/\/www.patientenbeteiligung.de\/berlin\/"},{"@type":"ListItem","position":2,"name":"\u00dcBER UNS","item":"https:\/\/www.patientenbeteiligung.de\/berlin\/ueber-uns\/"},{"@type":"ListItem","position":3,"name":"KOORDINIERUNGSSTELLE"}]},{"@type":"WebSite","@id":"https:\/\/www.patientenbeteiligung.de\/berlin\/#website","url":"https:\/\/www.patientenbeteiligung.de\/berlin\/","name":"Berlin","description":"Koordinierung und Vernetzung der Patientenvertretung in Berlin","potentialAction":[{"@type":"SearchAction","target":{"@type":"EntryPoint","urlTemplate":"https:\/\/www.patientenbeteiligung.de\/berlin\/?s={search_term_string}"},"query-input":{"@type":"PropertyValueSpecification","valueRequired":true,"valueName":"search_term_string"}}],"inLanguage":"de"}]}},"_links":{"self":[{"href":"https:\/\/www.patientenbeteiligung.de\/berlin\/wp-json\/wp\/v2\/pages\/515","targetHints":{"allow":["GET"]}}],"collection":[{"href":"https:\/\/www.patientenbeteiligung.de\/berlin\/wp-json\/wp\/v2\/pages"}],"about":[{"href":"https:\/\/www.patientenbeteiligung.de\/berlin\/wp-json\/wp\/v2\/types\/page"}],"author":[{"embeddable":true,"href":"https:\/\/www.patientenbeteiligung.de\/berlin\/wp-json\/wp\/v2\/users\/12"}],"replies":[{"embeddable":true,"href":"https:\/\/www.patientenbeteiligung.de\/berlin\/wp-json\/wp\/v2\/comments?post=515"}],"version-history":[{"count":24,"href":"https:\/\/www.patientenbeteiligung.de\/berlin\/wp-json\/wp\/v2\/pages\/515\/revisions"}],"predecessor-version":[{"id":708,"href":"https:\/\/www.patientenbeteiligung.de\/berlin\/wp-json\/wp\/v2\/pages\/515\/revisions\/708"}],"up":[{"embeddable":true,"href":"https:\/\/www.patientenbeteiligung.de\/berlin\/wp-json\/wp\/v2\/pages\/510"}],"wp:attachment":[{"href":"https:\/\/www.patientenbeteiligung.de\/berlin\/wp-json\/wp\/v2\/media?parent=515"}],"curies":[{"name":"wp","href":"https:\/\/api.w.org\/{rel}","templated":true}]}}