{"id":497,"date":"2024-05-17T16:15:35","date_gmt":"2024-05-17T14:15:35","guid":{"rendered":"https:\/\/www.patientenbeteiligung.de\/berlin\/?page_id=497"},"modified":"2026-04-20T12:53:23","modified_gmt":"2026-04-20T10:53:23","slug":"service","status":"publish","type":"page","link":"https:\/\/www.patientenbeteiligung.de\/berlin\/service\/","title":{"rendered":"SERVICE"},"content":{"rendered":"\n<h1 class=\"wp-block-heading\">Informationen rund um die Patientenbeteiligung<\/h1>\n\n\n\n<p><\/p>\n\n\n\n<h2 class=\"wp-block-heading\">Unsere Publikationen<\/h2>\n\n\n\n<p><a href=\"http:\/\/www.patientenbeteiligung.de\/berlin\/wp-content\/uploads\/sites\/7\/2026\/04\/Flyer-So-werden-Sie-Patientenvertreterin-in-Berlin.pdf\" target=\"_blank\" rel=\"noreferrer noopener\">Flyer &#8220;So werden Sie Patientenvertreter:in in Berlin&#8221; (PDF)<\/a><\/p>\n\n\n\n<p><a href=\"http:\/\/www.patientenbeteiligung.de\/berlin\/wp-content\/uploads\/sites\/7\/2023\/04\/Patientenvertretung_FINAL.pdf\" target=\"_blank\" rel=\"noreferrer noopener\">Brosch\u00fcre &#8220;Patientenvertretung in Berlin. Informationen zu einem besonderen Ehrenamt&#8221; (PDF)<\/a><\/p>\n\n\n\n<p><a href=\"http:\/\/www.patientenbeteiligung.de\/berlin\/wp-content\/uploads\/sites\/7\/2023\/04\/Flyer_Patientenvertreter_297x210_20.03.23.pdf\" target=\"_blank\" rel=\"noreferrer noopener\">Brosch\u00fcre &#8220;Die Patientenvertretung. In Leichter Sprache&#8221; (PDF)<\/a><\/p>\n\n\n\n<p><\/p>\n\n\n\n<p>Auf Nachfrage schicken wir Ihnen diese Brosch\u00fcren auch per Post.<\/p>\n\n\n\n<h2 class=\"wp-block-heading\">Unser Video<\/h2>\n\n\n\n<p><a href=\"http:\/\/www.patientenbeteiligung.de\/berlin\/wp-content\/uploads\/sites\/7\/2023\/04\/Selbsthilfe-Berlin-e.V.-mit-GS-LOGO-KORR.mp4\" target=\"_blank\" rel=\"noreferrer noopener\">Video in Deutscher Geb\u00e4rdensprache \u00fcber die Koordinierung Patientenvertretung Berlin<\/a><\/p>\n\n\n\n<p><\/p>\n\n\n\n<h2 class=\"wp-block-heading\">Links: Grundlagen der Patientenbeteiligung<\/h2>\n\n\n\n<p><a href=\"https:\/\/www.sozialgesetzbuch-sgb.de\/sgbv\/140f.html\" target=\"_blank\" rel=\"noreferrer noopener\">\u00a7 140f Sozialgesetzbuch V<\/a><\/p>\n\n\n\n<p><a href=\"https:\/\/www.gesetze-im-internet.de\/patbeteiligungsv\/BJNR275300003.html\" target=\"_blank\" rel=\"noreferrer noopener\">Patientenbeteiligungsverordnung<\/a><\/p>\n\n\n\n<p><a href=\"http:\/\/www.patientenbeteiligung.de\/berlin\/wp-content\/uploads\/sites\/7\/2026\/04\/Geschaeftsordnung_Koordination_Patientenbeteiligung_Berlin_20230220.pdf\" target=\"_blank\" rel=\"noreferrer noopener\">Gesch\u00e4ftsordnung zur Koordination der Patientenbeteiligung im Land Berlin (PDF)<\/a><\/p>\n\n\n\n<p><a href=\"https:\/\/patientenvertretung.g-ba.de\/was-wir-tun\/leitbild-der-patientenvertretung\/\" target=\"_blank\" rel=\"noreferrer noopener\">Leitbild der Patientenvertretung<\/a><\/p>\n\n\n\n<h2 class=\"wp-block-heading\">Links: Geschichte der Patientenbeteiligung<\/h2>\n\n\n\n<p>Patientenbeauftragter des Bundes: <a href=\"https:\/\/patientenbeauftragter.de\/2024\/02\/14\/festakt-patientenfuersprechertag-mit-festakt-20-jahre-patientenbeteiligung\/\" target=\"_blank\" rel=\"noreferrer noopener\">&#8220;Festakt 20 Jahre Patientenbeteiligung&#8221;<\/a>, 19. Februar 2024<\/p>\n\n\n\n<p>Aerzteblatt.de: <a href=\"https:\/\/www.aerzteblatt.de\/archiv\/231101\/Patientenvertretung-Ein-schlafender-Riese-im-Gesundheitswesen\" target=\"_blank\" rel=\"noreferrer noopener\">&#8220;Patientenvertretung: Ein schlafender Riese im Gesundheitswesen&#8221;<\/a>, 2023<\/p>\n\n\n\n<p><\/p>\n\n\n\n<p><\/p>\n","protected":false},"excerpt":{"rendered":"<p>Informationen rund um die Patientenbeteiligung Unsere Publikationen Flyer &#8220;So werden Sie Patientenvertreter:in in Berlin&#8221; (PDF) Brosch\u00fcre &#8220;Patientenvertretung in Berlin. Informationen zu einem besonderen Ehrenamt&#8221; (PDF) Brosch\u00fcre &#8220;Die Patientenvertretung. In Leichter Sprache&#8221; (PDF) Auf Nachfrage schicken wir Ihnen diese Brosch\u00fcren auch per Post. Unser Video Video in Deutscher Geb\u00e4rdensprache \u00fcber die [&hellip;]<\/p>\n","protected":false},"author":12,"featured_media":0,"parent":0,"menu_order":50,"comment_status":"closed","ping_status":"closed","template":"","meta":{"_acf_changed":false,"footnotes":""},"class_list":["post-497","page","type-page","status-publish","hentry"],"acf":[],"yoast_head":"<!-- This site is optimized with the Yoast SEO plugin v24.9 - https:\/\/yoast.com\/wordpress\/plugins\/seo\/ -->\n<title>SERVICE<\/title>\n<meta name=\"robots\" content=\"index, follow, max-snippet:-1, max-image-preview:large, max-video-preview:-1\" \/>\n<link rel=\"canonical\" href=\"https:\/\/www.patientenbeteiligung.de\/berlin\/service\/\" \/>\n<meta property=\"og:locale\" content=\"de_DE\" \/>\n<meta property=\"og:type\" content=\"article\" \/>\n<meta property=\"og:title\" content=\"SERVICE\" \/>\n<meta property=\"og:description\" content=\"Informationen rund um die Patientenbeteiligung Unsere Publikationen Flyer &#8220;So werden Sie Patientenvertreter:in in Berlin&#8221; (PDF) Brosch\u00fcre &#8220;Patientenvertretung in Berlin. Informationen zu einem besonderen Ehrenamt&#8221; (PDF) Brosch\u00fcre &#8220;Die Patientenvertretung. In Leichter Sprache&#8221; (PDF) Auf Nachfrage schicken wir Ihnen diese Brosch\u00fcren auch per Post. Unser Video Video in Deutscher Geb\u00e4rdensprache \u00fcber die [&hellip;]\" \/>\n<meta property=\"og:url\" content=\"https:\/\/www.patientenbeteiligung.de\/berlin\/service\/\" \/>\n<meta property=\"og:site_name\" content=\"Berlin\" \/>\n<meta property=\"article:modified_time\" content=\"2026-04-20T10:53:23+00:00\" \/>\n<meta name=\"twitter:card\" content=\"summary_large_image\" \/>\n<meta name=\"twitter:label1\" content=\"Gesch\u00e4tzte Lesezeit\" \/>\n\t<meta name=\"twitter:data1\" content=\"1\u00a0Minute\" \/>\n<script type=\"application\/ld+json\" class=\"yoast-schema-graph\">{\"@context\":\"https:\/\/schema.org\",\"@graph\":[{\"@type\":\"WebPage\",\"@id\":\"https:\/\/www.patientenbeteiligung.de\/berlin\/service\/\",\"url\":\"https:\/\/www.patientenbeteiligung.de\/berlin\/service\/\",\"name\":\"SERVICE\",\"isPartOf\":{\"@id\":\"https:\/\/www.patientenbeteiligung.de\/berlin\/#website\"},\"datePublished\":\"2024-05-17T14:15:35+00:00\",\"dateModified\":\"2026-04-20T10:53:23+00:00\",\"breadcrumb\":{\"@id\":\"https:\/\/www.patientenbeteiligung.de\/berlin\/service\/#breadcrumb\"},\"inLanguage\":\"de\",\"potentialAction\":[{\"@type\":\"ReadAction\",\"target\":[\"https:\/\/www.patientenbeteiligung.de\/berlin\/service\/\"]}]},{\"@type\":\"BreadcrumbList\",\"@id\":\"https:\/\/www.patientenbeteiligung.de\/berlin\/service\/#breadcrumb\",\"itemListElement\":[{\"@type\":\"ListItem\",\"position\":1,\"name\":\"Startseite\",\"item\":\"https:\/\/www.patientenbeteiligung.de\/berlin\/\"},{\"@type\":\"ListItem\",\"position\":2,\"name\":\"SERVICE\"}]},{\"@type\":\"WebSite\",\"@id\":\"https:\/\/www.patientenbeteiligung.de\/berlin\/#website\",\"url\":\"https:\/\/www.patientenbeteiligung.de\/berlin\/\",\"name\":\"Berlin\",\"description\":\"Koordinierung und Vernetzung der Patientenvertretung in Berlin\",\"potentialAction\":[{\"@type\":\"SearchAction\",\"target\":{\"@type\":\"EntryPoint\",\"urlTemplate\":\"https:\/\/www.patientenbeteiligung.de\/berlin\/?s={search_term_string}\"},\"query-input\":{\"@type\":\"PropertyValueSpecification\",\"valueRequired\":true,\"valueName\":\"search_term_string\"}}],\"inLanguage\":\"de\"}]}<\/script>\n<!-- \/ Yoast SEO plugin. -->","yoast_head_json":{"title":"SERVICE","robots":{"index":"index","follow":"follow","max-snippet":"max-snippet:-1","max-image-preview":"max-image-preview:large","max-video-preview":"max-video-preview:-1"},"canonical":"https:\/\/www.patientenbeteiligung.de\/berlin\/service\/","og_locale":"de_DE","og_type":"article","og_title":"SERVICE","og_description":"Informationen rund um die Patientenbeteiligung Unsere Publikationen Flyer &#8220;So werden Sie Patientenvertreter:in in Berlin&#8221; (PDF) Brosch\u00fcre &#8220;Patientenvertretung in Berlin. Informationen zu einem besonderen Ehrenamt&#8221; (PDF) Brosch\u00fcre &#8220;Die Patientenvertretung. In Leichter Sprache&#8221; (PDF) Auf Nachfrage schicken wir Ihnen diese Brosch\u00fcren auch per Post. Unser Video Video in Deutscher Geb\u00e4rdensprache \u00fcber die [&hellip;]","og_url":"https:\/\/www.patientenbeteiligung.de\/berlin\/service\/","og_site_name":"Berlin","article_modified_time":"2026-04-20T10:53:23+00:00","twitter_card":"summary_large_image","twitter_misc":{"Gesch\u00e4tzte Lesezeit":"1\u00a0Minute"},"schema":{"@context":"https:\/\/schema.org","@graph":[{"@type":"WebPage","@id":"https:\/\/www.patientenbeteiligung.de\/berlin\/service\/","url":"https:\/\/www.patientenbeteiligung.de\/berlin\/service\/","name":"SERVICE","isPartOf":{"@id":"https:\/\/www.patientenbeteiligung.de\/berlin\/#website"},"datePublished":"2024-05-17T14:15:35+00:00","dateModified":"2026-04-20T10:53:23+00:00","breadcrumb":{"@id":"https:\/\/www.patientenbeteiligung.de\/berlin\/service\/#breadcrumb"},"inLanguage":"de","potentialAction":[{"@type":"ReadAction","target":["https:\/\/www.patientenbeteiligung.de\/berlin\/service\/"]}]},{"@type":"BreadcrumbList","@id":"https:\/\/www.patientenbeteiligung.de\/berlin\/service\/#breadcrumb","itemListElement":[{"@type":"ListItem","position":1,"name":"Startseite","item":"https:\/\/www.patientenbeteiligung.de\/berlin\/"},{"@type":"ListItem","position":2,"name":"SERVICE"}]},{"@type":"WebSite","@id":"https:\/\/www.patientenbeteiligung.de\/berlin\/#website","url":"https:\/\/www.patientenbeteiligung.de\/berlin\/","name":"Berlin","description":"Koordinierung und Vernetzung der Patientenvertretung in Berlin","potentialAction":[{"@type":"SearchAction","target":{"@type":"EntryPoint","urlTemplate":"https:\/\/www.patientenbeteiligung.de\/berlin\/?s={search_term_string}"},"query-input":{"@type":"PropertyValueSpecification","valueRequired":true,"valueName":"search_term_string"}}],"inLanguage":"de"}]}},"_links":{"self":[{"href":"https:\/\/www.patientenbeteiligung.de\/berlin\/wp-json\/wp\/v2\/pages\/497","targetHints":{"allow":["GET"]}}],"collection":[{"href":"https:\/\/www.patientenbeteiligung.de\/berlin\/wp-json\/wp\/v2\/pages"}],"about":[{"href":"https:\/\/www.patientenbeteiligung.de\/berlin\/wp-json\/wp\/v2\/types\/page"}],"author":[{"embeddable":true,"href":"https:\/\/www.patientenbeteiligung.de\/berlin\/wp-json\/wp\/v2\/users\/12"}],"replies":[{"embeddable":true,"href":"https:\/\/www.patientenbeteiligung.de\/berlin\/wp-json\/wp\/v2\/comments?post=497"}],"version-history":[{"count":19,"href":"https:\/\/www.patientenbeteiligung.de\/berlin\/wp-json\/wp\/v2\/pages\/497\/revisions"}],"predecessor-version":[{"id":844,"href":"https:\/\/www.patientenbeteiligung.de\/berlin\/wp-json\/wp\/v2\/pages\/497\/revisions\/844"}],"wp:attachment":[{"href":"https:\/\/www.patientenbeteiligung.de\/berlin\/wp-json\/wp\/v2\/media?parent=497"}],"curies":[{"name":"wp","href":"https:\/\/api.w.org\/{rel}","templated":true}]}}