{"id":43,"date":"2021-01-26T15:33:41","date_gmt":"2021-01-26T14:33:41","guid":{"rendered":"https:\/\/www.patientenbeteiligung.de\/berlin\/?page_id=43"},"modified":"2025-05-19T10:18:07","modified_gmt":"2025-05-19T08:18:07","slug":"impressum","status":"publish","type":"page","link":"https:\/\/www.patientenbeteiligung.de\/berlin\/impressum\/","title":{"rendered":"Impressum f\u00fcr die Seite www.patientenbeteiligung.de\/berlin"},"content":{"rendered":"\n<h2 class=\"wp-block-heading\">Angaben gem\u00e4\u00df \u00a7 5 TMG<\/h2>\n\n\n\n<p><strong>Koordinierung Patientenvertretung Berlin<\/strong><br>Landesvereinigung Selbsthilfe Berlin e.V.<br>Littenstra\u00dfe 108<br>10179 Berlin<\/p>\n\n\n\n<p><strong>Vertreten durch<\/strong><br>1. Vorsitzende: Sonja Arens<br>Stellvertretender Vorsitzender: Daniel Fischer<\/p>\n\n\n\n<p><strong>Kontakt<\/strong><br>Telefon 030 27 59 25 25<br>Fax 030 27 59 25 26<br><a href=\"mailto:kontakt@patientenvertretung-berlin.de\">kontakt@patientenvertretung-berlin.de<\/a><\/p>\n\n\n\n<p><strong>Verantwortlich f\u00fcr den Inhalt<\/strong><br>Sonja Arens<\/p>\n\n\n\n<h2 class=\"wp-block-heading\">Rechtliche Hinweise<\/h2>\n\n\n\n<p><strong>Haftungsausschluss<\/strong><br>Inhalte: Die Inhalte unserer Seiten wurden mit gr\u00f6\u00dfter Sorgfalt erstellt. F\u00fcr die Richtigkeit, Vollst\u00e4ndigkeit und Aktualit\u00e4t der Inhalte k\u00f6nnen wir jedoch keine Gew\u00e4hr \u00fcbernehmen. Als Diensteanbieter sind wir gem\u00e4\u00df \u00a7 7 Abs.1 TMG f\u00fcr eigene Inhalte auf diesen Seiten nach den allgemeinen Gesetzen verantwortlich. Nach \u00a7\u00a7 8 bis 10 TMG sind wir als Diensteanbieter jedoch nicht verpflichtet, \u00fcbermittelte oder gespeicherte fremde Informationen zu \u00fcberwachen oder nach Umst\u00e4nden zu forschen, die auf eine rechtswidrige T\u00e4tigkeit hinweisen. Verpflichtungen zur Entfernung oder Sperrung der Nutzung von Informationen nach den allgemeinen Gesetzen bleiben hiervon unber\u00fchrt. Eine diesbez\u00fcgliche Haftung ist jedoch erst ab dem Zeitpunkt der Kenntnis einer konkreten Rechtsverletzung m\u00f6glich. Bei Bekanntwerden von entsprechenden Rechtsverletzungen werden wir diese Inhalte umgehend entfernen.<\/p>\n\n\n\n<p><strong>Links<\/strong><br>Unser Angebot enth\u00e4lt Links zu externen Webseiten Dritter, auf deren Inhalte wir keinen Einfluss haben. Deshalb k\u00f6nnen wir f\u00fcr diese fremden Inhalte auch keine Gew\u00e4hr \u00fcbernehmen. F\u00fcr die Inhalte der verlinkten Seiten ist stets der jeweilige Anbieter oder Betreiber der Seiten verantwortlich. Die verlinkten Seiten wurden zum Zeitpunkt der Verlinkung auf m\u00f6gliche Rechtsverst\u00f6\u00dfe \u00fcberpr\u00fcft. Rechtswidrige Inhalte waren zum Zeitpunkt der Verlinkung nicht erkennbar. Eine permanente inhaltliche Kontrolle der verlinkten Seiten ist jedoch ohne konkrete Anhaltspunkte einer Rechtsverletzung nicht zumutbar. Bei Bekanntwerden von Rechtsverletzungen werden wir derartige Links umgehend entfernen.<br><\/p>\n\n\n\n<p><strong>Urheberrecht<\/strong><br>Die durch die Seitenbetreiber erstellten Inhalte und Werke auf diesen Seiten unterliegen dem deutschen Urheberrecht. Die Vervielf\u00e4ltigung, Bearbeitung, Verbreitung und jede Art der Verwertung au\u00dferhalb der Grenzen des Urheberrechtes bed\u00fcrfen der schriftlichen Zustimmung des jeweiligen Autors bzw. Erstellers. Downloads und Kopien dieser Seite sind nur f\u00fcr den privaten, nicht kommerziellen Gebrauch gestattet. Soweit die Inhalte auf dieser Seite nicht vom Betreiber erstellt wurden, werden die Urheberrechte Dritter beachtet. Insbesondere werden Inhalte Dritter als solche gekennzeichnet. Sollten Sie trotzdem auf eine Urheberrechtsverletzung aufmerksam werden, bitten wir um einen entsprechenden Hinweis. Bei Bekanntwerden von Rechtsverletzungen werden wir derartige Inhalte umgehend entfernen.<\/p>\n","protected":false},"excerpt":{"rendered":"<p>Angaben gem\u00e4\u00df \u00a7 5 TMG Koordinierung Patientenvertretung BerlinLandesvereinigung Selbsthilfe Berlin e.V.Littenstra\u00dfe 10810179 Berlin Vertreten durch1. Vorsitzende: Sonja ArensStellvertretender Vorsitzender: Daniel Fischer KontaktTelefon 030 27 59 25 25Fax 030 27 59 25 26kontakt@patientenvertretung-berlin.de Verantwortlich f\u00fcr den InhaltSonja Arens Rechtliche Hinweise HaftungsausschlussInhalte: Die Inhalte unserer Seiten wurden mit gr\u00f6\u00dfter Sorgfalt erstellt. F\u00fcr [&hellip;]<\/p>\n","protected":false},"author":1,"featured_media":0,"parent":0,"menu_order":90,"comment_status":"closed","ping_status":"closed","template":"","meta":{"_acf_changed":false,"footnotes":""},"class_list":["post-43","page","type-page","status-publish","hentry"],"acf":[],"yoast_head":"<!-- This site is optimized with the Yoast SEO plugin v24.9 - https:\/\/yoast.com\/wordpress\/plugins\/seo\/ -->\n<title>Impressum f\u00fcr die Seite www.patientenbeteiligung.de\/berlin<\/title>\n<meta name=\"robots\" content=\"index, follow, max-snippet:-1, max-image-preview:large, max-video-preview:-1\" \/>\n<link rel=\"canonical\" href=\"https:\/\/www.patientenbeteiligung.de\/berlin\/impressum\/\" \/>\n<meta property=\"og:locale\" content=\"de_DE\" \/>\n<meta property=\"og:type\" content=\"article\" \/>\n<meta property=\"og:title\" content=\"Impressum f\u00fcr die Seite www.patientenbeteiligung.de\/berlin\" \/>\n<meta property=\"og:description\" content=\"Angaben gem\u00e4\u00df \u00a7 5 TMG Koordinierung Patientenvertretung BerlinLandesvereinigung Selbsthilfe Berlin e.V.Littenstra\u00dfe 10810179 Berlin Vertreten durch1. Vorsitzende: Sonja ArensStellvertretender Vorsitzender: Daniel Fischer KontaktTelefon 030 27 59 25 25Fax 030 27 59 25 26kontakt@patientenvertretung-berlin.de Verantwortlich f\u00fcr den InhaltSonja Arens Rechtliche Hinweise HaftungsausschlussInhalte: Die Inhalte unserer Seiten wurden mit gr\u00f6\u00dfter Sorgfalt erstellt. F\u00fcr [&hellip;]\" \/>\n<meta property=\"og:url\" content=\"https:\/\/www.patientenbeteiligung.de\/berlin\/impressum\/\" \/>\n<meta property=\"og:site_name\" content=\"Berlin\" \/>\n<meta property=\"article:modified_time\" content=\"2025-05-19T08:18:07+00:00\" \/>\n<meta name=\"twitter:card\" content=\"summary_large_image\" \/>\n<meta name=\"twitter:label1\" content=\"Gesch\u00e4tzte Lesezeit\" \/>\n\t<meta name=\"twitter:data1\" content=\"2\u00a0Minuten\" \/>\n<script type=\"application\/ld+json\" class=\"yoast-schema-graph\">{\"@context\":\"https:\/\/schema.org\",\"@graph\":[{\"@type\":\"WebPage\",\"@id\":\"https:\/\/www.patientenbeteiligung.de\/berlin\/impressum\/\",\"url\":\"https:\/\/www.patientenbeteiligung.de\/berlin\/impressum\/\",\"name\":\"Impressum f\u00fcr die Seite www.patientenbeteiligung.de\/berlin\",\"isPartOf\":{\"@id\":\"https:\/\/www.patientenbeteiligung.de\/berlin\/#website\"},\"datePublished\":\"2021-01-26T14:33:41+00:00\",\"dateModified\":\"2025-05-19T08:18:07+00:00\",\"breadcrumb\":{\"@id\":\"https:\/\/www.patientenbeteiligung.de\/berlin\/impressum\/#breadcrumb\"},\"inLanguage\":\"de\",\"potentialAction\":[{\"@type\":\"ReadAction\",\"target\":[\"https:\/\/www.patientenbeteiligung.de\/berlin\/impressum\/\"]}]},{\"@type\":\"BreadcrumbList\",\"@id\":\"https:\/\/www.patientenbeteiligung.de\/berlin\/impressum\/#breadcrumb\",\"itemListElement\":[{\"@type\":\"ListItem\",\"position\":1,\"name\":\"Startseite\",\"item\":\"https:\/\/www.patientenbeteiligung.de\/berlin\/\"},{\"@type\":\"ListItem\",\"position\":2,\"name\":\"Impressum f\u00fcr die Seite www.patientenbeteiligung.de\/berlin\"}]},{\"@type\":\"WebSite\",\"@id\":\"https:\/\/www.patientenbeteiligung.de\/berlin\/#website\",\"url\":\"https:\/\/www.patientenbeteiligung.de\/berlin\/\",\"name\":\"Berlin\",\"description\":\"Koordinierung und Vernetzung der Patientenvertretung in Berlin\",\"potentialAction\":[{\"@type\":\"SearchAction\",\"target\":{\"@type\":\"EntryPoint\",\"urlTemplate\":\"https:\/\/www.patientenbeteiligung.de\/berlin\/?s={search_term_string}\"},\"query-input\":{\"@type\":\"PropertyValueSpecification\",\"valueRequired\":true,\"valueName\":\"search_term_string\"}}],\"inLanguage\":\"de\"}]}<\/script>\n<!-- \/ Yoast SEO plugin. -->","yoast_head_json":{"title":"Impressum f\u00fcr die Seite www.patientenbeteiligung.de\/berlin","robots":{"index":"index","follow":"follow","max-snippet":"max-snippet:-1","max-image-preview":"max-image-preview:large","max-video-preview":"max-video-preview:-1"},"canonical":"https:\/\/www.patientenbeteiligung.de\/berlin\/impressum\/","og_locale":"de_DE","og_type":"article","og_title":"Impressum f\u00fcr die Seite www.patientenbeteiligung.de\/berlin","og_description":"Angaben gem\u00e4\u00df \u00a7 5 TMG Koordinierung Patientenvertretung BerlinLandesvereinigung Selbsthilfe Berlin e.V.Littenstra\u00dfe 10810179 Berlin Vertreten durch1. Vorsitzende: Sonja ArensStellvertretender Vorsitzender: Daniel Fischer KontaktTelefon 030 27 59 25 25Fax 030 27 59 25 26kontakt@patientenvertretung-berlin.de Verantwortlich f\u00fcr den InhaltSonja Arens Rechtliche Hinweise HaftungsausschlussInhalte: Die Inhalte unserer Seiten wurden mit gr\u00f6\u00dfter Sorgfalt erstellt. F\u00fcr [&hellip;]","og_url":"https:\/\/www.patientenbeteiligung.de\/berlin\/impressum\/","og_site_name":"Berlin","article_modified_time":"2025-05-19T08:18:07+00:00","twitter_card":"summary_large_image","twitter_misc":{"Gesch\u00e4tzte Lesezeit":"2\u00a0Minuten"},"schema":{"@context":"https:\/\/schema.org","@graph":[{"@type":"WebPage","@id":"https:\/\/www.patientenbeteiligung.de\/berlin\/impressum\/","url":"https:\/\/www.patientenbeteiligung.de\/berlin\/impressum\/","name":"Impressum f\u00fcr die Seite www.patientenbeteiligung.de\/berlin","isPartOf":{"@id":"https:\/\/www.patientenbeteiligung.de\/berlin\/#website"},"datePublished":"2021-01-26T14:33:41+00:00","dateModified":"2025-05-19T08:18:07+00:00","breadcrumb":{"@id":"https:\/\/www.patientenbeteiligung.de\/berlin\/impressum\/#breadcrumb"},"inLanguage":"de","potentialAction":[{"@type":"ReadAction","target":["https:\/\/www.patientenbeteiligung.de\/berlin\/impressum\/"]}]},{"@type":"BreadcrumbList","@id":"https:\/\/www.patientenbeteiligung.de\/berlin\/impressum\/#breadcrumb","itemListElement":[{"@type":"ListItem","position":1,"name":"Startseite","item":"https:\/\/www.patientenbeteiligung.de\/berlin\/"},{"@type":"ListItem","position":2,"name":"Impressum f\u00fcr die Seite www.patientenbeteiligung.de\/berlin"}]},{"@type":"WebSite","@id":"https:\/\/www.patientenbeteiligung.de\/berlin\/#website","url":"https:\/\/www.patientenbeteiligung.de\/berlin\/","name":"Berlin","description":"Koordinierung und Vernetzung der Patientenvertretung in Berlin","potentialAction":[{"@type":"SearchAction","target":{"@type":"EntryPoint","urlTemplate":"https:\/\/www.patientenbeteiligung.de\/berlin\/?s={search_term_string}"},"query-input":{"@type":"PropertyValueSpecification","valueRequired":true,"valueName":"search_term_string"}}],"inLanguage":"de"}]}},"_links":{"self":[{"href":"https:\/\/www.patientenbeteiligung.de\/berlin\/wp-json\/wp\/v2\/pages\/43","targetHints":{"allow":["GET"]}}],"collection":[{"href":"https:\/\/www.patientenbeteiligung.de\/berlin\/wp-json\/wp\/v2\/pages"}],"about":[{"href":"https:\/\/www.patientenbeteiligung.de\/berlin\/wp-json\/wp\/v2\/types\/page"}],"author":[{"embeddable":true,"href":"https:\/\/www.patientenbeteiligung.de\/berlin\/wp-json\/wp\/v2\/users\/1"}],"replies":[{"embeddable":true,"href":"https:\/\/www.patientenbeteiligung.de\/berlin\/wp-json\/wp\/v2\/comments?post=43"}],"version-history":[{"count":10,"href":"https:\/\/www.patientenbeteiligung.de\/berlin\/wp-json\/wp\/v2\/pages\/43\/revisions"}],"predecessor-version":[{"id":805,"href":"https:\/\/www.patientenbeteiligung.de\/berlin\/wp-json\/wp\/v2\/pages\/43\/revisions\/805"}],"wp:attachment":[{"href":"https:\/\/www.patientenbeteiligung.de\/berlin\/wp-json\/wp\/v2\/media?parent=43"}],"curies":[{"name":"wp","href":"https:\/\/api.w.org\/{rel}","templated":true}]}}