{"id":411,"date":"2023-08-08T12:01:54","date_gmt":"2023-08-08T10:01:54","guid":{"rendered":"https:\/\/www.patientenbeteiligung.de\/berlin\/?page_id=411"},"modified":"2024-10-02T09:47:18","modified_gmt":"2024-10-02T07:47:18","slug":"koordinierungsausschuss","status":"publish","type":"page","link":"https:\/\/www.patientenbeteiligung.de\/berlin\/ueber-uns\/koordinierungsausschuss\/","title":{"rendered":"KOORDINIERUNGSAUSSCHUSS"},"content":{"rendered":"\n<h1 class=\"wp-block-heading\">Koordinierungsausschuss Patientenbeteiligung Berlin<\/h1>\n\n\n\n<p>Im Koordinierungsausschuss Patientenbeteiligung entscheiden die ma\u00dfgeblichen Selbsthilfe- und Patientenorganisationen \u00fcber wesentliche Fragen der Beteiligung von Patientenvertreter:innen in Berlin.<\/p>\n\n\n\n<p><\/p>\n\n\n\n<h2 class=\"wp-block-heading\">Ma\u00dfgebliche Organisationen<\/h2>\n\n\n\n<p>In Deutschland sind vier ma\u00dfgebliche Selbsthilfe- und Patientenorganisationen f\u00fcr die Patientenbeteiligung anerkannt. Die ma\u00dfgeblichen Organisationen werden in der <a href=\"https:\/\/www.gesetze-im-internet.de\/patbeteiligungsv\/BJNR275300003.html\" target=\"_blank\" rel=\"noreferrer noopener\">Patientenbeteiligungsverordnung<\/a> genannt.<\/p>\n\n\n\n<p>Auf Landesebene sind entsprechend diese Organisationen anerkannt, die gemeinsam den Koordinierungsausschuss Patientenbeteiligung Berlin bilden:<\/p>\n\n\n\n<ul class=\"wp-block-list\">\n<li><a href=\"http:\/\/www.gesundheitsladen-bb.de\/\" target=\"_blank\" rel=\"noreferrer noopener\">Gesundheitsladen Berlin-Brandenburg e.V. \u2013 Mitglied im Dachverband BAGP<\/a><\/li>\n\n\n\n<li><a href=\"https:\/\/lv-selbsthilfe-berlin.de\/\" target=\"_blank\" rel=\"noreferrer noopener\">Landesvereinigung Selbsthilfe Berlin e.V.<\/a><\/li>\n\n\n\n<li><a href=\"https:\/\/netzwerk-behinderter-frauen-berlin.de\/\" target=\"_blank\" rel=\"noreferrer noopener\">Netzwerk behinderter Frauen Berlin e.V.<\/a><\/li>\n\n\n\n<li><a href=\"https:\/\/www.selko.de\/\" target=\"_blank\" rel=\"noreferrer noopener\"><\/a><a href=\"https:\/\/www.selko.de\/\" target=\"_blank\" rel=\"noreferrer noopener\">SELKO \u2013 Verein zur F\u00f6rderung von Selbsthilfe-Kontaktstellen e.V.<\/a><\/li>\n\n\n\n<li><a href=\"https:\/\/www.sovd-bbg.de\/\" target=\"_blank\" rel=\"noreferrer noopener\">Sozialverband Deutschland Landesverband Berlin-Brandenburg e.V. (SoVD)<\/a><\/li>\n\n\n\n<li><a href=\"https:\/\/www.vdk.de\/berlin-brandenburg\/\" target=\"_blank\" rel=\"noreferrer noopener\">Sozialverband VdK Berlin-Brandenburg e.V.<\/a><\/li>\n\n\n\n<li><a href=\"https:\/\/www.verbraucherzentrale-berlin.de\/\" target=\"_blank\" rel=\"noreferrer noopener\">Verbraucherzentrale Berlin e.V.<\/a><\/li>\n<\/ul>\n\n\n\n<h2 class=\"wp-block-heading\">Sprecherinnen<\/h2>\n\n\n\n<p>Der Koordinierungsausschuss hat zwei seiner Mitglieder als ehrenamtliche Sprecherinnen ernannt:<\/p>\n\n\n\n<ul class=\"wp-block-list\">\n<li>Sonja Arens | <a href=\"https:\/\/www.lv-selbsthilfe-berlin.de\/\" target=\"_blank\" rel=\"noreferrer noopener\">Landesvereinigung Selbsthilfe Berlin e.V.<\/a><\/li>\n\n\n\n<li>Karin St\u00f6tzner | <a href=\"https:\/\/www.selko.de\/\" target=\"_blank\" rel=\"noreferrer noopener\">SELKO \u2013 Verein zur F\u00f6rderung von Selbsthilfe-Kontaktstellen e.V.<\/a><\/li>\n<\/ul>\n\n\n\n<h2 class=\"wp-block-heading\">Aufgaben<\/h2>\n\n\n\n<p>Die Aufgaben und die Arbeitsweise des Koordinierungsausschusses sind in der Gesch\u00e4ftsordnung festgelegt. Zentrale Aufgaben sind:<\/p>\n\n\n\n<ul class=\"wp-block-list\">\n<li>Abstimmung von wesentlichen Fragen der Patientenvertretung<\/li>\n\n\n\n<li>Akkreditierung von Patientenvertreter:innen und Benennung f\u00fcr einzelne Gremien<\/li>\n\n\n\n<li>F\u00f6rderung des Austauschs und der Vernetzung der Berliner Patientenvertreter:innen<\/li>\n<\/ul>\n\n\n\n<p><\/p>\n\n\n\n<p>Die Sitzungen werden durch die <a href=\"https:\/\/www.patientenbeteiligung.de\/berlin\/ueber-uns\/koordinierungsstelle\/\">Koordinierungsstelle Patientenvertretung<\/a> organisiert.<\/p>\n\n\n\n<p><\/p>\n","protected":false},"excerpt":{"rendered":"<p>Koordinierungsausschuss Patientenbeteiligung Berlin Im Koordinierungsausschuss Patientenbeteiligung entscheiden die ma\u00dfgeblichen Selbsthilfe- und Patientenorganisationen \u00fcber wesentliche Fragen der Beteiligung von Patientenvertreter:innen in Berlin. Ma\u00dfgebliche Organisationen In Deutschland sind vier ma\u00dfgebliche Selbsthilfe- und Patientenorganisationen f\u00fcr die Patientenbeteiligung anerkannt. Die ma\u00dfgeblichen Organisationen werden in der Patientenbeteiligungsverordnung genannt. Auf Landesebene sind entsprechend diese Organisationen anerkannt, [&hellip;]<\/p>\n","protected":false},"author":12,"featured_media":0,"parent":510,"menu_order":12,"comment_status":"closed","ping_status":"closed","template":"","meta":{"_acf_changed":false,"footnotes":""},"class_list":["post-411","page","type-page","status-publish","hentry"],"acf":[],"yoast_head":"<!-- This site is optimized with the Yoast SEO plugin v24.9 - https:\/\/yoast.com\/wordpress\/plugins\/seo\/ -->\n<title>KOORDINIERUNGSAUSSCHUSS<\/title>\n<meta name=\"robots\" content=\"index, nofollow, max-snippet:-1, max-image-preview:large, max-video-preview:-1\" \/>\n<link rel=\"canonical\" href=\"https:\/\/www.patientenbeteiligung.de\/berlin\/ueber-uns\/koordinierungsausschuss\/\" \/>\n<meta property=\"og:locale\" content=\"de_DE\" \/>\n<meta property=\"og:type\" content=\"article\" \/>\n<meta property=\"og:title\" content=\"KOORDINIERUNGSAUSSCHUSS\" \/>\n<meta property=\"og:description\" content=\"Koordinierungsausschuss Patientenbeteiligung Berlin Im Koordinierungsausschuss Patientenbeteiligung entscheiden die ma\u00dfgeblichen Selbsthilfe- und Patientenorganisationen \u00fcber wesentliche Fragen der Beteiligung von Patientenvertreter:innen in Berlin. Ma\u00dfgebliche Organisationen In Deutschland sind vier ma\u00dfgebliche Selbsthilfe- und Patientenorganisationen f\u00fcr die Patientenbeteiligung anerkannt. Die ma\u00dfgeblichen Organisationen werden in der Patientenbeteiligungsverordnung genannt. Auf Landesebene sind entsprechend diese Organisationen anerkannt, [&hellip;]\" \/>\n<meta property=\"og:url\" content=\"https:\/\/www.patientenbeteiligung.de\/berlin\/ueber-uns\/koordinierungsausschuss\/\" \/>\n<meta property=\"og:site_name\" content=\"Berlin\" \/>\n<meta property=\"article:modified_time\" content=\"2024-10-02T07:47:18+00:00\" \/>\n<meta name=\"twitter:card\" content=\"summary_large_image\" \/>\n<meta name=\"twitter:label1\" content=\"Gesch\u00e4tzte Lesezeit\" \/>\n\t<meta name=\"twitter:data1\" content=\"1\u00a0Minute\" \/>\n<script type=\"application\/ld+json\" class=\"yoast-schema-graph\">{\"@context\":\"https:\/\/schema.org\",\"@graph\":[{\"@type\":\"WebPage\",\"@id\":\"https:\/\/www.patientenbeteiligung.de\/berlin\/ueber-uns\/koordinierungsausschuss\/\",\"url\":\"https:\/\/www.patientenbeteiligung.de\/berlin\/ueber-uns\/koordinierungsausschuss\/\",\"name\":\"KOORDINIERUNGSAUSSCHUSS\",\"isPartOf\":{\"@id\":\"https:\/\/www.patientenbeteiligung.de\/berlin\/#website\"},\"datePublished\":\"2023-08-08T10:01:54+00:00\",\"dateModified\":\"2024-10-02T07:47:18+00:00\",\"breadcrumb\":{\"@id\":\"https:\/\/www.patientenbeteiligung.de\/berlin\/ueber-uns\/koordinierungsausschuss\/#breadcrumb\"},\"inLanguage\":\"de\",\"potentialAction\":[{\"@type\":\"ReadAction\",\"target\":[\"https:\/\/www.patientenbeteiligung.de\/berlin\/ueber-uns\/koordinierungsausschuss\/\"]}]},{\"@type\":\"BreadcrumbList\",\"@id\":\"https:\/\/www.patientenbeteiligung.de\/berlin\/ueber-uns\/koordinierungsausschuss\/#breadcrumb\",\"itemListElement\":[{\"@type\":\"ListItem\",\"position\":1,\"name\":\"Startseite\",\"item\":\"https:\/\/www.patientenbeteiligung.de\/berlin\/\"},{\"@type\":\"ListItem\",\"position\":2,\"name\":\"\u00dcBER UNS\",\"item\":\"https:\/\/www.patientenbeteiligung.de\/berlin\/ueber-uns\/\"},{\"@type\":\"ListItem\",\"position\":3,\"name\":\"KOORDINIERUNGSAUSSCHUSS\"}]},{\"@type\":\"WebSite\",\"@id\":\"https:\/\/www.patientenbeteiligung.de\/berlin\/#website\",\"url\":\"https:\/\/www.patientenbeteiligung.de\/berlin\/\",\"name\":\"Berlin\",\"description\":\"Koordinierung und Vernetzung der Patientenvertretung in Berlin\",\"potentialAction\":[{\"@type\":\"SearchAction\",\"target\":{\"@type\":\"EntryPoint\",\"urlTemplate\":\"https:\/\/www.patientenbeteiligung.de\/berlin\/?s={search_term_string}\"},\"query-input\":{\"@type\":\"PropertyValueSpecification\",\"valueRequired\":true,\"valueName\":\"search_term_string\"}}],\"inLanguage\":\"de\"}]}<\/script>\n<!-- \/ Yoast SEO plugin. -->","yoast_head_json":{"title":"KOORDINIERUNGSAUSSCHUSS","robots":{"index":"index","follow":"nofollow","max-snippet":"max-snippet:-1","max-image-preview":"max-image-preview:large","max-video-preview":"max-video-preview:-1"},"canonical":"https:\/\/www.patientenbeteiligung.de\/berlin\/ueber-uns\/koordinierungsausschuss\/","og_locale":"de_DE","og_type":"article","og_title":"KOORDINIERUNGSAUSSCHUSS","og_description":"Koordinierungsausschuss Patientenbeteiligung Berlin Im Koordinierungsausschuss Patientenbeteiligung entscheiden die ma\u00dfgeblichen Selbsthilfe- und Patientenorganisationen \u00fcber wesentliche Fragen der Beteiligung von Patientenvertreter:innen in Berlin. Ma\u00dfgebliche Organisationen In Deutschland sind vier ma\u00dfgebliche Selbsthilfe- und Patientenorganisationen f\u00fcr die Patientenbeteiligung anerkannt. Die ma\u00dfgeblichen Organisationen werden in der Patientenbeteiligungsverordnung genannt. Auf Landesebene sind entsprechend diese Organisationen anerkannt, [&hellip;]","og_url":"https:\/\/www.patientenbeteiligung.de\/berlin\/ueber-uns\/koordinierungsausschuss\/","og_site_name":"Berlin","article_modified_time":"2024-10-02T07:47:18+00:00","twitter_card":"summary_large_image","twitter_misc":{"Gesch\u00e4tzte Lesezeit":"1\u00a0Minute"},"schema":{"@context":"https:\/\/schema.org","@graph":[{"@type":"WebPage","@id":"https:\/\/www.patientenbeteiligung.de\/berlin\/ueber-uns\/koordinierungsausschuss\/","url":"https:\/\/www.patientenbeteiligung.de\/berlin\/ueber-uns\/koordinierungsausschuss\/","name":"KOORDINIERUNGSAUSSCHUSS","isPartOf":{"@id":"https:\/\/www.patientenbeteiligung.de\/berlin\/#website"},"datePublished":"2023-08-08T10:01:54+00:00","dateModified":"2024-10-02T07:47:18+00:00","breadcrumb":{"@id":"https:\/\/www.patientenbeteiligung.de\/berlin\/ueber-uns\/koordinierungsausschuss\/#breadcrumb"},"inLanguage":"de","potentialAction":[{"@type":"ReadAction","target":["https:\/\/www.patientenbeteiligung.de\/berlin\/ueber-uns\/koordinierungsausschuss\/"]}]},{"@type":"BreadcrumbList","@id":"https:\/\/www.patientenbeteiligung.de\/berlin\/ueber-uns\/koordinierungsausschuss\/#breadcrumb","itemListElement":[{"@type":"ListItem","position":1,"name":"Startseite","item":"https:\/\/www.patientenbeteiligung.de\/berlin\/"},{"@type":"ListItem","position":2,"name":"\u00dcBER UNS","item":"https:\/\/www.patientenbeteiligung.de\/berlin\/ueber-uns\/"},{"@type":"ListItem","position":3,"name":"KOORDINIERUNGSAUSSCHUSS"}]},{"@type":"WebSite","@id":"https:\/\/www.patientenbeteiligung.de\/berlin\/#website","url":"https:\/\/www.patientenbeteiligung.de\/berlin\/","name":"Berlin","description":"Koordinierung und Vernetzung der Patientenvertretung in Berlin","potentialAction":[{"@type":"SearchAction","target":{"@type":"EntryPoint","urlTemplate":"https:\/\/www.patientenbeteiligung.de\/berlin\/?s={search_term_string}"},"query-input":{"@type":"PropertyValueSpecification","valueRequired":true,"valueName":"search_term_string"}}],"inLanguage":"de"}]}},"_links":{"self":[{"href":"https:\/\/www.patientenbeteiligung.de\/berlin\/wp-json\/wp\/v2\/pages\/411","targetHints":{"allow":["GET"]}}],"collection":[{"href":"https:\/\/www.patientenbeteiligung.de\/berlin\/wp-json\/wp\/v2\/pages"}],"about":[{"href":"https:\/\/www.patientenbeteiligung.de\/berlin\/wp-json\/wp\/v2\/types\/page"}],"author":[{"embeddable":true,"href":"https:\/\/www.patientenbeteiligung.de\/berlin\/wp-json\/wp\/v2\/users\/12"}],"replies":[{"embeddable":true,"href":"https:\/\/www.patientenbeteiligung.de\/berlin\/wp-json\/wp\/v2\/comments?post=411"}],"version-history":[{"count":23,"href":"https:\/\/www.patientenbeteiligung.de\/berlin\/wp-json\/wp\/v2\/pages\/411\/revisions"}],"predecessor-version":[{"id":709,"href":"https:\/\/www.patientenbeteiligung.de\/berlin\/wp-json\/wp\/v2\/pages\/411\/revisions\/709"}],"up":[{"embeddable":true,"href":"https:\/\/www.patientenbeteiligung.de\/berlin\/wp-json\/wp\/v2\/pages\/510"}],"wp:attachment":[{"href":"https:\/\/www.patientenbeteiligung.de\/berlin\/wp-json\/wp\/v2\/media?parent=411"}],"curies":[{"name":"wp","href":"https:\/\/api.w.org\/{rel}","templated":true}]}}