{"id":142,"date":"2021-11-05T10:18:31","date_gmt":"2021-11-05T09:18:31","guid":{"rendered":"https:\/\/www.patientenbeteiligung.de\/berlin\/?page_id=142"},"modified":"2024-10-02T09:27:25","modified_gmt":"2024-10-02T07:27:25","slug":"gremien","status":"publish","type":"page","link":"https:\/\/www.patientenbeteiligung.de\/berlin\/gremien\/","title":{"rendered":"GREMIEN"},"content":{"rendered":"\n<h2 class=\"wp-block-heading\">Gremien auf Landesebene <\/h2>\n\n\n\n<p>Im Land Berlin gibt es verschiedene Gremien mit Patientenbeteiligung. <\/p>\n\n\n\n<p>Die Beteiligungsrechte der Patientenvertretungen umfassen <\/p>\n\n\n\n<ul class=\"wp-block-list\">\n<li>ein Mitberatungsrecht <\/li>\n\n\n\n<li>und das Recht zur Anwesenheit bei der Beschlussfassung. <\/li>\n<\/ul>\n\n\n\n<p><\/p>\n\n\n\n<p>Ein Mitentscheidungsrecht ist gesetzlich nicht vorgesehen. <\/p>\n\n\n\n<div style=\"height:25px\" aria-hidden=\"true\" class=\"wp-block-spacer\"><\/div>\n\n\n\n<h3 class=\"wp-block-heading\">Landesausschuss nach <a href=\"https:\/\/www.gesetze-im-internet.de\/sgb_5\/__90.html#:~:text=%C2%A7%2090%20Landesaussch%C3%BCsse,Landesausschu%C3%9F%20der%20Zahn%C3%A4rzte%20und%20Krankenkassen.\" target=\"_blank\" rel=\"noreferrer noopener\">\u00a7 90 SGB V<\/a><\/h3>\n\n\n\n<blockquote class=\"wp-block-quote is-layout-flow wp-block-quote-is-layout-flow\">\n<p><em>Stichwort:<\/em>  <span style=\"color:#ff6900\" class=\"tadv-color\">Bedarfsplan des Landes<\/span><span style=\"color:#ff6900\" class=\"tadv-color\"><\/span><span style=\"color:#ff6900\" class=\"tadv-color\"> Berlin <\/span><\/p>\n<\/blockquote>\n\n\n\n<p>Die Kassen\u00e4rztlichen Vereinigungen Berlin und die Landesverb\u00e4nde der Krankenkassen sowie die Ersatzkassen bilden einen Landesausschuss der \u00c4rzte und Krankenkassen und einen Landesausschuss der Zahn\u00e4rzte und Krankenkassen. <\/p>\n\n\n\n<p>Zu den Aufgaben der Landesaussch\u00fcsse z\u00e4hlt insbesondere die Beratung und gegebenenfalls Entscheidung \u00fcber den Bedarfsplan des Landes, den die Kassen\u00e4rztliche Vereinigung im Einvernehmen mit den Landesverb\u00e4nden der Krankenkassen und den Ersatzkassen aufstellen.  <br><\/p>\n\n\n\n<div style=\"height:25px\" aria-hidden=\"true\" class=\"wp-block-spacer\"><\/div>\n\n\n\n<h3 class=\"wp-block-heading\">Erweiterter Landesausschuss nach <a href=\"https:\/\/www.gesetze-im-internet.de\/sgb_5\/__116b.html\" target=\"_blank\" rel=\"noreferrer noopener\">\u00a7 116b Abs. 3 SGB V<\/a><\/h3>\n\n\n\n<blockquote class=\"wp-block-quote is-layout-flow wp-block-quote-is-layout-flow\">\n<p><em>Stichwort:<\/em>  <span style=\"color:#ff6900\" class=\"tadv-color\">Ambulante spezialfach\u00e4rztliche Versorgung (ASV)<\/span><\/p>\n<\/blockquote>\n\n\n\n<p>Der erweiterte Landesausschuss verabschiedet die Vorgaben f\u00fcr das Antragsverfahren zur ambulanten spezialfach\u00e4rztlichen Versorgung (ASV).<\/p>\n\n\n\n<p>Im SGB V werden auch besondere Versorgungserfordernisse f\u00fcr spezifische Krankheiten oder schwerwiegende Verlaufsformen von Krankheiten geregelt und in <a href=\"https:\/\/www.g-ba.de\/themen\/asv\/\">Richtlinien des Gemeinsamen Bundesausschusses <\/a>(G-BA) detailliert beschrieben. <\/p>\n\n\n\n<p>Nach o.g. Paragraphen umfasst eine ASV die Diagnostik und Behandlung komplexer, schwer therapierbarer Krankheiten, die je nach Krankheit eine spezielle Qualifikation, eine interdisziplin\u00e4re Zusammenarbeit und besondere Ausstattungen erfordern. Dabei soll die qualifizierte ambulante Versorgung von Patient:innen mit schwerwiegenden Erkrankungen wie Multipler Sklerose, Tuberkulose oder speziellen Tumorerkrankungen organisiert und sichergestellt werden. <\/p>\n\n\n\n<p>Die Patientenvertreter:innen beraten \u00fcber die Zulassung der Antragstellenden mit.<\/p>\n\n\n\n<div style=\"height:10px\" aria-hidden=\"true\" class=\"wp-block-spacer\"><\/div>\n\n\n\n<h4 class=\"wp-block-heading\">Erledigungsausschuss des Erweiterten Landesausschusses nach <a href=\"\/www.gesetze-im-internet.de\/sgb_5\/__116b.html\" target=\"_blank\" rel=\"noreferrer noopener\">\u00a7 116 b Abs. 3 SGB V<\/a><\/h4>\n\n\n\n<p>Der Erledigungsausschuss des erweiterten Landesausschusses ist das eigentliche Arbeitsgremium, in dem die Antragsvorlagen erarbeitet werden, die dann dem erweiterten Landesausschuss zur Entscheidung vorgelegt werden.<\/p>\n\n\n\n<div style=\"height:25px\" aria-hidden=\"true\" class=\"wp-block-spacer\"><\/div>\n\n\n\n<p><\/p>\n\n\n\n<h3 class=\"wp-block-heading\">Zulassungs- &amp; Berufungsausschuss nach<a href=\"https:\/\/www.gesetze-im-internet.de\/sgb_5\/__96.html\" target=\"_blank\" rel=\"noreferrer noopener\"> \u00a7 96 SGB V<\/a><\/h3>\n\n\n\n<blockquote class=\"wp-block-quote is-layout-flow wp-block-quote-is-layout-flow\">\n<p><em>Stichwort:<\/em>  <span style=\"color:#ff6900\" class=\"tadv-color\">Zulassungen von \u00c4rzt:innen und Psychotherapeut:innen<\/span><span style=\"color:#ff6900\" class=\"tadv-color\"><\/span><span style=\"color:#ff6900\" class=\"tadv-color\"><\/span><\/p>\n<\/blockquote>\n\n\n\n<p>In den Zulassungs- und Berufungsaussch\u00fcssen nehmen die Patientenvertreter:innen an den Sitzungen zur Zulassung als Sonderbedarf oder Erm\u00e4chtigung f\u00fcr \u00c4rzt:innen und Psychotherapeut:innen teil. <\/p>\n\n\n\n<p>Auch f\u00fcr die Abkl\u00e4rung, ob eine Praxis versorgungsrelevant ist und nachbesetzt werden darf, haben die Patientenvertretungen beratende Funktion neben Vertreter:innen der Kassen, der \u00c4rzte und der Kassen\u00e4rztlichen Vereinigung Berlin. <\/p>\n\n\n\n<div style=\"height:25px\" aria-hidden=\"true\" class=\"wp-block-spacer\"><\/div>\n\n\n\n<h3 class=\"wp-block-heading\">Gemeinsames Landesgremium f\u00fcr Berlin nach <a href=\"https:\/\/www.gesetze-im-internet.de\/sgb_5\/__90a.html\" target=\"_blank\" rel=\"noreferrer noopener\">\u00a7 90a SGB V<\/a><\/h3>\n\n\n\n<blockquote class=\"wp-block-quote is-layout-flow wp-block-quote-is-layout-flow\">\n<p><em>Stichwort:<\/em> <span style=\"color:#ff6900\" class=\"tadv-color\">Verbesserung der medizinischen Versorgung der Bev\u00f6lkerung<\/span> <\/p>\n<\/blockquote>\n\n\n\n<p>Ziel und Aufgabe des <a href=\"https:\/\/www.berlin.de\/sen\/gesundheit\/themen\/ambulante-versorgung\/landesgremium\/\" target=\"_blank\" rel=\"noreferrer noopener\">gemeinsamen Landesgremiums<\/a> ist es, Abstimmungsprozesse zur Verbesserung der medizinischen Versorgung der Bev\u00f6lkerung konstruktiv zu begleiten und zu beeinflussen. <\/p>\n\n\n\n<p>Zu diesem Zweck kann das Landesgremium unter anderem Stellungnahmen zur Aufstellung und Anpassung der Bedarfspl\u00e4ne f\u00fcr die medizinische Versorgung der Bev\u00f6lkerung abgeben sowie zu Entscheidungen des Landesausschusses der \u00c4rzte und Krankenkassen Stellung beziehen, die sich mit einer \u00dcber- oder Unterversorgung besch\u00e4ftigen. <\/p>\n\n\n\n<p>Vorsitzende des gemeinsamen Landesgremiums ist Dr. Ina Czyborra, Senatorin f\u00fcr Wissenschaft, Gesundheit und Pflege.<br><\/p>\n\n\n\n<p>Das gemeinsame Landesgremium hat Arbeitsgruppen zu verschieden Themen wie zum Beispiel Barrierefreiheit im Berliner Gesundheitswesen eingerichtet. <\/p>\n\n\n\n<figure class=\"wp-block-image size-large\"><img loading=\"lazy\" decoding=\"async\" width=\"1024\" height=\"719\" src=\"http:\/\/www.patientenbeteiligung.de\/berlin\/wp-content\/uploads\/sites\/7\/2022\/12\/Diskussion-1024x719.jpg\" alt=\"\" class=\"wp-image-248\" srcset=\"https:\/\/www.patientenbeteiligung.de\/berlin\/wp-content\/uploads\/sites\/7\/2022\/12\/Diskussion-1024x719.jpg 1024w, https:\/\/www.patientenbeteiligung.de\/berlin\/wp-content\/uploads\/sites\/7\/2022\/12\/Diskussion-300x211.jpg 300w, https:\/\/www.patientenbeteiligung.de\/berlin\/wp-content\/uploads\/sites\/7\/2022\/12\/Diskussion-768x539.jpg 768w, https:\/\/www.patientenbeteiligung.de\/berlin\/wp-content\/uploads\/sites\/7\/2022\/12\/Diskussion-1536x1079.jpg 1536w, https:\/\/www.patientenbeteiligung.de\/berlin\/wp-content\/uploads\/sites\/7\/2022\/12\/Diskussion-2048x1439.jpg 2048w, https:\/\/www.patientenbeteiligung.de\/berlin\/wp-content\/uploads\/sites\/7\/2022\/12\/Diskussion-1320x927.jpg 1320w\" sizes=\"auto, (max-width: 1024px) 100vw, 1024px\" \/><figcaption class=\"wp-element-caption\">Illustration: <a href=\"https:\/\/ka-schmitz.de\/\" target=\"_blank\" rel=\"noreferrer noopener\">Ka Schmitz<\/a><\/figcaption><\/figure>\n\n\n\n<div style=\"height:100px\" aria-hidden=\"true\" class=\"wp-block-spacer\"><\/div>\n","protected":false},"excerpt":{"rendered":"<p>Gremien auf Landesebene Im Land Berlin gibt es verschiedene Gremien mit Patientenbeteiligung. Die Beteiligungsrechte der Patientenvertretungen umfassen Ein Mitentscheidungsrecht ist gesetzlich nicht vorgesehen. Landesausschuss nach \u00a7 90 SGB V Stichwort: Bedarfsplan des Landes Berlin Die Kassen\u00e4rztlichen Vereinigungen Berlin und die Landesverb\u00e4nde der Krankenkassen sowie die Ersatzkassen bilden einen Landesausschuss der [&hellip;]<\/p>\n","protected":false},"author":12,"featured_media":0,"parent":0,"menu_order":30,"comment_status":"closed","ping_status":"closed","template":"","meta":{"_acf_changed":false,"footnotes":""},"class_list":["post-142","page","type-page","status-publish","hentry"],"acf":[],"yoast_head":"<!-- This site is optimized with the Yoast SEO plugin v24.9 - https:\/\/yoast.com\/wordpress\/plugins\/seo\/ -->\n<title>GREMIEN<\/title>\n<meta name=\"robots\" content=\"index, follow, max-snippet:-1, max-image-preview:large, max-video-preview:-1\" \/>\n<link rel=\"canonical\" href=\"https:\/\/www.patientenbeteiligung.de\/berlin\/gremien\/\" \/>\n<meta property=\"og:locale\" content=\"de_DE\" \/>\n<meta property=\"og:type\" content=\"article\" \/>\n<meta property=\"og:title\" content=\"GREMIEN\" \/>\n<meta property=\"og:description\" content=\"Gremien auf Landesebene Im Land Berlin gibt es verschiedene Gremien mit Patientenbeteiligung. Die Beteiligungsrechte der Patientenvertretungen umfassen Ein Mitentscheidungsrecht ist gesetzlich nicht vorgesehen. Landesausschuss nach \u00a7 90 SGB V Stichwort: Bedarfsplan des Landes Berlin Die Kassen\u00e4rztlichen Vereinigungen Berlin und die Landesverb\u00e4nde der Krankenkassen sowie die Ersatzkassen bilden einen Landesausschuss der [&hellip;]\" \/>\n<meta property=\"og:url\" content=\"https:\/\/www.patientenbeteiligung.de\/berlin\/gremien\/\" \/>\n<meta property=\"og:site_name\" content=\"Berlin\" \/>\n<meta property=\"article:modified_time\" content=\"2024-10-02T07:27:25+00:00\" \/>\n<meta property=\"og:image\" content=\"http:\/\/www.patientenbeteiligung.de\/berlin\/wp-content\/uploads\/sites\/7\/2022\/12\/Diskussion-1024x719.jpg\" \/>\n<meta name=\"twitter:card\" content=\"summary_large_image\" \/>\n<meta name=\"twitter:label1\" content=\"Gesch\u00e4tzte Lesezeit\" \/>\n\t<meta name=\"twitter:data1\" content=\"3\u00a0Minuten\" \/>\n<script type=\"application\/ld+json\" class=\"yoast-schema-graph\">{\"@context\":\"https:\/\/schema.org\",\"@graph\":[{\"@type\":\"WebPage\",\"@id\":\"https:\/\/www.patientenbeteiligung.de\/berlin\/gremien\/\",\"url\":\"https:\/\/www.patientenbeteiligung.de\/berlin\/gremien\/\",\"name\":\"GREMIEN\",\"isPartOf\":{\"@id\":\"https:\/\/www.patientenbeteiligung.de\/berlin\/#website\"},\"primaryImageOfPage\":{\"@id\":\"https:\/\/www.patientenbeteiligung.de\/berlin\/gremien\/#primaryimage\"},\"image\":{\"@id\":\"https:\/\/www.patientenbeteiligung.de\/berlin\/gremien\/#primaryimage\"},\"thumbnailUrl\":\"http:\/\/www.patientenbeteiligung.de\/berlin\/wp-content\/uploads\/sites\/7\/2022\/12\/Diskussion-1024x719.jpg\",\"datePublished\":\"2021-11-05T09:18:31+00:00\",\"dateModified\":\"2024-10-02T07:27:25+00:00\",\"breadcrumb\":{\"@id\":\"https:\/\/www.patientenbeteiligung.de\/berlin\/gremien\/#breadcrumb\"},\"inLanguage\":\"de\",\"potentialAction\":[{\"@type\":\"ReadAction\",\"target\":[\"https:\/\/www.patientenbeteiligung.de\/berlin\/gremien\/\"]}]},{\"@type\":\"ImageObject\",\"inLanguage\":\"de\",\"@id\":\"https:\/\/www.patientenbeteiligung.de\/berlin\/gremien\/#primaryimage\",\"url\":\"http:\/\/www.patientenbeteiligung.de\/berlin\/wp-content\/uploads\/sites\/7\/2022\/12\/Diskussion-1024x719.jpg\",\"contentUrl\":\"http:\/\/www.patientenbeteiligung.de\/berlin\/wp-content\/uploads\/sites\/7\/2022\/12\/Diskussion-1024x719.jpg\"},{\"@type\":\"BreadcrumbList\",\"@id\":\"https:\/\/www.patientenbeteiligung.de\/berlin\/gremien\/#breadcrumb\",\"itemListElement\":[{\"@type\":\"ListItem\",\"position\":1,\"name\":\"Startseite\",\"item\":\"https:\/\/www.patientenbeteiligung.de\/berlin\/\"},{\"@type\":\"ListItem\",\"position\":2,\"name\":\"GREMIEN\"}]},{\"@type\":\"WebSite\",\"@id\":\"https:\/\/www.patientenbeteiligung.de\/berlin\/#website\",\"url\":\"https:\/\/www.patientenbeteiligung.de\/berlin\/\",\"name\":\"Berlin\",\"description\":\"Koordinierung und Vernetzung der Patientenvertretung in Berlin\",\"potentialAction\":[{\"@type\":\"SearchAction\",\"target\":{\"@type\":\"EntryPoint\",\"urlTemplate\":\"https:\/\/www.patientenbeteiligung.de\/berlin\/?s={search_term_string}\"},\"query-input\":{\"@type\":\"PropertyValueSpecification\",\"valueRequired\":true,\"valueName\":\"search_term_string\"}}],\"inLanguage\":\"de\"}]}<\/script>\n<!-- \/ Yoast SEO plugin. -->","yoast_head_json":{"title":"GREMIEN","robots":{"index":"index","follow":"follow","max-snippet":"max-snippet:-1","max-image-preview":"max-image-preview:large","max-video-preview":"max-video-preview:-1"},"canonical":"https:\/\/www.patientenbeteiligung.de\/berlin\/gremien\/","og_locale":"de_DE","og_type":"article","og_title":"GREMIEN","og_description":"Gremien auf Landesebene Im Land Berlin gibt es verschiedene Gremien mit Patientenbeteiligung. Die Beteiligungsrechte der Patientenvertretungen umfassen Ein Mitentscheidungsrecht ist gesetzlich nicht vorgesehen. Landesausschuss nach \u00a7 90 SGB V Stichwort: Bedarfsplan des Landes Berlin Die Kassen\u00e4rztlichen Vereinigungen Berlin und die Landesverb\u00e4nde der Krankenkassen sowie die Ersatzkassen bilden einen Landesausschuss der [&hellip;]","og_url":"https:\/\/www.patientenbeteiligung.de\/berlin\/gremien\/","og_site_name":"Berlin","article_modified_time":"2024-10-02T07:27:25+00:00","og_image":[{"url":"http:\/\/www.patientenbeteiligung.de\/berlin\/wp-content\/uploads\/sites\/7\/2022\/12\/Diskussion-1024x719.jpg","type":"","width":"","height":""}],"twitter_card":"summary_large_image","twitter_misc":{"Gesch\u00e4tzte Lesezeit":"3\u00a0Minuten"},"schema":{"@context":"https:\/\/schema.org","@graph":[{"@type":"WebPage","@id":"https:\/\/www.patientenbeteiligung.de\/berlin\/gremien\/","url":"https:\/\/www.patientenbeteiligung.de\/berlin\/gremien\/","name":"GREMIEN","isPartOf":{"@id":"https:\/\/www.patientenbeteiligung.de\/berlin\/#website"},"primaryImageOfPage":{"@id":"https:\/\/www.patientenbeteiligung.de\/berlin\/gremien\/#primaryimage"},"image":{"@id":"https:\/\/www.patientenbeteiligung.de\/berlin\/gremien\/#primaryimage"},"thumbnailUrl":"http:\/\/www.patientenbeteiligung.de\/berlin\/wp-content\/uploads\/sites\/7\/2022\/12\/Diskussion-1024x719.jpg","datePublished":"2021-11-05T09:18:31+00:00","dateModified":"2024-10-02T07:27:25+00:00","breadcrumb":{"@id":"https:\/\/www.patientenbeteiligung.de\/berlin\/gremien\/#breadcrumb"},"inLanguage":"de","potentialAction":[{"@type":"ReadAction","target":["https:\/\/www.patientenbeteiligung.de\/berlin\/gremien\/"]}]},{"@type":"ImageObject","inLanguage":"de","@id":"https:\/\/www.patientenbeteiligung.de\/berlin\/gremien\/#primaryimage","url":"http:\/\/www.patientenbeteiligung.de\/berlin\/wp-content\/uploads\/sites\/7\/2022\/12\/Diskussion-1024x719.jpg","contentUrl":"http:\/\/www.patientenbeteiligung.de\/berlin\/wp-content\/uploads\/sites\/7\/2022\/12\/Diskussion-1024x719.jpg"},{"@type":"BreadcrumbList","@id":"https:\/\/www.patientenbeteiligung.de\/berlin\/gremien\/#breadcrumb","itemListElement":[{"@type":"ListItem","position":1,"name":"Startseite","item":"https:\/\/www.patientenbeteiligung.de\/berlin\/"},{"@type":"ListItem","position":2,"name":"GREMIEN"}]},{"@type":"WebSite","@id":"https:\/\/www.patientenbeteiligung.de\/berlin\/#website","url":"https:\/\/www.patientenbeteiligung.de\/berlin\/","name":"Berlin","description":"Koordinierung und Vernetzung der Patientenvertretung in Berlin","potentialAction":[{"@type":"SearchAction","target":{"@type":"EntryPoint","urlTemplate":"https:\/\/www.patientenbeteiligung.de\/berlin\/?s={search_term_string}"},"query-input":{"@type":"PropertyValueSpecification","valueRequired":true,"valueName":"search_term_string"}}],"inLanguage":"de"}]}},"_links":{"self":[{"href":"https:\/\/www.patientenbeteiligung.de\/berlin\/wp-json\/wp\/v2\/pages\/142","targetHints":{"allow":["GET"]}}],"collection":[{"href":"https:\/\/www.patientenbeteiligung.de\/berlin\/wp-json\/wp\/v2\/pages"}],"about":[{"href":"https:\/\/www.patientenbeteiligung.de\/berlin\/wp-json\/wp\/v2\/types\/page"}],"author":[{"embeddable":true,"href":"https:\/\/www.patientenbeteiligung.de\/berlin\/wp-json\/wp\/v2\/users\/12"}],"replies":[{"embeddable":true,"href":"https:\/\/www.patientenbeteiligung.de\/berlin\/wp-json\/wp\/v2\/comments?post=142"}],"version-history":[{"count":19,"href":"https:\/\/www.patientenbeteiligung.de\/berlin\/wp-json\/wp\/v2\/pages\/142\/revisions"}],"predecessor-version":[{"id":468,"href":"https:\/\/www.patientenbeteiligung.de\/berlin\/wp-json\/wp\/v2\/pages\/142\/revisions\/468"}],"wp:attachment":[{"href":"https:\/\/www.patientenbeteiligung.de\/berlin\/wp-json\/wp\/v2\/media?parent=142"}],"curies":[{"name":"wp","href":"https:\/\/api.w.org\/{rel}","templated":true}]}}